{"id":252933,"date":"2018-07-09T09:39:20","date_gmt":"2018-07-09T07:39:20","guid":{"rendered":"https:\/\/www.noel.pl\/the-cost-of-buffer-tanks\/"},"modified":"2024-03-14T08:29:08","modified_gmt":"2024-03-14T07:29:08","slug":"the-cost-of-buffer-tanks","status":"publish","type":"page","link":"https:\/\/www.noel.pl\/en\/the-cost-of-buffer-tanks\/","title":{"rendered":"The cost of buffer tanks"},"content":{"rendered":"<p>[et_pb_section fb_built=&#8221;1&#8243; admin_label=&#8221;Hero&#8221; _builder_version=&#8221;4.19.4&#8243; background_color=&#8221;#F7F7F7&#8243; background_image=&#8221;https:\/\/www.noel.pl\/wp-content\/uploads\/2023\/05\/glowny_banner_11-1400&#215;600-1-1.jpg&#8221; custom_margin=&#8221;||60px||false|false&#8221; custom_padding=&#8221;0px|0px|0px|0px|false|false&#8221; background_last_edited=&#8221;on|tablet&#8221; background_enable_image_tablet=&#8221;off&#8221; da_disable_devices=&#8221;off|off|off&#8221; locked=&#8221;off&#8221; global_colors_info=&#8221;{}&#8221; da_is_popup=&#8221;off&#8221; da_exit_intent=&#8221;off&#8221; da_has_close=&#8221;on&#8221; da_alt_close=&#8221;off&#8221; da_dark_close=&#8221;off&#8221; da_not_modal=&#8221;on&#8221; da_is_singular=&#8221;off&#8221; da_with_loader=&#8221;off&#8221; da_has_shadow=&#8221;on&#8221;][et_pb_row column_structure=&#8221;1_2,1_2&#8243; use_custom_gutter=&#8221;on&#8221; gutter_width=&#8221;1&#8243; make_equal=&#8221;on&#8221; padding_top_bottom_link_1=&#8221;true&#8221; padding_top_bottom_link_2=&#8221;true&#8221; padding_left_right_link_1=&#8221;true&#8221; padding_left_right_link_2=&#8221;true&#8221; background_color_gradient_type_1=&#8221;circular&#8221; _builder_version=&#8221;4.19.4&#8243; width=&#8221;100%&#8221; max_width=&#8221;100%&#8221; custom_margin=&#8221;||||false|false&#8221; custom_padding=&#8221;0px||0px||false|false&#8221; use_custom_width=&#8221;on&#8221; width_unit=&#8221;off&#8221; custom_width_percent=&#8221;100%&#8221; global_colors_info=&#8221;{}&#8221;][et_pb_column type=&#8221;1_2&#8243; _builder_version=&#8221;4.19.4&#8243; custom_padding=&#8221;120px|44px|120px|44px|false|false&#8221; custom_padding_tablet=&#8221;60px|6%|90px|6%|false|true&#8221; custom_padding_phone=&#8221;|10%||10%||true&#8221; custom_padding_last_edited=&#8221;on|desktop&#8221; global_colors_info=&#8221;{}&#8221; padding_tablet=&#8221;|10%||10%||true&#8221; padding_last_edited=&#8221;on|desktop&#8221; custom_padding__hover=&#8221;|||&#8221; padding_phone=&#8221;|10%||10%||true&#8221;][et_pb_text _builder_version=&#8221;4.19.4&#8243; text_font=&#8221;||||||||&#8221; header_font=&#8221;Montserrat|800|||||||&#8221; header_text_color=&#8221;#333333&#8243; header_font_size=&#8221;47px&#8221; header_line_height=&#8221;1.5em&#8221; background_layout=&#8221;dark&#8221; max_width=&#8221;600px&#8221; custom_margin=&#8221;||0px|&#8221; custom_padding=&#8221;|||16%|false|false&#8221; custom_padding_tablet=&#8221;|||0%|false|false&#8221; custom_padding_phone=&#8221;|||0%|false|false&#8221; custom_padding_last_edited=&#8221;on|desktop&#8221; text_font_size_tablet=&#8221;14px&#8221; text_font_size_last_edited=&#8221;off|desktop&#8221; header_font_size_tablet=&#8221;44px&#8221; header_font_size_phone=&#8221;32px&#8221; header_font_size_last_edited=&#8221;on|phone&#8221; global_colors_info=&#8221;{}&#8221;]<\/p>\n<h1><span style=\"color: #d54508;\">NOEL<\/span> Tank Cost<\/h1>\n<p>[\/et_pb_text][et_pb_text _builder_version=&#8221;4.19.4&#8243; text_font=&#8221;||||||||&#8221; text_text_color=&#8221;#333333&#8243; text_font_size=&#8221;16px&#8221; text_line_height=&#8221;1.9em&#8221; header_font=&#8221;||||||||&#8221; background_layout=&#8221;dark&#8221; max_width=&#8221;800px&#8221; custom_margin=&#8221;|||&#8221; custom_padding=&#8221;20px||20px|16%|true|false&#8221; custom_padding_tablet=&#8221;20px||0px|0%|false|false&#8221; custom_padding_phone=&#8221;20px||0px|0%|false|false&#8221; custom_padding_last_edited=&#8221;on|desktop&#8221; text_font_size_tablet=&#8221;18px&#8221; text_font_size_phone=&#8221;&#8221; text_font_size_last_edited=&#8221;on|phone&#8221; global_colors_info=&#8221;{}&#8221;]The Noel tank, unlike traditional storage tanks, does not require additional components such as a plate heat exchanger, pump, cathode, or anode. You don&#8217;t need to prepare for any costs beyond the basic price of the tank. The device&#8217;s proper operation does not change with its use, so you also save on maintenance.[\/et_pb_text][\/et_pb_column][et_pb_column type=&#8221;1_2&#8243; _builder_version=&#8221;4.19.4&#8243; background_color_gradient_start=&#8221;rgba(40,40,40,0.79)&#8221; background_color_gradient_end=&#8221;rgba(40,40,40,0.86)&#8221; background_image=&#8221;https:\/\/www.noel.pl\/wp-content\/uploads\/2018\/11\/oszczedzanie-3-1.jpg&#8221; custom_padding_tablet=&#8221;0px|0px|0px|0px|true|true&#8221; custom_padding_phone=&#8221;0px|0px|0px|0px|true|true&#8221; custom_padding_last_edited=&#8221;on|desktop&#8221; background_last_edited=&#8221;on|desktop&#8221; background_enable_image_tablet=&#8221;off&#8221; global_colors_info=&#8221;{}&#8221; padding_tablet=&#8221;10vw|10%|10vw|10%|true|true&#8221; padding_last_edited=&#8221;on|desktop&#8221; custom_padding__hover=&#8221;|||&#8221; padding_phone=&#8221;10vw|10%|10vw|10%|true|true&#8221;][et_pb_image title_text=&#8221;oszczedzanie 3&#8243; align=&#8221;center&#8221; force_fullwidth=&#8221;on&#8221; src_tablet=&#8221;https:\/\/www.noel.pl\/wp-content\/uploads\/2018\/11\/oszczedzanie-3-1.jpg&#8221; src_phone=&#8221;https:\/\/www.noel.pl\/wp-content\/uploads\/2018\/11\/oszczedzanie-3-1.jpg&#8221; src_last_edited=&#8221;on|phone&#8221; disabled_on=&#8221;off|off|on&#8221; _builder_version=&#8221;4.19.4&#8243; _module_preset=&#8221;default&#8221; global_colors_info=&#8221;{}&#8221;][\/et_pb_image][\/et_pb_column][\/et_pb_row][\/et_pb_section][et_pb_section fb_built=&#8221;1&#8243; _builder_version=&#8221;4.21.0&#8243; _module_preset=&#8221;default&#8221; custom_margin=&#8221;||||false|false&#8221; custom_padding=&#8221;||||false|false&#8221; da_disable_devices=&#8221;off|off|off&#8221; global_colors_info=&#8221;{}&#8221; da_is_popup=&#8221;off&#8221; da_exit_intent=&#8221;off&#8221; da_has_close=&#8221;on&#8221; da_alt_close=&#8221;off&#8221; da_dark_close=&#8221;off&#8221; da_not_modal=&#8221;on&#8221; da_is_singular=&#8221;off&#8221; da_with_loader=&#8221;off&#8221; da_has_shadow=&#8221;on&#8221;][et_pb_row _builder_version=&#8221;4.18.0&#8243; _module_preset=&#8221;default&#8221; width=&#8221;92%&#8221; global_colors_info=&#8221;{}&#8221;][et_pb_column type=&#8221;4_4&#8243; _builder_version=&#8221;4.18.0&#8243; _module_preset=&#8221;default&#8221; global_colors_info=&#8221;{}&#8221;][et_pb_text _builder_version=&#8221;4.19.4&#8243; _module_preset=&#8221;default&#8221; header_2_font=&#8221;|800|||||||&#8221; header_2_font_size=&#8221;30px&#8221; header_2_line_height=&#8221;1.4em&#8221; custom_margin=&#8221;||18px||false|false&#8221; global_colors_info=&#8221;{}&#8221;]<\/p>\n<h2><span style=\"color: #d54508;\">High Quality<\/span> and 10-Year Warranty<\/h2>\n<p>[\/et_pb_text][et_pb_text _builder_version=&#8221;4.19.4&#8243; _module_preset=&#8221;default&#8221; global_colors_info=&#8221;{}&#8221;]Each tank is individually tailored to the type of installation, the type and number of heating devices, and the needs of its users. Therefore, the price varies depending on factors such as the number of coils, tank capacity, and power. What contributes to the price of a Noel tank? Among other things, the guarantee that it will operate flawlessly for at least 10 years, with unchanged power. You will be able to forget about maintaining the device or regular inspections of its condition, as well as component replacement.[\/et_pb_text][et_pb_text _builder_version=&#8221;4.19.4&#8243; _module_preset=&#8221;default&#8221; header_2_font=&#8221;|800|||||||&#8221; header_2_font_size=&#8221;28px&#8221; header_2_line_height=&#8221;1.3em&#8221; text_orientation=&#8221;center&#8221; custom_margin=&#8221;||0px||false|false&#8221; custom_padding=&#8221;10px||8px||false|false&#8221; global_colors_info=&#8221;{}&#8221;]<\/p>\n<h2>See How Much You&#8217;ll Gain by Choosing a Noel Tank Instead of a Standard Water Tank of the Same Capacity.<\/h2>\n<p>[\/et_pb_text][difl_datatable responsive_mode=&#8221;off&#8221; make_row_cell_equal_border=&#8221;on&#8221; head_background_bgcolor=&#8221;#d64000&#8243; row_even_background_bgcolor=&#8221;rgba(214,214,214,0.21)&#8221; row_first_column_background_color_gradient_1=&#8221;#D54508&#8243; row_first_column_background_color_gradient_2=&#8221;#D12908&#8243; row_first_column_background_gradient_direction=&#8221;115deg&#8221; footer_background_bgcolor=&#8221;#d64000&#8243; icon_color=&#8221;#D54508&#8243; icon_size=&#8221;20px&#8221; exclude_head_foot_last_col=&#8221;on&#8221; head_cell_padding=&#8221;16px||16px||true|false&#8221; body_cell_padding=&#8221;18px||18px||true|false&#8221; image_margin=&#8221;|23px|||false|false&#8221; icon_margin=&#8221;|9px|||false|false&#8221; icon_size_tablet=&#8221;18px&#8221; icon_size_phone=&#8221;18px&#8221; icon_size_last_edited=&#8221;off|desktop&#8221; head_cell_padding_tablet=&#8221;16px||16px||true|false&#8221; head_cell_padding_phone=&#8221;12px||12px||true|false&#8221; head_cell_padding_last_edited=&#8221;on|phone&#8221; body_cell_padding_tablet=&#8221;20px|12px|20px|12px|true|false&#8221; body_cell_padding_phone=&#8221;20px|4px|20px|4px|true|false&#8221; body_cell_padding_last_edited=&#8221;on|tablet&#8221; icon_margin_tablet=&#8221;|5px|||false|false&#8221; icon_margin_phone=&#8221;|5px|||false|false&#8221; icon_margin_last_edited=&#8221;on|tablet&#8221; _builder_version=&#8221;4.21.0&#8243; _module_preset=&#8221;default&#8221; head_text_font=&#8221;Montserrat|600|||||||&#8221; head_text_text_color=&#8221;#FFFFFF&#8221; head_text_font_size=&#8221;16px&#8221; row_text_font=&#8221;Montserrat|||on|||||&#8221; row_text_font_size=&#8221;13px&#8221; row_first_column_text_font=&#8221;|500|||||||&#8221; row_last_column_text_font=&#8221;|700|||||||&#8221; row_last_column_text_text_color=&#8221;#D12908&#8243; footer_text_font=&#8221;|600|||||||&#8221; footer_text_text_color=&#8221;#FFFFFF&#8221; footer_text_font_size=&#8221;22px&#8221; footer_text_letter_spacing=&#8221;1px&#8221; footer_text_line_height=&#8221;2.3em&#8221; head_text_text_align_tablet=&#8221;&#8221; head_text_text_align_phone=&#8221;center&#8221; head_text_text_align_last_edited=&#8221;on|phone&#8221; head_text_font_size_tablet=&#8221;16px&#8221; head_text_font_size_phone=&#8221;12px&#8221; head_text_font_size_last_edited=&#8221;on|phone&#8221; row_text_font_tablet=&#8221;Poppins|||on|||||&#8221; row_text_font_phone=&#8221;Poppins||||||||&#8221; row_text_font_last_edited=&#8221;on|tablet&#8221; row_text_text_align_tablet=&#8221;&#8221; row_text_text_align_phone=&#8221;center&#8221; row_text_text_align_last_edited=&#8221;on|phone&#8221; row_text_font_size_tablet=&#8221;13px&#8221; row_text_font_size_phone=&#8221;12px&#8221; row_text_font_size_last_edited=&#8221;on|tablet&#8221; row_first_column_text_font_size_tablet=&#8221;&#8221; row_first_column_text_font_size_phone=&#8221;&#8221; row_first_column_text_font_size_last_edited=&#8221;on|tablet&#8221; footer_text_text_align_tablet=&#8221;&#8221; footer_text_text_align_phone=&#8221;center&#8221; footer_text_text_align_last_edited=&#8221;on|phone&#8221; footer_text_font_size_tablet=&#8221;22px&#8221; footer_text_font_size_phone=&#8221;14px&#8221; footer_text_font_size_last_edited=&#8221;on|phone&#8221; footer_text_line_height_tablet=&#8221;2.3em&#8221; footer_text_line_height_phone=&#8221;1.8em&#8221; footer_text_line_height_last_edited=&#8221;on|phone&#8221; border_radii_table_border=&#8221;on|16px|16px|16px|16px&#8221; border_width_all_row_border=&#8221;1px&#8221; border_color_all_row_border=&#8221;rgba(255,255,255,0.11)&#8221; border_width_all_row_first_column_border=&#8221;0px&#8221; border_width_bottom_row_first_column_border=&#8221;0px&#8221; border_color_bottom_row_first_column_border=&#8221;RGBA(0,0,0,0)&#8221; box_shadow_style_table_shadow=&#8221;preset3&#8243; box_shadow_vertical_table_shadow=&#8221;8px&#8221; box_shadow_blur_table_shadow=&#8221;30px&#8221; box_shadow_spread_table_shadow=&#8221;-12px&#8221; global_colors_info=&#8221;{}&#8221; row_odd_background_bgcolor__hover_enabled=&#8221;on|hover&#8221; row_odd_background_bgcolor__hover=&#8221;#D6D6D6&#8243; row_even_background_bgcolor__hover_enabled=&#8221;on|desktop&#8221; row_even_background_bgcolor__hover=&#8221;#d6d6d6&#8243; head_background_bgcolor__hover_enabled=&#8221;on|hover&#8221; head_background_bgcolor__hover=&#8221;#D54508&#8243;][difl_datatableitem row=&#8221;<br \/>\nTradycyjny<br \/>\nZbiornik Noel 700\/1W\/40&#8243; row_type=&#8221;head&#8221; row_background_bgcolor=&#8221;#D54508&#8243; _builder_version=&#8221;4.21.0&#8243; _module_preset=&#8221;default&#8221; row_text_font=&#8221;|||on|||||&#8221; row_text_text_color=&#8221;#FFFFFF&#8221; global_colors_info=&#8221;{}&#8221;][\/difl_datatableitem][difl_datatableitem row=&#8221;bufor 700l<br \/>\n4500 z\u0142 &#8211; 8000 z\u0142<br \/>\n12 300 z\u0142&#8221; icon_color=&#8221;#333333&#8243; icon_margin_tablet=&#8221;&#8221; icon_margin_phone=&#8221;&#8221; icon_margin_last_edited=&#8221;on|tablet&#8221; _builder_version=&#8221;4.19.4&#8243; _module_preset=&#8221;default&#8221; global_colors_info=&#8221;{}&#8221;][\/difl_datatableitem][difl_datatableitem row=&#8221;zasobnik 300l<br \/>\n4000 z\u0142 &#8211; 7000 z\u0142<br \/>\n0 z\u0142&#8221; icon_color=&#8221;#333333&#8243; _builder_version=&#8221;4.19.4&#8243; _module_preset=&#8221;default&#8221; global_colors_info=&#8221;{}&#8221;][\/difl_datatableitem][difl_datatableitem row=&#8221;Wymiennik P\u0142ytowy<br \/>\n1 500 z\u0142<br \/>\n0 z\u0142&#8221; icon_color=&#8221;#333333&#8243; _builder_version=&#8221;4.19.4&#8243; _module_preset=&#8221;default&#8221; global_colors_info=&#8221;{}&#8221;][\/difl_datatableitem][difl_datatableitem row=&#8221;Dodatkowe Kszta\u0142tki<br \/>\n1 000 z\u0142<br \/>\n0z\u0142&#8221; icon_color=&#8221;#333333&#8243; _builder_version=&#8221;4.19.4&#8243; _module_preset=&#8221;default&#8221; global_colors_info=&#8221;{}&#8221;][\/difl_datatableitem][difl_datatableitem row=&#8221;Dodatkowe Pompy<br \/>\n1 000 z\u0142<br \/>\n0 z\u0142&#8221; icon_color=&#8221;#333333&#8243; icon_margin=&#8221;||||false|false&#8221; icon_margin_tablet=&#8221;||||false|true&#8221; icon_margin_phone=&#8221;||||false|true&#8221; icon_margin_last_edited=&#8221;on|tablet&#8221; _builder_version=&#8221;4.19.4&#8243; _module_preset=&#8221;default&#8221; global_colors_info=&#8221;{}&#8221;][\/difl_datatableitem][difl_datatableitem row=&#8221;Kolektor \u0141\u0105cz\u0105cy<br \/>\n800 z\u0142<br \/>\n0 z\u0142&#8221; icon_color=&#8221;#333333&#8243; _builder_version=&#8221;4.19.4&#8243; _module_preset=&#8221;default&#8221; global_colors_info=&#8221;{}&#8221;][\/difl_datatableitem][difl_datatableitem row=&#8221;Czas Wykonania<br \/>\n100%<br \/>\n50%&#8221; icon_color=&#8221;#333333&#8243; _builder_version=&#8221;4.19.4&#8243; _module_preset=&#8221;default&#8221; global_colors_info=&#8221;{}&#8221;][\/difl_datatableitem][difl_datatableitem row=&#8221;Koszty Eksploatacyjne<br \/>\n200 z\u0142<br \/>\n0 z\u0142&#8221; icon_color=&#8221;#333333&#8243; _builder_version=&#8221;4.19.4&#8243; _module_preset=&#8221;default&#8221; global_colors_info=&#8221;{}&#8221;][\/difl_datatableitem][difl_datatableitem row=&#8221;Jako\u015b\u0107<br \/>\n<span class=%22et-pb-icon%22>\ue033\ue033<\/span><br \/>\n<span class=%22et-pb-icon%22>\ue033\ue033\ue033\ue033\ue033<\/span>&#8221; icon_color=&#8221;#333333&#8243; _builder_version=&#8221;4.19.4&#8243; _module_preset=&#8221;default&#8221; global_colors_info=&#8221;{}&#8221;][\/difl_datatableitem][difl_datatableitem row=&#8221;Okres Gwarancji<br \/>\n3-5 Lat<br \/>\n10 Lat&#8221; icon_color=&#8221;#333333&#8243; _builder_version=&#8221;4.19.4&#8243; _module_preset=&#8221;default&#8221; global_colors_info=&#8221;{}&#8221;][\/difl_datatableitem][difl_datatableitem row=&#8221;<br \/>\n13 000 z\u0142 &#8211; 18 500 z\u0142<br \/>\n12 300 z\u0142&#8221; row_type=&#8221;foot&#8221; icon_color=&#8221;#333333&#8243; _builder_version=&#8221;4.21.0&#8243; _module_preset=&#8221;default&#8221; global_colors_info=&#8221;{}&#8221;][\/difl_datatableitem][\/difl_datatable][\/et_pb_column][\/et_pb_row][\/et_pb_section][et_pb_section fb_built=&#8221;1&#8243; _builder_version=&#8221;4.21.0&#8243; _module_preset=&#8221;default&#8221; use_background_color_gradient=&#8221;on&#8221; background_color_gradient_stops=&#8221;#d54508 0%|#d12908 100%&#8221; background_enable_image=&#8221;off&#8221; background_enable_pattern_style=&#8221;on&#8221; background_pattern_style=&#8221;zig-zag-2&#8243; background_pattern_color=&#8221;rgba(255,255,255,0.1)&#8221; background_pattern_size=&#8221;cover&#8221; background_pattern_blend_mode=&#8221;overlay&#8221; da_disable_devices=&#8221;off|off|off&#8221; locked=&#8221;off&#8221; global_colors_info=&#8221;{}&#8221; da_is_popup=&#8221;off&#8221; da_exit_intent=&#8221;off&#8221; da_has_close=&#8221;on&#8221; da_alt_close=&#8221;off&#8221; da_dark_close=&#8221;off&#8221; da_not_modal=&#8221;on&#8221; da_is_singular=&#8221;off&#8221; da_with_loader=&#8221;off&#8221; da_has_shadow=&#8221;on&#8221;][et_pb_row _builder_version=&#8221;4.17.4&#8243; _module_preset=&#8221;default&#8221; max_width=&#8221;1236px&#8221; global_colors_info=&#8221;{}&#8221;][et_pb_column type=&#8221;4_4&#8243; _builder_version=&#8221;4.17.4&#8243; _module_preset=&#8221;default&#8221; global_colors_info=&#8221;{}&#8221;][difl_advanced_blurb title=&#8221;What is the price of the product?&#8221; button_background_bgcolor=&#8221;#FFFFFF&#8221; button_text=&#8221;Free Consultation&#8221; button_url=&#8221;@ET-DC@eyJkeW5hbWljIjp0cnVlLCJjb250ZW50IjoicG9zdF9saW5rX3VybF9wYWdlIiwic2V0dGluZ3MiOnsicG9zdF9pZCI6IjE1MyJ9fQ==@&#8221; button_alignment=&#8221;center&#8221; content_area_alignment=&#8221;center&#8221; content_width=&#8221;865px&#8221; title_padding=&#8221;||0px||false|false&#8221; content_margin=&#8221;23px|7%|44px|7%|false|true&#8221; button_padding=&#8221;12px|48px|12px|48px|true|true&#8221; content_margin_tablet=&#8221;20px|2%|36px|2%|false|true&#8221; content_margin_phone=&#8221;10px|0%|24px|0%|false|true&#8221; content_margin_last_edited=&#8221;on|phone&#8221; button_padding_tablet=&#8221;12px|40px|12px|40px|true|true&#8221; button_padding_phone=&#8221;9px|30px|9px|30px|true|true&#8221; button_padding_last_edited=&#8221;on|tablet&#8221; _builder_version=&#8221;4.21.0&#8243; _dynamic_attributes=&#8221;button_url&#8221; _module_preset=&#8221;default&#8221; title_level=&#8221;h2&#8243; title_font=&#8221;Inter|700|||||||&#8221; title_text_color=&#8221;#FFFFFF&#8221; title_font_size=&#8221;42px&#8221; title_line_height=&#8221;48px&#8221; content_body_font=&#8221;Inter||||||||&#8221; content_body_text_color=&#8221;#FFFFFF&#8221; content_body_font_size=&#8221;16px&#8221; content_body_line_height=&#8221;26px&#8221; button_text_font=&#8221;Inter|700||on|||||&#8221; button_text_text_align=&#8221;center&#8221; button_text_text_color=&#8221;#D12908&#8243; button_text_line_height=&#8221;30px&#8221; hover_enabled=&#8221;0&#8243; title_font_size_tablet=&#8221;34px&#8221; title_font_size_phone=&#8221;28px&#8221; title_font_size_last_edited=&#8221;on|tablet&#8221; title_line_height_tablet=&#8221;40px&#8221; title_line_height_phone=&#8221;32px&#8221; title_line_height_last_edited=&#8221;on|tablet&#8221; content_body_font_size_tablet=&#8221;15px&#8221; content_body_font_size_phone=&#8221;14px&#8221; content_body_font_size_last_edited=&#8221;on|tablet&#8221; button_text_font_size_tablet=&#8221;17px&#8221; button_text_font_size_phone=&#8221;16px&#8221; button_text_font_size_last_edited=&#8221;on|tablet&#8221; button_text_line_height_tablet=&#8221;28px&#8221; button_text_line_height_phone=&#8221;26px&#8221; button_text_line_height_last_edited=&#8221;on|tablet&#8221; border_radii_button_border=&#8221;on|8px|8px|8px|8px&#8221; border_width_all_button_border=&#8221;2px&#8221; border_color_all_button_border=&#8221;#FFFFFF&#8221; box_shadow_style_button_shadow=&#8221;preset1&#8243; box_shadow_vertical_button_shadow=&#8221;0px&#8221; box_shadow_blur_button_shadow=&#8221;0px&#8221; box_shadow_color_button_shadow=&#8221;rgba(139,29,62,0.24)&#8221; global_colors_info=&#8221;{}&#8221; box_shadow_blur_button_shadow__hover_enabled=&#8221;on|desktop&#8221; box_shadow_vertical_button_shadow__hover_enabled=&#8221;on|hover&#8221; box_shadow_vertical_button_shadow__hover=&#8221;16px&#8221; box_shadow_blur_button_shadow__hover=&#8221;24px&#8221; button_background_bgcolor__hover_enabled=&#8221;on|hover&#8221; button_background_bgcolor__hover=&#8221;#D54508&#8243; button_text_text_color__hover_enabled=&#8221;on|desktop&#8221; button_text_text_color__hover=&#8221;#FFFFFF&#8221; sticky_enabled=&#8221;0&#8243;]<\/p>\n<p>Our tanks and installations offer 44 thousand possibilities. Therefore, a consultation is required for each quotation to initially match the device to the needs of each boiler room.<\/p>\n<p>[\/difl_advanced_blurb][\/et_pb_column][\/et_pb_row][\/et_pb_section][et_pb_section fb_built=&#8221;1&#8243; _builder_version=&#8221;4.18.0&#8243; _module_preset=&#8221;default&#8221; da_disable_devices=&#8221;off|off|off&#8221; global_colors_info=&#8221;{}&#8221; da_is_popup=&#8221;off&#8221; da_exit_intent=&#8221;off&#8221; da_has_close=&#8221;on&#8221; da_alt_close=&#8221;off&#8221; da_dark_close=&#8221;off&#8221; da_not_modal=&#8221;on&#8221; da_is_singular=&#8221;off&#8221; da_with_loader=&#8221;off&#8221; da_has_shadow=&#8221;on&#8221;][et_pb_row _builder_version=&#8221;4.18.0&#8243; _module_preset=&#8221;default&#8221; width=&#8221;92%&#8221; global_colors_info=&#8221;{}&#8221;][et_pb_column type=&#8221;4_4&#8243; _builder_version=&#8221;4.18.0&#8243; _module_preset=&#8221;default&#8221; global_colors_info=&#8221;{}&#8221;][et_pb_text _builder_version=&#8221;4.18.0&#8243; _module_preset=&#8221;default&#8221; header_2_font=&#8221;|800|||||||&#8221; header_2_font_size=&#8221;30px&#8221; header_2_line_height=&#8221;1.4em&#8221; custom_margin=&#8221;||18px||false|false&#8221; global_colors_info=&#8221;{}&#8221;]<\/p>\n<h2>Our certificates:<\/h2>\n<p>[\/et_pb_text][et_pb_text _builder_version=&#8221;4.18.0&#8243; _module_preset=&#8221;default&#8221; global_colors_info=&#8221;{}&#8221;]Please familiarize yourself with the detailed specifications of our tanks. Download the full technical documentation, which will provide you with insight into the operation of Noel products and facilitate their installation.[\/et_pb_text][\/et_pb_column][\/et_pb_row][et_pb_row column_structure=&#8221;1_3,1_3,1_3&#8243; _builder_version=&#8221;4.18.0&#8243; _module_preset=&#8221;default&#8221; global_colors_info=&#8221;{}&#8221;][et_pb_column type=&#8221;1_3&#8243; _builder_version=&#8221;4.18.0&#8243; _module_preset=&#8221;default&#8221; global_colors_info=&#8221;{}&#8221;][et_pb_image src=&#8221;https:\/\/www.noel.pl\/wp-content\/uploads\/2018\/07\/UDT-CERT-300&#215;298.png&#8221; title_text=&#8221;UDT-CERT-300&#215;298&#8243; align=&#8221;center&#8221; _builder_version=&#8221;4.18.0&#8243; _module_preset=&#8221;default&#8221; max_height=&#8221;300px&#8221; global_colors_info=&#8221;{}&#8221;][\/et_pb_image][\/et_pb_column][et_pb_column type=&#8221;1_3&#8243; _builder_version=&#8221;4.18.0&#8243; _module_preset=&#8221;default&#8221; global_colors_info=&#8221;{}&#8221;][et_pb_image src=&#8221;https:\/\/www.noel.pl\/wp-content\/uploads\/2018\/07\/Logo_UPRP.png&#8221; title_text=&#8221;Logo_UPRP&#8221; align=&#8221;center&#8221; _builder_version=&#8221;4.18.0&#8243; _module_preset=&#8221;default&#8221; max_height=&#8221;300px&#8221; global_colors_info=&#8221;{}&#8221;][\/et_pb_image][\/et_pb_column][et_pb_column type=&#8221;1_3&#8243; _builder_version=&#8221;4.18.0&#8243; _module_preset=&#8221;default&#8221; global_colors_info=&#8221;{}&#8221;][et_pb_image src=&#8221;https:\/\/www.noel.pl\/wp-content\/uploads\/2018\/07\/0_upload_05d497371c.jpg&#8221; title_text=&#8221;0_upload_05d497371c&#8221; align=&#8221;center&#8221; _builder_version=&#8221;4.18.0&#8243; _module_preset=&#8221;default&#8221; max_height=&#8221;300px&#8221; global_colors_info=&#8221;{}&#8221;][\/et_pb_image][\/et_pb_column][\/et_pb_row][\/et_pb_section]<\/p>\n","protected":false},"excerpt":{"rendered":"<p>NOEL Tank CostThe Noel tank, unlike traditional storage tanks, does not require additional components such as a plate heat exchanger, pump, cathode, or anode. You don&#8217;t need to prepare for any costs beyond the basic price of the tank. The device&#8217;s proper operation does not change with its use, so you also save on maintenance.High [&hellip;]<\/p>\n","protected":false},"author":2,"featured_media":252934,"parent":0,"menu_order":0,"comment_status":"closed","ping_status":"closed","template":"","meta":{"_et_pb_use_builder":"on","_et_pb_old_content":"","_et_gb_content_width":"","footnotes":""},"difl_page_category":[],"class_list":["post-252933","page","type-page","status-publish","has-post-thumbnail","hentry"],"_links":{"self":[{"href":"https:\/\/www.noel.pl\/en\/wp-json\/wp\/v2\/pages\/252933","targetHints":{"allow":["GET"]}}],"collection":[{"href":"https:\/\/www.noel.pl\/en\/wp-json\/wp\/v2\/pages"}],"about":[{"href":"https:\/\/www.noel.pl\/en\/wp-json\/wp\/v2\/types\/page"}],"author":[{"embeddable":true,"href":"https:\/\/www.noel.pl\/en\/wp-json\/wp\/v2\/users\/2"}],"replies":[{"embeddable":true,"href":"https:\/\/www.noel.pl\/en\/wp-json\/wp\/v2\/comments?post=252933"}],"version-history":[{"count":2,"href":"https:\/\/www.noel.pl\/en\/wp-json\/wp\/v2\/pages\/252933\/revisions"}],"predecessor-version":[{"id":252936,"href":"https:\/\/www.noel.pl\/en\/wp-json\/wp\/v2\/pages\/252933\/revisions\/252936"}],"wp:featuredmedia":[{"embeddable":true,"href":"https:\/\/www.noel.pl\/en\/wp-json\/wp\/v2\/media\/252934"}],"wp:attachment":[{"href":"https:\/\/www.noel.pl\/en\/wp-json\/wp\/v2\/media?parent=252933"}],"wp:term":[{"taxonomy":"difl_page_category","embeddable":true,"href":"https:\/\/www.noel.pl\/en\/wp-json\/wp\/v2\/difl_page_category?post=252933"}],"curies":[{"name":"wp","href":"https:\/\/api.w.org\/{rel}","templated":true}]}}