{"id":251260,"date":"2018-07-09T09:39:20","date_gmt":"2018-07-09T07:39:20","guid":{"rendered":"https:\/\/www.noel.pl\/kosten-fuer-die-tanks\/"},"modified":"2023-10-26T10:54:07","modified_gmt":"2023-10-26T08:54:07","slug":"kosten-fuer-die-tanks","status":"publish","type":"page","link":"https:\/\/www.noel.pl\/de\/kosten-fuer-die-tanks\/","title":{"rendered":"Kosten f\u00fcr die Tanks"},"content":{"rendered":"<p>[et_pb_section fb_built=&#8220;1&#8243; admin_label=&#8220;Hero&#8220; _builder_version=&#8220;4.19.4&#8243; background_color=&#8220;#F7F7F7&#8243; background_image=&#8220;https:\/\/www.noel.pl\/wp-content\/uploads\/2023\/05\/glowny_banner_11-1400&#215;600-1-1.jpg&#8220; custom_margin=&#8220;||60px||false|false&#8220; custom_padding=&#8220;0px|0px|0px|0px|false|false&#8220; background_last_edited=&#8220;on|tablet&#8220; background_enable_image_tablet=&#8220;off&#8220; da_disable_devices=&#8220;off|off|off&#8220; locked=&#8220;off&#8220; global_colors_info=&#8220;{}&#8220; da_is_popup=&#8220;off&#8220; da_exit_intent=&#8220;off&#8220; da_has_close=&#8220;on&#8220; da_alt_close=&#8220;off&#8220; da_dark_close=&#8220;off&#8220; da_not_modal=&#8220;on&#8220; da_is_singular=&#8220;off&#8220; da_with_loader=&#8220;off&#8220; da_has_shadow=&#8220;on&#8220;][et_pb_row column_structure=&#8220;1_2,1_2&#8243; use_custom_gutter=&#8220;on&#8220; gutter_width=&#8220;1&#8243; make_equal=&#8220;on&#8220; padding_top_bottom_link_1=&#8220;true&#8220; padding_top_bottom_link_2=&#8220;true&#8220; padding_left_right_link_1=&#8220;true&#8220; padding_left_right_link_2=&#8220;true&#8220; background_color_gradient_type_1=&#8220;circular&#8220; _builder_version=&#8220;4.19.4&#8243; width=&#8220;100%&#8220; max_width=&#8220;100%&#8220; custom_margin=&#8220;||||false|false&#8220; custom_padding=&#8220;0px||0px||false|false&#8220; use_custom_width=&#8220;on&#8220; width_unit=&#8220;off&#8220; custom_width_percent=&#8220;100%&#8220; global_colors_info=&#8220;{}&#8220;][et_pb_column type=&#8220;1_2&#8243; _builder_version=&#8220;4.19.4&#8243; custom_padding=&#8220;120px|44px|120px|44px|false|false&#8220; custom_padding_tablet=&#8220;60px|6%|90px|6%|false|true&#8220; custom_padding_phone=&#8220;|10%||10%||true&#8220; custom_padding_last_edited=&#8220;on|desktop&#8220; global_colors_info=&#8220;{}&#8220; padding_tablet=&#8220;|10%||10%||true&#8220; padding_last_edited=&#8220;on|desktop&#8220; custom_padding__hover=&#8220;|||&#8220; padding_phone=&#8220;|10%||10%||true&#8220;][et_pb_text _builder_version=&#8220;4.19.4&#8243; text_font=&#8220;||||||||&#8220; header_font=&#8220;Montserrat|800|||||||&#8220; header_text_color=&#8220;#333333&#8243; header_font_size=&#8220;47px&#8220; header_line_height=&#8220;1.5em&#8220; background_layout=&#8220;dark&#8220; max_width=&#8220;600px&#8220; custom_margin=&#8220;||0px|&#8220; custom_padding=&#8220;|||16%|false|false&#8220; custom_padding_tablet=&#8220;|||0%|false|false&#8220; custom_padding_phone=&#8220;|||0%|false|false&#8220; custom_padding_last_edited=&#8220;on|desktop&#8220; text_font_size_tablet=&#8220;14px&#8220; text_font_size_last_edited=&#8220;off|desktop&#8220; header_font_size_tablet=&#8220;44px&#8220; header_font_size_phone=&#8220;32px&#8220; header_font_size_last_edited=&#8220;on|phone&#8220; global_colors_info=&#8220;{}&#8220;]<\/p>\n<h1><span style=\"color: #d54508;\">NOEL <\/span>Kosten f\u00fcr den Tank<\/h1>\n<p>[\/et_pb_text][et_pb_text _builder_version=&#8220;4.19.4&#8243; text_font=&#8220;||||||||&#8220; text_text_color=&#8220;#333333&#8243; text_font_size=&#8220;16px&#8220; text_line_height=&#8220;1.9em&#8220; header_font=&#8220;||||||||&#8220; background_layout=&#8220;dark&#8220; max_width=&#8220;800px&#8220; custom_margin=&#8220;|||&#8220; custom_padding=&#8220;20px||20px|16%|true|false&#8220; custom_padding_tablet=&#8220;20px||0px|0%|false|false&#8220; custom_padding_phone=&#8220;20px||0px|0%|false|false&#8220; custom_padding_last_edited=&#8220;on|desktop&#8220; text_font_size_tablet=&#8220;18px&#8220; text_font_size_phone=&#8220;&#8220; text_font_size_last_edited=&#8220;on|phone&#8220; global_colors_info=&#8220;{}&#8220;]Der Noel-Tank erfordert im Gegensatz zu herk\u00f6mmlichen Warmwasserspeichern keine zus\u00e4tzlichen Komponenten wie Plattenw\u00e4rmetauscher, Pumpen, Anoden oder Kathoden. Sie m\u00fcssen sich auf keine Kosten au\u00dfer dem Grundpreis des Tanks vorbereiten. Die ordnungsgem\u00e4\u00dfe Funktion des Ger\u00e4ts \u00e4ndert sich w\u00e4hrend des Betriebs nicht, was Ihnen auch Wartungskosten erspart.[\/et_pb_text][\/et_pb_column][et_pb_column type=&#8220;1_2&#8243; _builder_version=&#8220;4.19.4&#8243; background_color_gradient_start=&#8220;rgba(40,40,40,0.79)&#8220; background_color_gradient_end=&#8220;rgba(40,40,40,0.86)&#8220; background_image=&#8220;https:\/\/www.noel.pl\/wp-content\/uploads\/2018\/11\/oszczedzanie-3-1.jpg&#8220; custom_padding_tablet=&#8220;0px|0px|0px|0px|true|true&#8220; custom_padding_phone=&#8220;0px|0px|0px|0px|true|true&#8220; custom_padding_last_edited=&#8220;on|desktop&#8220; background_last_edited=&#8220;on|desktop&#8220; background_enable_image_tablet=&#8220;off&#8220; global_colors_info=&#8220;{}&#8220; padding_tablet=&#8220;10vw|10%|10vw|10%|true|true&#8220; padding_last_edited=&#8220;on|desktop&#8220; custom_padding__hover=&#8220;|||&#8220; padding_phone=&#8220;10vw|10%|10vw|10%|true|true&#8220;][et_pb_image title_text=&#8220;oszczedzanie 3&#8243; align=&#8220;center&#8220; force_fullwidth=&#8220;on&#8220; src_tablet=&#8220;https:\/\/www.noel.pl\/wp-content\/uploads\/2018\/11\/oszczedzanie-3-1.jpg&#8220; src_phone=&#8220;https:\/\/www.noel.pl\/wp-content\/uploads\/2018\/11\/oszczedzanie-3-1.jpg&#8220; src_last_edited=&#8220;on|phone&#8220; disabled_on=&#8220;off|off|on&#8220; _builder_version=&#8220;4.19.4&#8243; _module_preset=&#8220;default&#8220; global_colors_info=&#8220;{}&#8220;][\/et_pb_image][\/et_pb_column][\/et_pb_row][\/et_pb_section][et_pb_section fb_built=&#8220;1&#8243; _builder_version=&#8220;4.21.0&#8243; _module_preset=&#8220;default&#8220; custom_margin=&#8220;||||false|false&#8220; custom_padding=&#8220;||||false|false&#8220; da_disable_devices=&#8220;off|off|off&#8220; global_colors_info=&#8220;{}&#8220; da_is_popup=&#8220;off&#8220; da_exit_intent=&#8220;off&#8220; da_has_close=&#8220;on&#8220; da_alt_close=&#8220;off&#8220; da_dark_close=&#8220;off&#8220; da_not_modal=&#8220;on&#8220; da_is_singular=&#8220;off&#8220; da_with_loader=&#8220;off&#8220; da_has_shadow=&#8220;on&#8220;][et_pb_row _builder_version=&#8220;4.18.0&#8243; _module_preset=&#8220;default&#8220; width=&#8220;92%&#8220; global_colors_info=&#8220;{}&#8220;][et_pb_column type=&#8220;4_4&#8243; _builder_version=&#8220;4.18.0&#8243; _module_preset=&#8220;default&#8220; global_colors_info=&#8220;{}&#8220;][et_pb_text _builder_version=&#8220;4.19.4&#8243; _module_preset=&#8220;default&#8220; header_2_font=&#8220;|800|||||||&#8220; header_2_font_size=&#8220;30px&#8220; header_2_line_height=&#8220;1.4em&#8220; custom_margin=&#8220;||18px||false|false&#8220; global_colors_info=&#8220;{}&#8220;]<\/p>\n<h2><span style=\"color: #d54508;\">Hohe Qualit\u00e4t<\/span> und 10 Jahre Garantie<\/h2>\n<p>[\/et_pb_text][et_pb_text _builder_version=&#8220;4.19.4&#8243; _module_preset=&#8220;default&#8220; global_colors_info=&#8220;{}&#8220;]Jeder Noel-Tank wird individuell an den Typ der Installation, die Art und Anzahl der Heizger\u00e4te und die Bed\u00fcrfnisse der Benutzer angepasst. Daher variiert der Preis je nach Anzahl der W\u00e4rmetauscher, dem Tankvolumen und der Leistung. Was tr\u00e4gt zum Preis des Noel-Tanks bei? Dazu geh\u00f6rt unter anderem die Garantie, dass er mindestens 10 Jahre lang ohne Probleme mit unver\u00e4nderter Leistung funktioniert. Sie werden sich nicht um die Wartung des Ger\u00e4ts, regelm\u00e4\u00dfige Inspektionen oder den Austausch von Komponenten k\u00fcmmern m\u00fcssen.[\/et_pb_text][et_pb_text _builder_version=&#8220;4.19.4&#8243; _module_preset=&#8220;default&#8220; header_2_font=&#8220;|800|||||||&#8220; header_2_font_size=&#8220;28px&#8220; header_2_line_height=&#8220;1.3em&#8220; text_orientation=&#8220;center&#8220; custom_margin=&#8220;||0px||false|false&#8220; custom_padding=&#8220;10px||8px||false|false&#8220; global_colors_info=&#8220;{}&#8220;]<\/p>\n<h2>Sehen Sie, wie viel Sie sparen k\u00f6nnen, wenn Sie den Noel-Tank anstelle eines herk\u00f6mmlichen Warmwasserspeichers mit dem gleichen Fassungsverm\u00f6gen w\u00e4hlen.<\/h2>\n<p>[\/et_pb_text][difl_datatable responsive_mode=&#8220;off&#8220; make_row_cell_equal_border=&#8220;on&#8220; head_background_bgcolor=&#8220;#d64000&#8243; row_even_background_bgcolor=&#8220;rgba(214,214,214,0.21)&#8220; row_first_column_background_color_gradient_1=&#8220;#D54508&#8243; row_first_column_background_color_gradient_2=&#8220;#D12908&#8243; row_first_column_background_gradient_direction=&#8220;115deg&#8220; footer_background_bgcolor=&#8220;#d64000&#8243; icon_color=&#8220;#D54508&#8243; icon_size=&#8220;20px&#8220; exclude_head_foot_last_col=&#8220;on&#8220; head_cell_padding=&#8220;16px||16px||true|false&#8220; body_cell_padding=&#8220;18px||18px||true|false&#8220; image_margin=&#8220;|23px|||false|false&#8220; icon_margin=&#8220;|9px|||false|false&#8220; icon_size_tablet=&#8220;18px&#8220; icon_size_phone=&#8220;18px&#8220; icon_size_last_edited=&#8220;off|desktop&#8220; head_cell_padding_tablet=&#8220;16px||16px||true|false&#8220; head_cell_padding_phone=&#8220;12px||12px||true|false&#8220; head_cell_padding_last_edited=&#8220;on|phone&#8220; body_cell_padding_tablet=&#8220;20px|12px|20px|12px|true|false&#8220; body_cell_padding_phone=&#8220;20px|4px|20px|4px|true|false&#8220; body_cell_padding_last_edited=&#8220;on|tablet&#8220; icon_margin_tablet=&#8220;|5px|||false|false&#8220; icon_margin_phone=&#8220;|5px|||false|false&#8220; icon_margin_last_edited=&#8220;on|tablet&#8220; _builder_version=&#8220;4.21.0&#8243; _module_preset=&#8220;default&#8220; head_text_font=&#8220;Montserrat|600|||||||&#8220; head_text_text_color=&#8220;#FFFFFF&#8220; head_text_font_size=&#8220;16px&#8220; row_text_font=&#8220;Montserrat|||on|||||&#8220; row_text_font_size=&#8220;13px&#8220; row_first_column_text_font=&#8220;|500|||||||&#8220; row_last_column_text_font=&#8220;|700|||||||&#8220; row_last_column_text_text_color=&#8220;#D12908&#8243; footer_text_font=&#8220;|600|||||||&#8220; footer_text_text_color=&#8220;#FFFFFF&#8220; footer_text_font_size=&#8220;22px&#8220; footer_text_letter_spacing=&#8220;1px&#8220; footer_text_line_height=&#8220;2.3em&#8220; head_text_text_align_tablet=&#8220;&#8220; head_text_text_align_phone=&#8220;center&#8220; head_text_text_align_last_edited=&#8220;on|phone&#8220; head_text_font_size_tablet=&#8220;16px&#8220; head_text_font_size_phone=&#8220;12px&#8220; head_text_font_size_last_edited=&#8220;on|phone&#8220; row_text_font_tablet=&#8220;Poppins|||on|||||&#8220; row_text_font_phone=&#8220;Poppins||||||||&#8220; row_text_font_last_edited=&#8220;on|tablet&#8220; row_text_text_align_tablet=&#8220;&#8220; row_text_text_align_phone=&#8220;center&#8220; row_text_text_align_last_edited=&#8220;on|phone&#8220; row_text_font_size_tablet=&#8220;13px&#8220; row_text_font_size_phone=&#8220;12px&#8220; row_text_font_size_last_edited=&#8220;on|tablet&#8220; row_first_column_text_font_size_tablet=&#8220;&#8220; row_first_column_text_font_size_phone=&#8220;&#8220; row_first_column_text_font_size_last_edited=&#8220;on|tablet&#8220; footer_text_text_align_tablet=&#8220;&#8220; footer_text_text_align_phone=&#8220;center&#8220; footer_text_text_align_last_edited=&#8220;on|phone&#8220; footer_text_font_size_tablet=&#8220;22px&#8220; footer_text_font_size_phone=&#8220;14px&#8220; footer_text_font_size_last_edited=&#8220;on|phone&#8220; footer_text_line_height_tablet=&#8220;2.3em&#8220; footer_text_line_height_phone=&#8220;1.8em&#8220; footer_text_line_height_last_edited=&#8220;on|phone&#8220; border_radii_table_border=&#8220;on|16px|16px|16px|16px&#8220; border_width_all_row_border=&#8220;1px&#8220; border_color_all_row_border=&#8220;rgba(255,255,255,0.11)&#8220; border_width_all_row_first_column_border=&#8220;0px&#8220; border_width_bottom_row_first_column_border=&#8220;0px&#8220; border_color_bottom_row_first_column_border=&#8220;RGBA(0,0,0,0)&#8220; box_shadow_style_table_shadow=&#8220;preset3&#8243; box_shadow_vertical_table_shadow=&#8220;8px&#8220; box_shadow_blur_table_shadow=&#8220;30px&#8220; box_shadow_spread_table_shadow=&#8220;-12px&#8220; global_colors_info=&#8220;{}&#8220; row_odd_background_bgcolor__hover_enabled=&#8220;on|hover&#8220; row_odd_background_bgcolor__hover=&#8220;#D6D6D6&#8243; row_even_background_bgcolor__hover_enabled=&#8220;on|desktop&#8220; row_even_background_bgcolor__hover=&#8220;#d6d6d6&#8243; head_background_bgcolor__hover_enabled=&#8220;on|hover&#8220; head_background_bgcolor__hover=&#8220;#D54508&#8243;][difl_datatableitem row=&#8220;<br \/>\nTradycyjny<br \/>\nZbiornik Noel 700\/1W\/40&#8243; row_type=&#8220;head&#8220; row_background_bgcolor=&#8220;#D54508&#8243; _builder_version=&#8220;4.21.0&#8243; _module_preset=&#8220;default&#8220; row_text_font=&#8220;|||on|||||&#8220; row_text_text_color=&#8220;#FFFFFF&#8220; global_colors_info=&#8220;{}&#8220;][\/difl_datatableitem][difl_datatableitem row=&#8220;bufor 700l<br \/>\n4500 z\u0142 &#8211; 8000 z\u0142<br \/>\n12 300 z\u0142&#8220; icon_color=&#8220;#333333&#8243; icon_margin_tablet=&#8220;&#8220; icon_margin_phone=&#8220;&#8220; icon_margin_last_edited=&#8220;on|tablet&#8220; _builder_version=&#8220;4.19.4&#8243; _module_preset=&#8220;default&#8220; global_colors_info=&#8220;{}&#8220;][\/difl_datatableitem][difl_datatableitem row=&#8220;zasobnik 300l<br \/>\n4000 z\u0142 &#8211; 7000 z\u0142<br \/>\n0 z\u0142&#8220; icon_color=&#8220;#333333&#8243; _builder_version=&#8220;4.19.4&#8243; _module_preset=&#8220;default&#8220; global_colors_info=&#8220;{}&#8220;][\/difl_datatableitem][difl_datatableitem row=&#8220;Wymiennik P\u0142ytowy<br \/>\n1 500 z\u0142<br \/>\n0 z\u0142&#8220; icon_color=&#8220;#333333&#8243; _builder_version=&#8220;4.19.4&#8243; _module_preset=&#8220;default&#8220; global_colors_info=&#8220;{}&#8220;][\/difl_datatableitem][difl_datatableitem row=&#8220;Dodatkowe Kszta\u0142tki<br \/>\n1 000 z\u0142<br \/>\n0z\u0142&#8220; icon_color=&#8220;#333333&#8243; _builder_version=&#8220;4.19.4&#8243; _module_preset=&#8220;default&#8220; global_colors_info=&#8220;{}&#8220;][\/difl_datatableitem][difl_datatableitem row=&#8220;Dodatkowe Pompy<br \/>\n1 000 z\u0142<br \/>\n0 z\u0142&#8220; icon_color=&#8220;#333333&#8243; icon_margin=&#8220;||||false|false&#8220; icon_margin_tablet=&#8220;||||false|true&#8220; icon_margin_phone=&#8220;||||false|true&#8220; icon_margin_last_edited=&#8220;on|tablet&#8220; _builder_version=&#8220;4.19.4&#8243; _module_preset=&#8220;default&#8220; global_colors_info=&#8220;{}&#8220;][\/difl_datatableitem][difl_datatableitem row=&#8220;Kolektor \u0141\u0105cz\u0105cy<br \/>\n800 z\u0142<br \/>\n0 z\u0142&#8220; icon_color=&#8220;#333333&#8243; _builder_version=&#8220;4.19.4&#8243; _module_preset=&#8220;default&#8220; global_colors_info=&#8220;{}&#8220;][\/difl_datatableitem][difl_datatableitem row=&#8220;Czas Wykonania<br \/>\n100%<br \/>\n50%&#8220; icon_color=&#8220;#333333&#8243; _builder_version=&#8220;4.19.4&#8243; _module_preset=&#8220;default&#8220; global_colors_info=&#8220;{}&#8220;][\/difl_datatableitem][difl_datatableitem row=&#8220;Koszty Eksploatacyjne<br \/>\n200 z\u0142<br \/>\n0 z\u0142&#8220; icon_color=&#8220;#333333&#8243; _builder_version=&#8220;4.19.4&#8243; _module_preset=&#8220;default&#8220; global_colors_info=&#8220;{}&#8220;][\/difl_datatableitem][difl_datatableitem row=&#8220;Jako\u015b\u0107<br \/>\n<span class=%22et-pb-icon%22>\ue033\ue033<\/span><br \/>\n<span class=%22et-pb-icon%22>\ue033\ue033\ue033\ue033\ue033<\/span>&#8220; icon_color=&#8220;#333333&#8243; _builder_version=&#8220;4.19.4&#8243; _module_preset=&#8220;default&#8220; global_colors_info=&#8220;{}&#8220;][\/difl_datatableitem][difl_datatableitem row=&#8220;Okres Gwarancji<br \/>\n3-5 Lat<br \/>\n10 Lat&#8220; icon_color=&#8220;#333333&#8243; _builder_version=&#8220;4.19.4&#8243; _module_preset=&#8220;default&#8220; global_colors_info=&#8220;{}&#8220;][\/difl_datatableitem][difl_datatableitem row=&#8220;<br \/>\n13 000 z\u0142 &#8211; 18 500 z\u0142<br \/>\n12 300 z\u0142&#8220; row_type=&#8220;foot&#8220; icon_color=&#8220;#333333&#8243; _builder_version=&#8220;4.21.0&#8243; _module_preset=&#8220;default&#8220; global_colors_info=&#8220;{}&#8220;][\/difl_datatableitem][\/difl_datatable][\/et_pb_column][\/et_pb_row][\/et_pb_section][et_pb_section fb_built=&#8220;1&#8243; _builder_version=&#8220;4.21.0&#8243; _module_preset=&#8220;default&#8220; use_background_color_gradient=&#8220;on&#8220; background_color_gradient_stops=&#8220;#d54508 0%|#d12908 100%&#8220; background_enable_image=&#8220;off&#8220; background_enable_pattern_style=&#8220;on&#8220; background_pattern_style=&#8220;zig-zag-2&#8243; background_pattern_color=&#8220;rgba(255,255,255,0.1)&#8220; background_pattern_size=&#8220;cover&#8220; background_pattern_blend_mode=&#8220;overlay&#8220; da_disable_devices=&#8220;off|off|off&#8220; locked=&#8220;off&#8220; global_colors_info=&#8220;{}&#8220; da_is_popup=&#8220;off&#8220; da_exit_intent=&#8220;off&#8220; da_has_close=&#8220;on&#8220; da_alt_close=&#8220;off&#8220; da_dark_close=&#8220;off&#8220; da_not_modal=&#8220;on&#8220; da_is_singular=&#8220;off&#8220; da_with_loader=&#8220;off&#8220; da_has_shadow=&#8220;on&#8220;][et_pb_row _builder_version=&#8220;4.17.4&#8243; _module_preset=&#8220;default&#8220; max_width=&#8220;1236px&#8220; global_colors_info=&#8220;{}&#8220;][et_pb_column type=&#8220;4_4&#8243; _builder_version=&#8220;4.17.4&#8243; _module_preset=&#8220;default&#8220; global_colors_info=&#8220;{}&#8220;][difl_advanced_blurb title=&#8220; K\u00f6nnen Sie mir bitte den Preis f\u00fcr das Produkt mitteilen?&#8220; button_background_bgcolor=&#8220;#FFFFFF&#8220; button_text=&#8220;Kostenlose Beratung&#8220; button_url=&#8220;@ET-DC@eyJkeW5hbWljIjp0cnVlLCJjb250ZW50IjoicG9zdF9saW5rX3VybF9wYWdlIiwic2V0dGluZ3MiOnsicG9zdF9pZCI6IjE1MyJ9fQ==@&#8220; button_alignment=&#8220;center&#8220; content_area_alignment=&#8220;center&#8220; content_width=&#8220;865px&#8220; title_padding=&#8220;||0px||false|false&#8220; content_margin=&#8220;23px|7%|44px|7%|false|true&#8220; button_padding=&#8220;12px|48px|12px|48px|true|true&#8220; content_margin_tablet=&#8220;20px|2%|36px|2%|false|true&#8220; content_margin_phone=&#8220;10px|0%|24px|0%|false|true&#8220; content_margin_last_edited=&#8220;on|phone&#8220; button_padding_tablet=&#8220;12px|40px|12px|40px|true|true&#8220; button_padding_phone=&#8220;9px|30px|9px|30px|true|true&#8220; button_padding_last_edited=&#8220;on|tablet&#8220; _builder_version=&#8220;4.21.0&#8243; _dynamic_attributes=&#8220;button_url&#8220; _module_preset=&#8220;default&#8220; title_level=&#8220;h2&#8243; title_font=&#8220;Inter|700|||||||&#8220; title_text_color=&#8220;#FFFFFF&#8220; title_font_size=&#8220;42px&#8220; title_line_height=&#8220;48px&#8220; content_body_font=&#8220;Inter||||||||&#8220; content_body_text_color=&#8220;#FFFFFF&#8220; content_body_font_size=&#8220;16px&#8220; content_body_line_height=&#8220;26px&#8220; button_text_font=&#8220;Inter|700||on|||||&#8220; button_text_text_align=&#8220;center&#8220; button_text_text_color=&#8220;#D12908&#8243; button_text_line_height=&#8220;30px&#8220; hover_enabled=&#8220;0&#8243; title_font_size_tablet=&#8220;34px&#8220; title_font_size_phone=&#8220;28px&#8220; title_font_size_last_edited=&#8220;on|tablet&#8220; title_line_height_tablet=&#8220;40px&#8220; title_line_height_phone=&#8220;32px&#8220; title_line_height_last_edited=&#8220;on|tablet&#8220; content_body_font_size_tablet=&#8220;15px&#8220; content_body_font_size_phone=&#8220;14px&#8220; content_body_font_size_last_edited=&#8220;on|tablet&#8220; button_text_font_size_tablet=&#8220;17px&#8220; button_text_font_size_phone=&#8220;16px&#8220; button_text_font_size_last_edited=&#8220;on|tablet&#8220; button_text_line_height_tablet=&#8220;28px&#8220; button_text_line_height_phone=&#8220;26px&#8220; button_text_line_height_last_edited=&#8220;on|tablet&#8220; border_radii_button_border=&#8220;on|8px|8px|8px|8px&#8220; border_width_all_button_border=&#8220;2px&#8220; border_color_all_button_border=&#8220;#FFFFFF&#8220; box_shadow_style_button_shadow=&#8220;preset1&#8243; box_shadow_vertical_button_shadow=&#8220;0px&#8220; box_shadow_blur_button_shadow=&#8220;0px&#8220; box_shadow_color_button_shadow=&#8220;rgba(139,29,62,0.24)&#8220; global_colors_info=&#8220;{}&#8220; box_shadow_blur_button_shadow__hover_enabled=&#8220;on|desktop&#8220; box_shadow_vertical_button_shadow__hover_enabled=&#8220;on|hover&#8220; box_shadow_vertical_button_shadow__hover=&#8220;16px&#8220; box_shadow_blur_button_shadow__hover=&#8220;24px&#8220; button_background_bgcolor__hover_enabled=&#8220;on|hover&#8220; button_background_bgcolor__hover=&#8220;#D54508&#8243; button_text_text_color__hover_enabled=&#8220;on|desktop&#8220; button_text_text_color__hover=&#8220;#FFFFFF&#8220; sticky_enabled=&#8220;0&#8243;]<\/p>\n<p>Unsere Tanks und Installationen bieten 44.000 M\u00f6glichkeiten. Daher ist eine Beratung erforderlich, um das Ger\u00e4t vorab an die Bed\u00fcrfnisse jedes Heizraums anzupassen.<\/p>\n<p>[\/difl_advanced_blurb][\/et_pb_column][\/et_pb_row][\/et_pb_section][et_pb_section fb_built=&#8220;1&#8243; _builder_version=&#8220;4.18.0&#8243; _module_preset=&#8220;default&#8220; da_disable_devices=&#8220;off|off|off&#8220; global_colors_info=&#8220;{}&#8220; da_is_popup=&#8220;off&#8220; da_exit_intent=&#8220;off&#8220; da_has_close=&#8220;on&#8220; da_alt_close=&#8220;off&#8220; da_dark_close=&#8220;off&#8220; da_not_modal=&#8220;on&#8220; da_is_singular=&#8220;off&#8220; da_with_loader=&#8220;off&#8220; da_has_shadow=&#8220;on&#8220;][et_pb_row _builder_version=&#8220;4.18.0&#8243; _module_preset=&#8220;default&#8220; width=&#8220;92%&#8220; global_colors_info=&#8220;{}&#8220;][et_pb_column type=&#8220;4_4&#8243; _builder_version=&#8220;4.18.0&#8243; _module_preset=&#8220;default&#8220; global_colors_info=&#8220;{}&#8220;][et_pb_text _builder_version=&#8220;4.18.0&#8243; _module_preset=&#8220;default&#8220; header_2_font=&#8220;|800|||||||&#8220; header_2_font_size=&#8220;30px&#8220; header_2_line_height=&#8220;1.4em&#8220; custom_margin=&#8220;||18px||false|false&#8220; global_colors_info=&#8220;{}&#8220;]<\/p>\n<h2>Unsere Zertifikate:<\/h2>\n<p>[\/et_pb_text][et_pb_text _builder_version=&#8220;4.18.0&#8243; _module_preset=&#8220;default&#8220; global_colors_info=&#8220;{}&#8220;]Bitte informieren Sie sich \u00fcber die detaillierten Spezifikationen unserer Tanks. Laden Sie die vollst\u00e4ndige technische Dokumentation herunter, um Ihnen das Funktionsprinzip der Noel-Produkte n\u00e4her zu bringen und die Installation zu erleichtern.[\/et_pb_text][\/et_pb_column][\/et_pb_row][et_pb_row column_structure=&#8220;1_3,1_3,1_3&#8243; _builder_version=&#8220;4.18.0&#8243; _module_preset=&#8220;default&#8220; global_colors_info=&#8220;{}&#8220;][et_pb_column type=&#8220;1_3&#8243; _builder_version=&#8220;4.18.0&#8243; _module_preset=&#8220;default&#8220; global_colors_info=&#8220;{}&#8220;][et_pb_image src=&#8220;https:\/\/www.noel.pl\/wp-content\/uploads\/2018\/07\/UDT-CERT-300&#215;298.png&#8220; title_text=&#8220;UDT-CERT-300&#215;298&#8243; align=&#8220;center&#8220; _builder_version=&#8220;4.18.0&#8243; _module_preset=&#8220;default&#8220; max_height=&#8220;300px&#8220; global_colors_info=&#8220;{}&#8220;][\/et_pb_image][\/et_pb_column][et_pb_column type=&#8220;1_3&#8243; _builder_version=&#8220;4.18.0&#8243; _module_preset=&#8220;default&#8220; global_colors_info=&#8220;{}&#8220;][et_pb_image src=&#8220;https:\/\/www.noel.pl\/wp-content\/uploads\/2018\/07\/Logo_UPRP.png&#8220; title_text=&#8220;Logo_UPRP&#8220; align=&#8220;center&#8220; _builder_version=&#8220;4.18.0&#8243; _module_preset=&#8220;default&#8220; max_height=&#8220;300px&#8220; global_colors_info=&#8220;{}&#8220;][\/et_pb_image][\/et_pb_column][et_pb_column type=&#8220;1_3&#8243; _builder_version=&#8220;4.18.0&#8243; _module_preset=&#8220;default&#8220; global_colors_info=&#8220;{}&#8220;][et_pb_image src=&#8220;https:\/\/www.noel.pl\/wp-content\/uploads\/2018\/07\/0_upload_05d497371c.jpg&#8220; title_text=&#8220;0_upload_05d497371c&#8220; align=&#8220;center&#8220; _builder_version=&#8220;4.18.0&#8243; _module_preset=&#8220;default&#8220; max_height=&#8220;300px&#8220; global_colors_info=&#8220;{}&#8220;][\/et_pb_image][\/et_pb_column][\/et_pb_row][\/et_pb_section]<\/p>\n","protected":false},"excerpt":{"rendered":"<p>NOEL Kosten f\u00fcr den TankDer Noel-Tank erfordert im Gegensatz zu herk\u00f6mmlichen Warmwasserspeichern keine zus\u00e4tzlichen Komponenten wie Plattenw\u00e4rmetauscher, Pumpen, Anoden oder Kathoden. Sie m\u00fcssen sich auf keine Kosten au\u00dfer dem Grundpreis des Tanks vorbereiten. Die ordnungsgem\u00e4\u00dfe Funktion des Ger\u00e4ts \u00e4ndert sich w\u00e4hrend des Betriebs nicht, was Ihnen auch Wartungskosten erspart.Hohe Qualit\u00e4t und 10 Jahre GarantieJeder Noel-Tank [&hellip;]<\/p>\n","protected":false},"author":2,"featured_media":250629,"parent":0,"menu_order":0,"comment_status":"closed","ping_status":"closed","template":"","meta":{"_et_pb_use_builder":"on","_et_pb_old_content":"","_et_gb_content_width":"","footnotes":""},"difl_page_category":[],"class_list":["post-251260","page","type-page","status-publish","has-post-thumbnail","hentry"],"_links":{"self":[{"href":"https:\/\/www.noel.pl\/de\/wp-json\/wp\/v2\/pages\/251260","targetHints":{"allow":["GET"]}}],"collection":[{"href":"https:\/\/www.noel.pl\/de\/wp-json\/wp\/v2\/pages"}],"about":[{"href":"https:\/\/www.noel.pl\/de\/wp-json\/wp\/v2\/types\/page"}],"author":[{"embeddable":true,"href":"https:\/\/www.noel.pl\/de\/wp-json\/wp\/v2\/users\/2"}],"replies":[{"embeddable":true,"href":"https:\/\/www.noel.pl\/de\/wp-json\/wp\/v2\/comments?post=251260"}],"version-history":[{"count":2,"href":"https:\/\/www.noel.pl\/de\/wp-json\/wp\/v2\/pages\/251260\/revisions"}],"predecessor-version":[{"id":251262,"href":"https:\/\/www.noel.pl\/de\/wp-json\/wp\/v2\/pages\/251260\/revisions\/251262"}],"wp:featuredmedia":[{"embeddable":true,"href":"https:\/\/www.noel.pl\/de\/wp-json\/wp\/v2\/media\/250629"}],"wp:attachment":[{"href":"https:\/\/www.noel.pl\/de\/wp-json\/wp\/v2\/media?parent=251260"}],"wp:term":[{"taxonomy":"difl_page_category","embeddable":true,"href":"https:\/\/www.noel.pl\/de\/wp-json\/wp\/v2\/difl_page_category?post=251260"}],"curies":[{"name":"wp","href":"https:\/\/api.w.org\/{rel}","templated":true}]}}