{"id":251257,"date":"2023-05-10T12:50:16","date_gmt":"2023-05-10T10:50:16","guid":{"rendered":"https:\/\/www.noel.pl\/speicherkessel\/"},"modified":"2023-11-30T10:38:32","modified_gmt":"2023-11-30T09:38:32","slug":"speicherkessel","status":"publish","type":"page","link":"https:\/\/www.noel.pl\/de\/speicherkessel\/","title":{"rendered":"Speicherkessel"},"content":{"rendered":"<p>[et_pb_section fb_built=&#8220;1&#8243; custom_padding_last_edited=&#8220;on|phone&#8220; _builder_version=&#8220;4.21.0&#8243; _module_preset=&#8220;default&#8220; custom_padding_tablet=&#8220;&#8220; custom_padding_phone=&#8220;||0px||false|false&#8220; da_disable_devices=&#8220;off|off|off&#8220; global_colors_info=&#8220;{}&#8220; da_is_popup=&#8220;off&#8220; da_exit_intent=&#8220;off&#8220; da_has_close=&#8220;on&#8220; da_alt_close=&#8220;off&#8220; da_dark_close=&#8220;off&#8220; da_not_modal=&#8220;on&#8220; da_is_singular=&#8220;off&#8220; da_with_loader=&#8220;off&#8220; da_has_shadow=&#8220;on&#8220;][et_pb_row _builder_version=&#8220;4.19.4&#8243; _module_preset=&#8220;default&#8220; global_colors_info=&#8220;{}&#8220;][et_pb_column type=&#8220;4_4&#8243; _builder_version=&#8220;4.19.4&#8243; _module_preset=&#8220;default&#8220; global_colors_info=&#8220;{}&#8220;][et_pb_text _builder_version=&#8220;4.19.4&#8243; _module_preset=&#8220;default&#8220; header_font=&#8220;|800|||||||&#8220; header_text_align=&#8220;center&#8220; header_text_color=&#8220;#333333&#8243; header_font_size=&#8220;42px&#8220; header_line_height=&#8220;1.6em&#8220; custom_margin=&#8220;12px||||false|false&#8220; custom_margin_tablet=&#8220;-22px||||false|false&#8220; custom_margin_phone=&#8220;-22px||||false|false&#8220; custom_margin_last_edited=&#8220;on|tablet&#8220; header_font_size_tablet=&#8220;42px&#8220; header_font_size_phone=&#8220;34px&#8220; header_font_size_last_edited=&#8220;on|phone&#8220; global_colors_info=&#8220;{}&#8220;]<\/p>\n<h1><span style=\"color: #d54508;\">Speicherkessel<\/span><\/h1>\n<p>[\/et_pb_text][\/et_pb_column][\/et_pb_row][et_pb_row column_structure=&#8220;1_2,1_2&#8243; use_custom_gutter=&#8220;on&#8220; gutter_width=&#8220;2&#8243; _builder_version=&#8220;4.19.4&#8243; _module_preset=&#8220;default&#8220; width=&#8220;94%&#8220; global_colors_info=&#8220;{}&#8220;][et_pb_column type=&#8220;1_2&#8243; _builder_version=&#8220;4.19.4&#8243; _module_preset=&#8220;default&#8220; sticky_limit_bottom=&#8220;row&#8220; sticky_position_tablet=&#8220;none&#8220; sticky_position_phone=&#8220;none&#8220; sticky_position_last_edited=&#8220;off|desktop&#8220; global_colors_info=&#8220;{}&#8220;][difl_imagehotspot hotsopt_image=&#8220;https:\/\/www.noel.pl\/wp-content\/uploads\/2023\/05\/produkt-noel-2-1.png&#8220; tooltip_placement=&#8220;top-start&#8220; tooltip_interactive=&#8220;off&#8220; tooltip_custom_maxwidth=&#8220;484&#8243; tooltips_background_bgcolor=&#8220;#F7F7F7&#8243; tooltips_arrow_color=&#8220;#F7F7F7&#8243; tooltips_padding=&#8220;10px|10px|10px|10px|true|true&#8220; _builder_version=&#8220;4.23.1&#8243; _module_preset=&#8220;default&#8220; tooltip_text_body_text_color=&#8220;#000000&#8243; tooltip_text_body_font_size=&#8220;12px&#8220; tooltip_text_h1_font=&#8220;|700|||||||&#8220; tooltip_text_h1_text_color=&#8220;#D54508&#8243; tooltip_text_h1_font_size=&#8220;18px&#8220; max_width_tablet=&#8220;500px&#8220; max_width_phone=&#8220;500px&#8220; max_width_last_edited=&#8220;on|tablet&#8220; hover_enabled=&#8220;0&#8243; module_alignment_tablet=&#8220;center&#8220; module_alignment_phone=&#8220;center&#8220; module_alignment_last_edited=&#8220;on|tablet&#8220; box_shadow_style_tooltips_box_shadow=&#8220;preset3&#8243; global_colors_info=&#8220;{}&#8220; z_index__sticky_enabled=&#8220;off|desktop&#8220; disabled_on=&#8220;on|on|on&#8220; disabled=&#8220;on&#8220; sticky_enabled=&#8220;0&#8243;][difl_imagehotspotitem use_image_as_icon=&#8220;on&#8220; image_as_icon=&#8220;https:\/\/www.noel.pl\/wp-content\/uploads\/2023\/05\/76dc81cd70f25528396ed9a785a80e25-1-1.png&#8220; image_as_icon_width=&#8220;68px&#8220; left_position=&#8220;22%&#8220; top_position=&#8220;2%&#8220; variable_width=&#8220;off&#8220; spot_background_bgcolor=&#8220;RGBA(255,255,255,0)&#8220; _builder_version=&#8220;4.21.0&#8243; _module_preset=&#8220;default&#8220; global_colors_info=&#8220;{}&#8220;]<\/p>\n<h1>Verstellbare F\u00fc\u00dfe<\/h1>\n<p>Erleichterte Montage auf unebenen Oberfl\u00e4chen, erm\u00f6glicht die Anpassung an die Raumh\u00f6he.[\/difl_imagehotspotitem][difl_imagehotspotitem use_image_as_icon=&#8220;on&#8220; image_as_icon=&#8220;https:\/\/www.noel.pl\/wp-content\/uploads\/2023\/05\/74e5dfd361eb90eab1a96e81a03d8f13-1-1.png&#8220; image_as_icon_width=&#8220;68px&#8220; left_position=&#8220;22%&#8220; top_position=&#8220;17%&#8220; variable_width=&#8220;off&#8220; spot_background_bgcolor=&#8220;RGBA(255,255,255,0)&#8220; _builder_version=&#8220;4.21.0&#8243; _module_preset=&#8220;default&#8220; global_colors_info=&#8220;{}&#8220;]<\/p>\n<h1>Korrosionsschutz<\/h1>\n<p>Jeder Beh\u00e4lter ist korrosionsgesch\u00fctzt und mit spezieller Farbe behandelt.[\/difl_imagehotspotitem][difl_imagehotspotitem use_image_as_icon=&#8220;on&#8220; image_as_icon=&#8220;https:\/\/www.noel.pl\/wp-content\/uploads\/2023\/05\/cac3c3a2edd922ba65b7975bab72cef7-1-1.png&#8220; image_as_icon_width=&#8220;68px&#8220; left_position=&#8220;22%&#8220; top_position=&#8220;32%&#8220; variable_width=&#8220;off&#8220; spot_background_bgcolor=&#8220;RGBA(255,255,255,0)&#8220; _builder_version=&#8220;4.21.0&#8243; _module_preset=&#8220;default&#8220; global_colors_info=&#8220;{}&#8220;]<\/p>\n<h1>Stahldicke<\/h1>\n<p>F\u00fcr die Beh\u00e4lter verwenden wir 3 mm starken Stahl, der doppelt so dick ist wie die von der Technischen \u00dcberwachungsorganisation (UDT) vorgeschriebenen Normen.[\/difl_imagehotspotitem][difl_imagehotspotitem use_image_as_icon=&#8220;on&#8220; image_as_icon=&#8220;https:\/\/www.noel.pl\/wp-content\/uploads\/2023\/05\/188e3fedf7bed080bc30d61fa5037aa4-1-1.png&#8220; image_as_icon_width=&#8220;68px&#8220; left_position=&#8220;22%&#8220; top_position=&#8220;47%&#8220; variable_width=&#8220;off&#8220; spot_background_bgcolor=&#8220;RGBA(255,255,255,0)&#8220; _builder_version=&#8220;4.21.0&#8243; _module_preset=&#8220;default&#8220; global_colors_info=&#8220;{}&#8220;]<\/p>\n<h1>10 Jahre Garantie<\/h1>\n<p>Dank der verwendeten Materialien und des zuverl\u00e4ssigen Produktionsprozesses, der auf unseren eigenen Technologien basiert, k\u00f6nnen wir unseren Kunden eine 10-j\u00e4hrige Garantie auf unsere Beh\u00e4lter anbieten.[\/difl_imagehotspotitem][\/difl_imagehotspot][ts_divi_image image_ids=&#8220;251880,251882,251884,251886,251888,251890,251892,251894,251896,251898,251900,251902,251904,251906,251908,251910,251912,251914,251916,251918,251920,251860,251862,251864,251866,251868,251870,251872,251874,251876,251878&#8243; _builder_version=&#8220;4.23.1&#8243; _module_preset=&#8220;default&#8220; hover_enabled=&#8220;0&#8243; global_colors_info=&#8220;{}&#8220; enable_magnify=&#8220;off&#8220; sticky_enabled=&#8220;0&#8243; border_radii_wrapper_border=&#8220;on|6px|6px|6px|6px&#8220;][\/ts_divi_image][difl_imagegallery image_size=&#8220;thumbnail&#8220; layout_mode=&#8220;fitRows&#8220; use_lightbox=&#8220;on&#8220; border_anim=&#8220;on&#8220; anm_border_color=&#8220;#D54508&#8243; anm_border_margin=&#8220;0px&#8220; border_anm_style=&#8220;c4-border-corners-1&#8243; content_position=&#8220;c4-layout-top-center&#8220; _builder_version=&#8220;4.19.4&#8243; _module_preset=&#8220;default&#8220; max_width=&#8220;316px&#8220; module_alignment=&#8220;center&#8220; border_radii_image=&#8220;on|8px|8px|8px|8px&#8220; global_colors_info=&#8220;{}&#8220;][difl_imagegalleryitem gallery_ids=&#8220;666,210,212,215&#8243; _builder_version=&#8220;4.19.4&#8243; _module_preset=&#8220;default&#8220; global_colors_info=&#8220;{}&#8220;][\/difl_imagegalleryitem][\/difl_imagegallery][\/et_pb_column][et_pb_column type=&#8220;1_2&#8243; _builder_version=&#8220;4.19.4&#8243; _module_preset=&#8220;default&#8220; global_colors_info=&#8220;{}&#8220;][et_pb_text _builder_version=&#8220;4.20.4&#8243; _module_preset=&#8220;default&#8220; global_colors_info=&#8220;{}&#8220;]<\/p>\n<p><strong>Ideale Anwendung f\u00fcr die Speicherung von thermischer Energie aus verschiedenen W\u00e4rmequellen.<\/strong><\/p>\n<p>Der Pufferspeicher Noel speichert die von W\u00e4rmequellen erzeugte Energie und liefert sie an die Heizungsanlage (Heizk\u00f6rper, Fu\u00dfbodenheizung, Wandheizung), wodurch der Brennstoffverbrauch reduziert wird. Er regelt die Temperatur im Heizungssystem, verhindert zu hohe Temperaturen in der Heizungsanlage. Der Speicher Noel erfordert keine Bedienung durch die Benutzer \u2013 er funktioniert v\u00f6llig autonom. Er ist sowohl f\u00fcr H\u00e4user als auch f\u00fcr Objekte geeignet, die Heizungsanlagen z.B. mit einem Festbrennstoffkessel, einem Kamin mit Wasserjacke oder einer W\u00e4rmepumpe nutzen.<\/p>\n<p>Die vollst\u00e4ndige Freiheit bei der Verbindung von W\u00e4rmequellen und W\u00e4rmeempf\u00e4ngern erm\u00f6glicht es, Heizungsanlagen in verschiedenen technischen Kombinationen zu planen und auszuf\u00fchren, d.h. offene Systeme mit geschlossenen Systemen zu kombinieren. Diese L\u00f6sung erleichtert die Arbeit und verk\u00fcrzt die Ausf\u00fchrungszeit des Projekts f\u00fcr den Heizraum selbst, bei gleichzeitiger Wahrung von Komfort und Sicherheit bei der Nutzung der Heizungsanlagen.<\/p>\n<p>[\/et_pb_text][et_pb_image src=&#8220;https:\/\/www.noel.pl\/wp-content\/uploads\/2018\/07\/Logo_UPRP.png&#8220; title_text=&#8220;Logo_UPRP&#8220; module_id=&#8220;pic-inline&#8220; _builder_version=&#8220;4.19.4&#8243; _module_preset=&#8220;default&#8220; max_width=&#8220;52px&#8220; global_colors_info=&#8220;{}&#8220;][\/et_pb_image][et_pb_image src=&#8220;https:\/\/www.noel.pl\/wp-content\/uploads\/2018\/07\/UDT-CERT-300&#215;298.png&#8220; title_text=&#8220;UDT-CERT-300&#215;298&#8243; module_id=&#8220;pic-inline&#8220; _builder_version=&#8220;4.19.4&#8243; _module_preset=&#8220;default&#8220; max_width=&#8220;52px&#8220; custom_margin=&#8220;|||12px|false|false&#8220; global_colors_info=&#8220;{}&#8220;][\/et_pb_image][et_pb_image src=&#8220;https:\/\/www.noel.pl\/wp-content\/uploads\/2018\/07\/0_upload_05d497371c.jpg&#8220; title_text=&#8220;0_upload_05d497371c&#8220; module_id=&#8220;pic-inline&#8220; _builder_version=&#8220;4.19.4&#8243; _module_preset=&#8220;default&#8220; max_width=&#8220;52px&#8220; custom_margin=&#8220;|||12px|false|false&#8220; global_colors_info=&#8220;{}&#8220;][\/et_pb_image][et_pb_divider color=&#8220;rgba(0,0,0,0.14)&#8220; _builder_version=&#8220;4.19.4&#8243; _module_preset=&#8220;default&#8220; width=&#8220;90%&#8220; module_alignment=&#8220;center&#8220; global_colors_info=&#8220;{}&#8220;][\/et_pb_divider][et_pb_text _builder_version=&#8220;4.20.4&#8243; _module_preset=&#8220;default&#8220; text_font=&#8220;|600|||||||&#8220; text_font_size=&#8220;20px&#8220; header_5_font=&#8220;|700||on|||||&#8220; header_5_text_color=&#8220;#333333&#8243; global_colors_info=&#8220;{}&#8220;]<\/p>\n<p>Technische Parameter<\/p>\n<p>[\/et_pb_text][et_pb_text _builder_version=&#8220;4.23&#8243; _module_preset=&#8220;default&#8220; global_colors_info=&#8220;{}&#8220;]<\/p>\n<table class=\"df_dt_content\">\n<tbody>\n<tr class=\"difl_datatableitem_0\">\n<td data-label=\"\" class=\"df_dt_table_body_column_cell\">Material:<\/td>\n<td data-label=\"\" class=\"df_dt_table_body_column_cell\">S235JR, 3 mm Dicke<\/td>\n<\/tr>\n<tr class \"difl_datatableitem_1\">\n<td data-label=\"\" class=\"df_dt_table_body_column_cell\">Isolierung:<\/td>\n<td data-label=\"\" class=\"df_dt_table_body_column_cell\">Steinwolle<\/td>\n<\/tr>\n<tr class=\"difl_datatableitem_2\">\n<td data-label=\"\" class=\"df_dt_table_body_column_cell\">Schutzmantel:<\/td>\n<td data-label=\"\" class=\"df_dt_table_body_column_cell\">Kunstleder<\/td>\n<\/tr>\n<tr class=\"difl_datatableitem_3\">\n<td data-label=\"\" class=\"df_dt_table_body_column_cell\">Tankbetriebsdruck:<\/td>\n<td data-label=\"\" class=\"df_dt_table_body_column_cell\">3 bar<\/td>\n<\/tr>\n<tr class=\"difl_datatableitem_4\">\n<td data-label=\"\" class=\"df_dt_table_body_column_cell\">Zul\u00e4ssige Betriebstemperatur:<\/td>\n<td data-label=\"\" class=\"df_dt_table_body_column_cell\">95\u00baC<\/td>\n<\/tr>\n<tr class=\"difl_datatableitem_5\">\n<td data-label=\"\" class=\"df_dt_table_body_column_cell\">Tankbetrieb im System:<\/td>\n<td data-label=\"\" class=\"df_dt_table_body_column_cell\"><strong>offen und geschlossen<\/strong><\/td>\n<\/tr>\n<tr class=\"difl_datatableitem_6\">\n<td data-label=\"\" class=\"df_dt_table_body_column_cell\">Garantie:<\/td>\n<td data-label=\"\" class=\"df_dt_table_body_column_cell\">10 Jahre<\/td>\n<\/tr>\n<\/tbody>\n<\/table>\n<p>[\/et_pb_text][\/et_pb_column][\/et_pb_row][\/et_pb_section][et_pb_section fb_built=&#8220;1&#8243; custom_padding_last_edited=&#8220;on|phone&#8220; _builder_version=&#8220;4.21.0&#8243; _module_preset=&#8220;default&#8220; custom_padding_tablet=&#8220;&#8220; custom_padding_phone=&#8220;0px||0px||false|false&#8220; da_disable_devices=&#8220;off|off|off&#8220; global_colors_info=&#8220;{}&#8220; da_is_popup=&#8220;off&#8220; da_exit_intent=&#8220;off&#8220; da_has_close=&#8220;on&#8220; da_alt_close=&#8220;off&#8220; da_dark_close=&#8220;off&#8220; da_not_modal=&#8220;on&#8220; da_is_singular=&#8220;off&#8220; da_with_loader=&#8220;off&#8220; da_has_shadow=&#8220;on&#8220;][et_pb_row _builder_version=&#8220;4.19.4&#8243; _module_preset=&#8220;default&#8220; global_colors_info=&#8220;{}&#8220;][et_pb_column type=&#8220;4_4&#8243; _builder_version=&#8220;4.19.4&#8243; _module_preset=&#8220;default&#8220; global_colors_info=&#8220;{}&#8220;][et_pb_divider color=&#8220;rgba(51,51,51,0.1)&#8220; _builder_version=&#8220;4.19.4&#8243; _module_preset=&#8220;default&#8220; width=&#8220;90%&#8220; module_alignment=&#8220;center&#8220; global_colors_info=&#8220;{}&#8220;][\/et_pb_divider][et_pb_text _builder_version=&#8220;4.19.4&#8243; _module_preset=&#8220;default&#8220; header_2_font=&#8220;|800||on|||||&#8220; header_2_text_color=&#8220;#D54508&#8243; global_colors_info=&#8220;{}&#8220;]<\/p>\n<h2>Verf\u00fcgbare Modelle<\/h2>\n<p>[\/et_pb_text][\/et_pb_column][\/et_pb_row][et_pb_row _builder_version=&#8220;4.19.4&#8243; _module_preset=&#8220;default&#8220; width=&#8220;96%&#8220; width_tablet=&#8220;98%&#8220; width_phone=&#8220;100%&#8220; width_last_edited=&#8220;on|phone&#8220; global_colors_info=&#8220;{}&#8220;][et_pb_column type=&#8220;4_4&#8243; _builder_version=&#8220;4.16&#8243; _module_preset=&#8220;default&#8220; global_colors_info=&#8220;{}&#8220;][difl_datatable make_row_cell_equal_border=&#8220;on&#8220; head_background_bgcolor=&#8220;rgba(214,214,214,0.21)&#8220; row_even_background_bgcolor=&#8220;rgba(214,214,214,0.21)&#8220; row_first_column_background_bgcolor=&#8220;#d64000&#8243; row_first_column_background_color_gradient_1=&#8220;#D54508&#8243; row_first_column_background_color_gradient_2=&#8220;#D12908&#8243; row_first_column_background_gradient_direction=&#8220;115deg&#8220; icon_color=&#8220;#FFFFFF&#8220; icon_size=&#8220;22px&#8220; head_cell_padding=&#8220;16px||16px||true|false&#8220; body_cell_padding=&#8220;18px||18px||true|false&#8220; image_margin=&#8220;|23px|||false|false&#8220; icon_margin=&#8220;|9px|||false|false&#8220; icon_size_tablet=&#8220;18px&#8220; icon_size_phone=&#8220;18px&#8220; icon_size_last_edited=&#8220;on|tablet&#8220; head_cell_padding_tablet=&#8220;16px||16px||true|false&#8220; head_cell_padding_phone=&#8220;12px||12px||true|false&#8220; head_cell_padding_last_edited=&#8220;on|phone&#8220; body_cell_padding_tablet=&#8220;20px|12px|20px|12px|true|false&#8220; body_cell_padding_phone=&#8220;2px||2px||true|false&#8220; body_cell_padding_last_edited=&#8220;on|tablet&#8220; icon_margin_tablet=&#8220;|5px|||false|false&#8220; icon_margin_phone=&#8220;|5px|||false|false&#8220; icon_margin_last_edited=&#8220;on|tablet&#8220; _builder_version=&#8220;4.20.4&#8243; _module_preset=&#8220;default&#8220; head_text_font=&#8220;Montserrat|600|||||||&#8220; head_text_text_color=&#8220;#474747&#8243; head_text_font_size=&#8220;12px&#8220; row_text_font=&#8220;Montserrat||||||||&#8220; row_text_font_size=&#8220;13px&#8220; row_text_line_height=&#8220;1.4em&#8220; row_first_column_text_font=&#8220;|500|||||||&#8220; row_first_column_text_text_color=&#8220;#FFFFFF&#8220; link_text_font=&#8220;|600|||||||&#8220; link_text_text_color=&#8220;#d64000&#8243; width_tablet=&#8220;&#8220; width_phone=&#8220;100%&#8220; width_last_edited=&#8220;on|phone&#8220; row_text_font_tablet=&#8220;Poppins|||on|||||&#8220; row_text_font_phone=&#8220;Poppins|||on|||||&#8220; row_text_font_last_edited=&#8220;on|tablet&#8220; row_text_font_size_tablet=&#8220;13px&#8220; row_text_font_size_phone=&#8220;12px&#8220; row_text_font_size_last_edited=&#8220;on|tablet&#8220; row_first_column_text_font_size_tablet=&#8220;&#8220; row_first_column_text_font_size_phone=&#8220;&#8220; row_first_column_text_font_size_last_edited=&#8220;on|tablet&#8220; border_radii_table_border=&#8220;on|16px|16px|16px|16px&#8220; border_radii_table_border_tablet=&#8220;on|16px|16px|16px|16px&#8220; border_radii_table_border_phone=&#8220;on|0px|0px|0px|0px&#8220; border_radii_table_border_last_edited=&#8220;on|phone&#8220; border_width_all_row_border=&#8220;1px&#8220; border_color_all_row_border=&#8220;rgba(255,255,255,0.11)&#8220; border_width_all_row_first_column_border=&#8220;0px&#8220; border_width_bottom_row_first_column_border=&#8220;0px&#8220; border_color_bottom_row_first_column_border=&#8220;RGBA(0,0,0,0)&#8220; box_shadow_style_table_shadow=&#8220;preset3&#8243; box_shadow_vertical_table_shadow=&#8220;8px&#8220; box_shadow_blur_table_shadow=&#8220;30px&#8220; box_shadow_spread_table_shadow=&#8220;-12px&#8220; global_colors_info=&#8220;{}&#8220; row_odd_background_bgcolor__hover_enabled=&#8220;on|hover&#8220; row_odd_background_bgcolor__hover=&#8220;#D6D6D6&#8243; row_even_background_bgcolor__hover_enabled=&#8220;on|desktop&#8220; row_even_background_bgcolor__hover=&#8220;#d6d6d6&#8243; head_background_bgcolor__hover_enabled=&#8220;on|desktop&#8220; head_background_bgcolor__hover=&#8220;rgba(214,214,214,0.21)&#8220;][difl_datatableitem row=&#8220;model GER\u00c4TEMODELL<br \/>\nHEIZLEISTUNG<br \/>\nVOLUMEN<br \/>\nDURCHMESSER<br \/>\nH\u00d6HE<br \/>\nGEWICHT&#8220; row_type=&#8220;head&#8220; _builder_version=&#8220;4.19.4&#8243; _module_preset=&#8220;default&#8220; row_text_font=&#8220;|||on|||||&#8220; global_colors_info=&#8220;{}&#8220;][\/difl_datatableitem][difl_datatableitem row=&#8220;ZBA 400<br \/>\n10 &#8211; 20 kW<br \/>\n400 L<br \/>\n670 mm<br \/>\n1900 mm<br \/>\n80 kg&#8220; icon_color=&#8220;#333333&#8243; icon_margin_tablet=&#8220;&#8220; icon_margin_phone=&#8220;&#8220; icon_margin_last_edited=&#8220;on|tablet&#8220; _builder_version=&#8220;4.19.4&#8243; _module_preset=&#8220;default&#8220; global_colors_info=&#8220;{}&#8220;][\/difl_datatableitem][difl_datatableitem row=&#8220;ZBA 700<br \/>\n20 &#8211; 30 kW<br \/>\n700 L<br \/>\n820 mm<br \/>\n2000 mm<br \/>\n115 kg&#8220; icon_color=&#8220;#333333&#8243; icon_margin_tablet=&#8220;&#8220; icon_margin_phone=&#8220;&#8220; icon_margin_last_edited=&#8220;on|tablet&#8220; _builder_version=&#8220;4.19.4&#8243; _module_preset=&#8220;default&#8220; global_colors_info=&#8220;{}&#8220;][\/difl_datatableitem][difl_datatableitem row=&#8220;ZBA 900<br \/>\n30 &#8211; 50 kW<br \/>\n900 L<br \/>\n920 mm<br \/>\n2000 mm<br \/>\n115 kg&#8220; icon_color=&#8220;#333333&#8243; _builder_version=&#8220;4.19.4&#8243; _module_preset=&#8220;default&#8220; global_colors_info=&#8220;{}&#8220;][\/difl_datatableitem][difl_datatableitem row=&#8220;ZBA 1200<br \/>\n+ 50 kW<br \/>\n1200 L<br \/>\n1050 mm<br \/>\n2200 mm<br \/>\n185 kg&#8220; icon_color=&#8220;#333333&#8243; _builder_version=&#8220;4.19.4&#8243; _module_preset=&#8220;default&#8220; global_colors_info=&#8220;{}&#8220;][\/difl_datatableitem][difl_datatableitem row=&#8220;ZBA 1500<br \/>\n+ 50 kW<br \/>\n1500 L<br \/>\n1050 mm<br \/>\n2700 mm<br \/>\n210 kg&#8220; icon_color=&#8220;#333333&#8243; _builder_version=&#8220;4.19.4&#8243; _module_preset=&#8220;default&#8220; global_colors_info=&#8220;{}&#8220;][\/difl_datatableitem][\/difl_datatable][\/et_pb_column][\/et_pb_row][\/et_pb_section][et_pb_section fb_built=&#8220;1&#8243; _builder_version=&#8220;4.19.4&#8243; _module_preset=&#8220;default&#8220; use_background_color_gradient=&#8220;on&#8220; background_color_gradient_stops=&#8220;#d54508 0%|#d12908 100%&#8220; custom_padding=&#8220;60px||60px||false|false&#8220; da_disable_devices=&#8220;off|off|off&#8220; global_colors_info=&#8220;{}&#8220; da_is_popup=&#8220;off&#8220; da_exit_intent=&#8220;off&#8220; da_has_close=&#8220;on&#8220; da_alt_close=&#8220;off&#8220; da_dark_close=&#8220;off&#8220; da_not_modal=&#8220;on&#8220; da_is_singular=&#8220;off&#8220; da_with_loader=&#8220;off&#8220; da_has_shadow=&#8220;on&#8220;][et_pb_row _builder_version=&#8220;4.19.4&#8243; _module_preset=&#8220;default&#8220; global_colors_info=&#8220;{}&#8220;][et_pb_column type=&#8220;4_4&#8243; _builder_version=&#8220;4.19.4&#8243; _module_preset=&#8220;default&#8220; global_colors_info=&#8220;{}&#8220;][et_pb_text _builder_version=&#8220;4.19.4&#8243; _module_preset=&#8220;default&#8220; header_2_font=&#8220;|800||on|||||&#8220; header_2_text_color=&#8220;#FFFFFF&#8220; header_2_line_height=&#8220;1.2em&#8220; global_colors_info=&#8220;{}&#8220;]<\/p>\n<h2>M\u00f6chten Sie mehr \u00fcber das Ger\u00e4t erfahren?<\/h2>\n<p>[\/et_pb_text][dvppl_cf7_styler button_alignment=&#8220;right&#8220; cf7=&#8220;249494&#8243; form_field_padding=&#8220;24px|15px|24px|20px|true|false&#8220; form_background_color=&#8220;#ffffff&#8220; cr_custom_styles=&#8220;on&#8220; _builder_version=&#8220;4.21.0&#8243; _module_preset=&#8220;default&#8220; form_field_font_font=&#8220;Montserrat||||||||&#8220; form_field_font_font_size=&#8220;14px&#8220; labels_font_size=&#8220;12px&#8220; placeholder_font=&#8220;Montserrat||||||||&#8220; placeholder_text_color=&#8220;#333333&#8243; placeholder_font_size=&#8220;14px&#8220; custom_submit_button=&#8220;on&#8220; submit_button_text_color=&#8220;#000000&#8243; submit_button_bg_color=&#8220;#FFFFFF&#8220; submit_button_border_color=&#8220;#FFFFFF&#8220; submit_button_border_radius=&#8220;8px&#8220; submit_button_font=&#8220;Montserrat|600|||||||&#8220; submit_button_custom_padding=&#8220;14px|48px|14px|48px|true|true&#8220; border_radii_field=&#8220;on|8px|8px|8px|8px&#8220; border_style_all_field=&#8220;none&#8220; box_shadow_style_submit_button=&#8220;preset3&#8243; global_colors_info=&#8220;{}&#8220;][\/dvppl_cf7_styler][\/et_pb_column][\/et_pb_row][\/et_pb_section]<\/p>\n","protected":false},"excerpt":{"rendered":"<p>Speicherkessel<div class=\"et_pb_module difl_imagehotspotitem difl_imagehotspotitem_0 \">\n\t\t\t\t\n\t\t\t\t\n\t\t\t\t\n\t\t\t\t\n\t\t\t\t\n\t\t\t\t\n\t\t\t\t<div class=\"et_pb_module_inner\">\n\t\t\t\t\t<div class=\"difl_marker spot_type_icon  \" data-options='Verstellbare F\u00fc\u00dfe Erleichterte Montage auf unebenen Oberfl\u00e4chen, erm\u00f6glicht die Anpassung an die Raumh\u00f6he.'>\n                        <span class=\"difl_marker_wrapper difl_image_marker\"><img decoding=\"async\" class=\"df-image-hotspot-icon\" src=\"https:\/\/www.noel.pl\/wp-content\/uploads\/2023\/05\/76dc81cd70f25528396ed9a785a80e25-1-1.png\" alt=\"regulowane nogi ico\" \/> <\/span>\n                    <\/div>\n\t\t\t\t<\/div>\n\t\t\t<\/div><div class=\"et_pb_module difl_imagehotspotitem difl_imagehotspotitem_1 \">\n\t\t\t\t\n\t\t\t\t\n\t\t\t\t\n\t\t\t\t\n\t\t\t\t\n\t\t\t\t\n\t\t\t\t<div class=\"et_pb_module_inner\">\n\t\t\t\t\t<div class=\"difl_marker spot_type_icon  \" data-options=''>\n                        <span class=\"difl_marker_wrapper difl_image_marker\"> <\/span>\n                    <\/div>\n\t\t\t\t<\/div>\n\t\t\t<\/div><\/p>\n","protected":false},"author":2,"featured_media":0,"parent":0,"menu_order":0,"comment_status":"closed","ping_status":"closed","template":"","meta":{"_et_pb_use_builder":"on","_et_pb_old_content":"","_et_gb_content_width":"","footnotes":""},"difl_page_category":[],"class_list":["post-251257","page","type-page","status-publish","hentry"],"_links":{"self":[{"href":"https:\/\/www.noel.pl\/de\/wp-json\/wp\/v2\/pages\/251257","targetHints":{"allow":["GET"]}}],"collection":[{"href":"https:\/\/www.noel.pl\/de\/wp-json\/wp\/v2\/pages"}],"about":[{"href":"https:\/\/www.noel.pl\/de\/wp-json\/wp\/v2\/types\/page"}],"author":[{"embeddable":true,"href":"https:\/\/www.noel.pl\/de\/wp-json\/wp\/v2\/users\/2"}],"replies":[{"embeddable":true,"href":"https:\/\/www.noel.pl\/de\/wp-json\/wp\/v2\/comments?post=251257"}],"version-history":[{"count":42,"href":"https:\/\/www.noel.pl\/de\/wp-json\/wp\/v2\/pages\/251257\/revisions"}],"predecessor-version":[{"id":252292,"href":"https:\/\/www.noel.pl\/de\/wp-json\/wp\/v2\/pages\/251257\/revisions\/252292"}],"wp:attachment":[{"href":"https:\/\/www.noel.pl\/de\/wp-json\/wp\/v2\/media?parent=251257"}],"wp:term":[{"taxonomy":"difl_page_category","embeddable":true,"href":"https:\/\/www.noel.pl\/de\/wp-json\/wp\/v2\/difl_page_category?post=251257"}],"curies":[{"name":"wp","href":"https:\/\/api.w.org\/{rel}","templated":true}]}}