{"id":251252,"date":"2022-11-24T12:56:01","date_gmt":"2022-11-24T11:56:01","guid":{"rendered":"https:\/\/www.noel.pl\/datenschutzrichtlinie\/"},"modified":"2023-10-26T10:21:50","modified_gmt":"2023-10-26T08:21:50","slug":"datenschutzrichtlinie","status":"publish","type":"page","link":"https:\/\/www.noel.pl\/de\/datenschutzrichtlinie\/","title":{"rendered":"Datenschutzrichtlinie"},"content":{"rendered":"\n<h2 class=\"wp-block-heading\">Allgemeine Informationen.<\/h2>\n\n<h3 class=\"wp-block-heading\">Der Administrator<\/h3>\n\n<p>Der Datenschutzbeauftragte der Website piecdrugiejtaryfy.pl ist das Unternehmen Noel Jacek Krzeszowiak mit Sitz in Spi\u017cowa 15, 53-442 Wroc\u0142aw, Steuernummer (NIP) 8831367931.<\/p>\n\n<h3 class=\"wp-block-heading\">Kontaktinformationen des Datenschutzbeauftragten<\/h3>\n\n<p>Jacek Krzeszowiak<\/p>\n\n<p>Adres: Spi\u017cowa 15, 53-442 Wroc\u0142aw<\/p>\n\n<p> Website: noel.pl<\/p>\n\n<p>biuro@noel.pl<\/p>\n\n<h3 class=\"wp-block-heading\">Informacje dotycz\u0105ce formularzy kontaktowych.<\/h3>\n\n<ol class=\"wp-block-list\">\n<li> Die Website sammelt Informationen, die vom Benutzer freiwillig bereitgestellt werden.<\/li>\n\n\n\n<li>Die Website kann auch Informationen zu den Verbindungseinstellungen (Zeitstempel, IP-Adresse) speichern.<\/li>\n\n\n\n<li>Die in dem Formular eingegebenen Daten werden ohne die Zustimmung des Benutzers nicht an Dritte weitergegeben.<\/li>\n\n\n\n<li>Die in dem Formular angegebenen Daten werden zum Zweck der Erf\u00fcllung der spezifischen Funktion des jeweiligen Formulars verarbeitet, z. B. zur Abwicklung eines Serviceantrags oder zur Durchf\u00fchrung von gesch\u00e4ftlichen Kontakten.<\/li>\n<\/ol>\n\n<h3 class=\"wp-block-heading\">Informationen \u00fcber Cookies (Kekse).<\/h3>\n\n<ol class=\"wp-block-list\">\n<li> Die Website verwendet Cookies (Kekse).<\/li>\n\n\n\n<li>Cookies (sogenannte &#8222;Kekse&#8220;) sind computerbasierte Daten, insbesondere Textdateien, die auf dem Endger\u00e4t des Nutzers der Website gespeichert werden und dazu bestimmt sind, die Nutzung der Website-Seiten zu erm\u00f6glichen. Cookies enthalten normalerweise den Namen der Website, von der sie stammen, die Dauer ihrer Speicherung auf dem Endger\u00e4t und eine eindeutige Nummer.<\/li>\n\n\n\n<li>Die Einrichtung, die Cookies auf dem Endger\u00e4t des Nutzers der Website platziert und darauf zugreift, ist der Betreiber der Website. Cookies werden zu folgenden Zwecken verwendet:<\/li>\n<\/ol>\n\n<ul class=\"wp-block-list\">\n<li>zur Erstellung von Statistiken, die dazu beitragen zu verstehen, wie die Nutzer der Website die Internetseiten nutzen, was die Verbesserung ihrer Struktur und Inhalte erm\u00f6glicht;<\/li>\n\n\n\n<li>zur Aufrechterhaltung der Sitzung des Website-Benutzers (nach der Anmeldung), wodurch der Benutzer nicht auf jeder Unterseite der Website erneut seinen Benutzernamen und sein Passwort eingeben muss;<\/li>\n\n\n\n<li>zur Profilerstellung des Benutzers, um ihm angepasste Inhalte in Werbenetzwerken, insbesondere im Google-Netzwerk, anzuzeigen.<\/li>\n<\/ul>\n\n<ol class=\"wp-block-list\">\n<li>Im Rahmen der Website werden zwei grundlegende Arten von Cookies verwendet: &#8222;Sitzungscookies&#8220; (Session Cookies) und &#8222;dauerhafte Cookies&#8220; (persistent Cookies). &#8222;Sitzungscookies&#8220; sind tempor\u00e4re Dateien, die auf dem Endger\u00e4t des Benutzers gespeichert werden, bis er sich ausloggt, die Website verl\u00e4sst oder die Software (den Internetbrowser) schlie\u00dft. &#8222;Dauerhafte&#8220; Cookies werden auf dem Endger\u00e4t des Benutzers f\u00fcr die in den Cookie-Parametern festgelegte Zeit oder bis zu ihrer L\u00f6schung durch den Benutzer gespeichert.<\/li>\n\n\n\n<li>Die Software zur Anzeige von Internetseiten (Webbrowser) erlaubt in der Regel standardm\u00e4\u00dfig das Speichern von Cookies auf dem Endger\u00e4t des Benutzers. Benutzer der Website k\u00f6nnen in diesem Bereich Einstellungen vornehmen. Der Webbrowser erm\u00f6glicht das L\u00f6schen von Cookies. Es ist auch m\u00f6glich, Cookies automatisch zu blockieren. Detaillierte Informationen dazu finden sich in der Hilfe oder Dokumentation des Internetbrowsers.<\/li>\n\n\n\n<li>Die Beschr\u00e4nkung der Verwendung von Cookies kann sich auf einige Funktionen, die auf den Websites der Website verf\u00fcgbar sind, auswirken.<\/li>\n\n\n\n<li>Cookies, die auf dem Endger\u00e4t des Website-Benutzers platziert und verwendet werden, k\u00f6nnen auch von Werbetreibenden und Partnern, die mit dem Betreiber der Website zusammenarbeiten, genutzt werden.<\/li>\n\n\n\n<li>Wir empfehlen, die Datenschutzrichtlinien dieser Unternehmen zu lesen, um die Cookie-Richtlinien zu verstehen, die in den Statistiken verwendet werden: <a href=\"https:\/\/policies.google.com\/privacy?hl=pl\" target=\"_blank\" rel=\"noreferrer noopener nofollow\">Google Analytics Datenschutzrichtlinie<\/a><\/li>\n\n\n\n<li>Cookies k\u00f6nnen von Werbenetzwerken, insbesondere dem Google-Netzwerk, verwendet werden, um Anzeigen anzuzeigen, die auf die Art und Weise abgestimmt sind, wie der Benutzer die Website nutzt. Zu diesem Zweck k\u00f6nnen sie Informationen \u00fcber die Navigation des Benutzers oder die Verweildauer auf einer bestimmten Seite speichern.<\/li>\n\n\n\n<li>Im Bereich der Informationen \u00fcber die Nutzerpr\u00e4ferenzen, die von Google Ads gesammelt werden, kann der Benutzer die Informationen, die sich aus Cookies ergeben, mit dem folgenden Tool anzeigen und bearbeiten: <a href=\"https:\/\/www.google.com\/ads\/preferences\/\" target=\"_blank\" rel=\"noreferrer noopener nofollow\">https:\/\/www.google.com\/ads\/preferences\/<\/a><\/li>\n<\/ol>\n\n<h3 class=\"wp-block-heading\">Serverprotokolle<\/h3>\n\n<p>Informacje dotycz\u0105ce niekt\u00f3rych dzia\u0142a\u0144 u\u017cytkownik\u00f3w s\u0105 rejestrowane na serwerze. Te dane s\u0105 u\u017cywane wy\u0142\u0105cznie do zarz\u0105dzania us\u0142ug\u0105 oraz zapewnienia jak najefektywniejszego \u015bwiadczenia us\u0142ug hostingowych. Przegl\u0105dane zasoby s\u0105 identyfikowane poprzez adresy URL. Ponadto mog\u0105 by\u0107 rejestrowane:<\/p>\n\n<ul class=\"wp-block-list\">\n<li>Zeitpunkt des Eingangs der Anfrage,<\/li>\n\n\n\n<li>Zeitpunkt des Versands der Antwort,<\/li>\n\n\n\n<li>den Namen der Client-Station \u2013 Identifizierung durch das HTTP-Protokoll,<\/li>\n\n\n\n<li>Informationen \u00fcber Fehler, die bei der Ausf\u00fchrung von HTTP-Transaktionen aufgetreten sind,<\/li>\n\n\n\n<li>URL-Adresse der zuvor vom Benutzer besuchten Seite (Referer-Link) \u2013 falls der \u00dcbergang zur Website \u00fcber einen Link erfolgte,<\/li>\n\n\n\n<li>informacje o przegl\u0105darce u\u017cytkownika,<\/li>\n\n\n\n<li>Informationen zur IP-Adresse.<\/li>\n<\/ul>\n\n<ol class=\"wp-block-list\">\n<li>Die oben genannten Daten werden nicht mit bestimmten Personen, die die Websites durchsuchen, verkn\u00fcpft.<\/li>\n\n\n\n<li>Die oben genannten Daten werden nur zu Verwaltungszwecken des Servers verwendet.<\/li>\n<\/ol>\n\n<p> Die Weitergabe von Daten.<\/p>\n\n<ol class=\"wp-block-list\">\n<li>Die Daten werden nur im gesetzlich zul\u00e4ssigen Rahmen an externe Parteien weitergegeben.&#13;\n&#13;\n&#13;\n&#13;\n&#13;\n<\/li>\n\n\n\n<li>Daten, die die Identifizierung einer nat\u00fcrlichen Person erm\u00f6glichen, werden nur mit der Zustimmung dieser Person weitergegeben.<\/li>\n\n\n\n<li>Der Betreiber kann verpflichtet sein, Informationen, die von der Website gesammelt wurden, aufgrund rechtm\u00e4\u00dfiger Anfragen im Rahmen der erforderlichen rechtlichen Anforderungen an befugte Beh\u00f6rden weiterzugeben.<\/li>\n<\/ol>\n\n<h3 class=\"wp-block-heading\"> Technologien und Tools f\u00fcr externe Parameter.<\/h3>\n\n<p>Auf den Websites verwenden wir folgende Tools von Drittanbietern, die zur Analyse, Anzeige von Verhaltenswerbung, Remarketing und zur Messung von Werbekampagnenergebnissen dienen.<\/p>\n\n<p>Auf Grundlage des Verhaltens des Benutzers auf den Websites und deren Seiten (z. B. Klicks, Ansichten, Verweildauer) sowie seiner Interessen (Suchverlauf im Internet), die in Cookies oder anderen von uns verwendeten Technologien gespeichert sein k\u00f6nnen, werden anonyme oder pseudonymisierte Benutzerprofile erstellt, um Verhaltenswerbung anzuzeigen. Pseudonymisierung bedeutet, dass Daten oder identifizierende Merkmale durch k\u00fcnstliche Identifikatoren (Pseudonyme) ersetzt werden. Basierend auf diesen Profilen k\u00f6nnen dem Benutzer Werbeinformationen basierend auf seinem Verhalten auf den Websites oder seinen Pr\u00e4ferenzen in Form von Verhaltenswerbung auf seinem Ger\u00e4t angezeigt werden. Informationen zum Suchverlauf bleiben anonym.<\/p>\n\n<p>Uns liegt viel daran, Werbeanzeigen optimal auf die Interessen des Benutzers abzustimmen. Daher kann der Benutzer im Rahmen von Verhaltenswerbung haupts\u00e4chlich Informationen zu Produkten oder Dienstleistungen sehen, die er zuvor auf den Websites angesehen hat. F\u00fcr diese Zwecke verwenden wir folgende Tools:<\/p>\n\n<h4 class=\"wp-block-heading\">Google Analytics<\/h4>\n\n<p>Dieses Tool sammelt anonyme Informationen \u00fcber den Besuch des Benutzers auf der Website. Dazu geh\u00f6ren unter anderem angezeigte Unterseiten, die Dauer des Besuchs und die Seiten, zwischen denen sich der Benutzer auf der Website bewegt hat. Das Ziel besteht darin, anonyme Statistiken \u00fcber die Funktionsweise der Website zu sammeln und die Aktivit\u00e4t auf der Website zu analysieren, um das Angebot an die Bed\u00fcrfnisse des Benutzers anzupassen.<\/p>\n\n<h4 class=\"wp-block-heading\">Google Ads<\/h4>\n\n<p>Dieses Tool erm\u00f6glicht es uns, Angebote in den Suchergebnissen von Google und auf Websites im Google-Werbenetzwerk zu pr\u00e4sentieren. Im Rahmen dieses Dienstes analysieren wir auch die Wirksamkeit unserer Anzeigen auf Google-Seiten, um das Angebot besser auf die Erwartungen des Benutzers abzustimmen. Wenn der Benutzer auf eine von Google angezeigte Anzeige klickt, werden durch das Speichern von Cookies nur statistische Informationen zur Identifizierung dieser Anzeige gesammelt.<\/p>\n\n<h4 class=\"wp-block-heading\">Facebook, LinkedIn<\/h4>\n\n<p>Wir verwenden Tools f\u00fcr Werbe- und Remarketing-Zwecke, die Cookies von Facebook und LinkedIn nutzen. Diese Anbieter installieren einen entsprechenden Code oder Pixel, um Informationen \u00fcber das Verhalten des Benutzers auf der Website zu sammeln. Basierend auf diesen Informationen werden dem Benutzer, der unsere Websites besucht hat, unsere Anzeigen auf anderen Websites innerhalb des Werbenetzwerks externer Anbieter angezeigt.<\/p>\n\n<h4 class=\"wp-block-heading\">Soziale Medien<\/h4>\n\n<p>Auf den Websites k\u00f6nnen auch externe Links vorhanden sein (z. B. zu einer Facebook-Fanpage oder einem YouTube-Kanal), bei deren Verwendung der Benutzer unsere Website verl\u00e4sst. Wir haben keine Kontrolle dar\u00fcber, in welchem Umfang externe Anbieter Daten sammeln, und wir haben keine Informationen dar\u00fcber, wie diese Daten verarbeitet werden. Informationen dazu finden Sie in den Datenschutzrichtlinien des jeweiligen Anbieters.<\/p>\n\n<h4 class=\"wp-block-heading\">Mehr Informationen zu externen Anbietern:<\/h4>\n\n<p>Google LLC (auch f\u00fcr YouTube), 1600 Amphitheatre Parkway, Mountain View, CA 94043, USA \u2013 <a href=\"https:\/\/policies.google.com\/privacy?hl=de\" target=\"_blank\" rel=\"noreferrer noopener nofollow\">https:\/\/policies.google.com\/privacy?hl=de<\/a><\/p>\n\n<p>Facebook Inc., 1601 S. California Ave, Palo Alto, CA 94304, USA \u2013\u00a0<a href=\"https:\/\/pl-pl.facebook.com\/privacy\/explanation\" target=\"_blank\" rel=\"noreferrer noopener nofollow\">https:\/\/pl-pl.facebook.com\/privacy\/explanation<\/a><\/p>\n\n<p>LinkedIn Corporation, 1000 West Maude Avenue, Sunnyvale, CA 94085, USA \u2013\u00a0<a href=\"https:\/\/www.linkedin.com\/legal\/cookie-policy\" target=\"_blank\" rel=\"noreferrer noopener nofollow\">https:\/\/www.linkedin.com\/legal\/cookie-policy<\/a><\/p>\n\n<p>Wir m\u00f6chten darauf hinweisen, dass einige von externen Anbietern gesammelten Daten au\u00dferhalb des Europ\u00e4ischen Wirtschaftsraums \u00fcbertragen werden k\u00f6nnen. Gleichzeitig m\u00f6chten wir darauf hinweisen, dass Google LLC, Facebook Inc. und LinkedIn Corporation das EU-US-Privacy Shield-Zertifikat besitzen, das ein angemessenes Datenschutzniveau best\u00e4tigt.<\/p>\n\n<h4 class=\"wp-block-heading\">R\u00fccknahme der Einwilligung zur Verwendung von Cookies<\/h4>\n\n<p>Der Benutzer kann Cookies l\u00f6schen, nachdem sie vom Administrator gespeichert wurden, indem er die entsprechenden Funktionen seines Internetbrowsers oder andere daf\u00fcr vorgesehene Tools verwendet.<\/p>\n\n<p>Der Benutzer kann seine Zustimmung widerrufen und die Einstellungen f\u00fcr Cookies \u00e4ndern (in den Einstellungen des Internetbrowsers), um die automatische Verarbeitung zu blockieren oder bei jeder Platzierung im Ger\u00e4t benachrichtigt zu werden. Detaillierte Informationen zur M\u00f6glichkeit und zum Umgang mit Cookies finden Sie in den Einstellungen der Software (des Internetbrowsers). Detaillierte Informationen zum Widerruf der Zustimmung in den g\u00e4ngigsten Browsern finden Sie in den folgenden Links:<\/p>\n\n<p>Internet Explorer\u2122 &#8211; <a href=\"https:\/\/support.microsoft.com\/pl-pl\/help\/278835\/how-to-delete-cookie-files-in-internet-explorer\" target=\"_blank\" rel=\"noreferrer noopener nofollow\">https:\/\/support.microsoft.com\/pl-pl\/help\/278835\/how-to-delete-cookie-files-in-internet-explorer<\/a><\/p>\n\n<p>Mozilla Firefox\u2122 &#8211; <a href=\"https:\/\/support.mozilla.org\/pl\/kb\/usuwanie-ciasteczek\" target=\"_blank\" rel=\"noreferrer noopener nofollow\">https:\/\/support.mozilla.org\/pl\/kb\/usuwanie-ciasteczek<\/a><\/p>\n\n<p>Chrome\u2122 &#8211; <a href=\"https:\/\/support.google.com\/chrome\/answer\/95647?co=GENIE.Platform%3DDesktop&amp;hl=pl\" target=\"_blank\" rel=\"noreferrer noopener nofollow\">https:\/\/support.google.com\/chrome\/answer\/95647?co=GENIE.Platform%3DDesktop&amp;hl=pl<\/a><\/p>\n\n<p>Opera\u2122 &#8211; <a href=\"https:\/\/www.opera.com\/help\/tutorials\/security\/cookies\/\" target=\"_blank\" rel=\"noreferrer noopener nofollow\">https:\/\/www.opera.com\/help\/tutorials\/security\/cookies\/<\/a><\/p>\n\n<p>Safari\u2122 &#8211; <a href=\"https:\/\/support.apple.com\/pl-pl\/HT201265\" target=\"_blank\" rel=\"noreferrer noopener nofollow\">https:\/\/support.apple.com\/pl-pl\/HT201265<\/a><\/p>\n\n<p>Nach \u00c4nderung der Einstellungen im Browser wird ein &#8222;Cookie-Opt-out&#8220; gesetzt, das nur zur Identifizierung des vom Benutzer ausgedr\u00fcckten Widerspruchs gegen die Verwendung von Cookies dient. Das &#8222;Cookie-Opt-out&#8220; funktioniert nur im Browser, in dem es gespeichert wurde. Wenn Cookies gel\u00f6scht werden, ein anderer Browser verwendet wird oder ein anderes Ger\u00e4t verwendet wird, muss dieses Cookie erneut festgelegt werden.<\/p>\n\n<p> <\/p>\n\n<p><\/p>\n\n<p><\/p>\n\n<p><\/p>\n","protected":false},"excerpt":{"rendered":"<p>Allgemeine Informationen. Der Administrator Der Datenschutzbeauftragte der Website piecdrugiejtaryfy.pl ist das Unternehmen Noel Jacek Krzeszowiak mit Sitz in Spi\u017cowa 15, 53-442 Wroc\u0142aw, Steuernummer (NIP) 8831367931. Kontaktinformationen des Datenschutzbeauftragten Jacek Krzeszowiak Adres: Spi\u017cowa 15, 53-442 Wroc\u0142aw Website: noel.pl biuro@noel.pl Informacje dotycz\u0105ce formularzy kontaktowych. Die Website sammelt Informationen, die vom Benutzer freiwillig bereitgestellt werden. Die Website kann [&hellip;]<\/p>\n","protected":false},"author":2,"featured_media":0,"parent":0,"menu_order":0,"comment_status":"closed","ping_status":"closed","template":"","meta":{"_et_pb_use_builder":"on","_et_pb_old_content":"","_et_gb_content_width":"","footnotes":""},"difl_page_category":[],"class_list":["post-251252","page","type-page","status-publish","hentry"],"_links":{"self":[{"href":"https:\/\/www.noel.pl\/de\/wp-json\/wp\/v2\/pages\/251252","targetHints":{"allow":["GET"]}}],"collection":[{"href":"https:\/\/www.noel.pl\/de\/wp-json\/wp\/v2\/pages"}],"about":[{"href":"https:\/\/www.noel.pl\/de\/wp-json\/wp\/v2\/types\/page"}],"author":[{"embeddable":true,"href":"https:\/\/www.noel.pl\/de\/wp-json\/wp\/v2\/users\/2"}],"replies":[{"embeddable":true,"href":"https:\/\/www.noel.pl\/de\/wp-json\/wp\/v2\/comments?post=251252"}],"version-history":[{"count":1,"href":"https:\/\/www.noel.pl\/de\/wp-json\/wp\/v2\/pages\/251252\/revisions"}],"predecessor-version":[{"id":251253,"href":"https:\/\/www.noel.pl\/de\/wp-json\/wp\/v2\/pages\/251252\/revisions\/251253"}],"wp:attachment":[{"href":"https:\/\/www.noel.pl\/de\/wp-json\/wp\/v2\/media?parent=251252"}],"wp:term":[{"taxonomy":"difl_page_category","embeddable":true,"href":"https:\/\/www.noel.pl\/de\/wp-json\/wp\/v2\/difl_page_category?post=251252"}],"curies":[{"name":"wp","href":"https:\/\/api.w.org\/{rel}","templated":true}]}}