{"id":251249,"date":"2018-07-09T08:50:38","date_gmt":"2018-07-09T06:50:38","guid":{"rendered":"https:\/\/www.noel.pl\/individuelles-angebot\/"},"modified":"2023-10-26T10:00:02","modified_gmt":"2023-10-26T08:00:02","slug":"individuelles-angebot","status":"publish","type":"page","link":"https:\/\/www.noel.pl\/de\/individuelles-angebot\/","title":{"rendered":"Individuelles Angebot"},"content":{"rendered":"<p>[et_pb_section fb_built=&#8220;1&#8243; admin_label=&#8220;Hero&#8220; _builder_version=&#8220;4.19.4&#8243; background_color=&#8220;#F7F7F7&#8243; background_enable_image=&#8220;off&#8220; custom_margin=&#8220;||60px||false|false&#8220; custom_padding=&#8220;0px|0px|0px|0px|false|false&#8220; background_last_edited=&#8220;on|tablet&#8220; background_enable_image_tablet=&#8220;off&#8220; da_disable_devices=&#8220;off|off|off&#8220; locked=&#8220;off&#8220; global_colors_info=&#8220;{}&#8220; da_is_popup=&#8220;off&#8220; da_exit_intent=&#8220;off&#8220; da_has_close=&#8220;on&#8220; da_alt_close=&#8220;off&#8220; da_dark_close=&#8220;off&#8220; da_not_modal=&#8220;on&#8220; da_is_singular=&#8220;off&#8220; da_with_loader=&#8220;off&#8220; da_has_shadow=&#8220;on&#8220;][et_pb_row column_structure=&#8220;1_2,1_2&#8243; use_custom_gutter=&#8220;on&#8220; gutter_width=&#8220;1&#8243; make_equal=&#8220;on&#8220; padding_top_bottom_link_1=&#8220;true&#8220; padding_top_bottom_link_2=&#8220;true&#8220; padding_left_right_link_1=&#8220;true&#8220; padding_left_right_link_2=&#8220;true&#8220; background_color_gradient_type_1=&#8220;circular&#8220; _builder_version=&#8220;4.21.0&#8243; width=&#8220;100%&#8220; max_width=&#8220;100%&#8220; custom_margin=&#8220;||||false|false&#8220; hover_enabled=&#8220;0&#8243; use_custom_width=&#8220;on&#8220; width_unit=&#8220;off&#8220; custom_width_percent=&#8220;100%&#8220; global_colors_info=&#8220;{}&#8220; sticky_enabled=&#8220;0&#8243;][et_pb_column type=&#8220;1_2&#8243; _builder_version=&#8220;4.21.0&#8243; custom_padding=&#8220;120px|44px|120px|44px|false|false&#8220; custom_padding_tablet=&#8220;60px|6%|90px|6%|false|true&#8220; custom_padding_phone=&#8220;34px|10%|34px|10%|false|true&#8220; custom_padding_last_edited=&#8220;on|desktop&#8220; hover_enabled=&#8220;0&#8243; global_colors_info=&#8220;{}&#8220; padding_tablet=&#8220;|10%||10%||true&#8220; padding_last_edited=&#8220;on|desktop&#8220; custom_padding__hover=&#8220;|||&#8220; padding_phone=&#8220;|10%||10%||true&#8220; sticky_enabled=&#8220;0&#8243;][et_pb_text _builder_version=&#8220;4.20.4&#8243; text_font=&#8220;||||||||&#8220; header_font=&#8220;Montserrat|800|||||||&#8220; header_text_color=&#8220;#333333&#8243; header_font_size=&#8220;47px&#8220; header_line_height=&#8220;1.5em&#8220; background_layout=&#8220;dark&#8220; max_width=&#8220;600px&#8220; custom_margin=&#8220;||0px|&#8220; custom_padding=&#8220;|||16%|false|false&#8220; custom_padding_tablet=&#8220;|||0%|false|false&#8220; custom_padding_phone=&#8220;|||0%|false|false&#8220; custom_padding_last_edited=&#8220;on|desktop&#8220; text_font_size_tablet=&#8220;14px&#8220; text_font_size_last_edited=&#8220;off|desktop&#8220; header_font_size_tablet=&#8220;44px&#8220; header_font_size_phone=&#8220;32px&#8220; header_font_size_last_edited=&#8220;on|phone&#8220; global_colors_info=&#8220;{}&#8220;]<\/p>\n<h1><span style=\"color: #d54508;\">Individuelles Angebot<\/span><\/h1>\n<p>[\/et_pb_text][et_pb_text _builder_version=&#8220;4.19.4&#8243; text_font=&#8220;||||||||&#8220; text_text_color=&#8220;#333333&#8243; text_font_size=&#8220;16px&#8220; text_line_height=&#8220;1.9em&#8220; header_font=&#8220;||||||||&#8220; background_layout=&#8220;dark&#8220; max_width=&#8220;800px&#8220; custom_margin=&#8220;|||&#8220; custom_padding=&#8220;20px||20px|16%|true|false&#8220; custom_padding_tablet=&#8220;20px||0px|0%|false|false&#8220; custom_padding_phone=&#8220;20px||0px|0%|false|false&#8220; custom_padding_last_edited=&#8220;on|desktop&#8220; text_font_size_tablet=&#8220;18px&#8220; text_font_size_phone=&#8220;&#8220; text_font_size_last_edited=&#8220;on|phone&#8220; global_colors_info=&#8220;{}&#8220;]<b>Ungew\u00f6hnlicher Heizraum? Kein Platz?<\/b><br \/>\nAlles ist noch m\u00f6glich. F\u00fcllen Sie das folgende Formular aus, und wir werden das passende Ger\u00e4t ausw\u00e4hlen und gem\u00e4\u00df den geltenden Sicherheitsvorschriften installieren.[\/et_pb_text][\/et_pb_column][et_pb_column type=&#8220;1_2&#8243; _builder_version=&#8220;4.21.0&#8243; background_color_gradient_start=&#8220;rgba(40,40,40,0.79)&#8220; background_color_gradient_end=&#8220;rgba(40,40,40,0.86)&#8220; background_enable_image=&#8220;off&#8220; custom_padding_tablet=&#8220;0px|0px|0px|0px|true|true&#8220; custom_padding_phone=&#8220;0px|0px|0px|0px|true|true&#8220; custom_padding_last_edited=&#8220;off|desktop&#8220; hover_enabled=&#8220;0&#8243; background_last_edited=&#8220;on|desktop&#8220; background_enable_image_tablet=&#8220;off&#8220; global_colors_info=&#8220;{}&#8220; padding_tablet=&#8220;10vw|10%|10vw|10%|true|true&#8220; padding_last_edited=&#8220;on|desktop&#8220; custom_padding__hover=&#8220;|||&#8220; padding_phone=&#8220;10vw|10%|10vw|10%|true|true&#8220; sticky_enabled=&#8220;0&#8243;][et_pb_image src=&#8220;https:\/\/www.noel.pl\/wp-content\/uploads\/2023\/05\/NOEL_MAT_SPRZED_6-1.png&#8220; title_text=&#8220;NOEL_MAT_SPRZED_6&#8243; src_tablet=&#8220;https:\/\/www.noel.pl\/wp-content\/uploads\/2023\/05\/NOEL_MAT_SPRZED_6-1.png&#8220; src_phone=&#8220;https:\/\/www.noel.pl\/wp-content\/uploads\/2023\/05\/NOEL_MAT_SPRZED_6-1.png&#8220; src_last_edited=&#8220;off|desktop&#8220; disabled_on=&#8220;off|off|off&#8220; _builder_version=&#8220;4.21.0&#8243; _module_preset=&#8220;default&#8220; max_width=&#8220;600px&#8220; custom_padding=&#8220;50px||||false|false&#8220; hover_enabled=&#8220;0&#8243; global_colors_info=&#8220;{}&#8220; max_width_last_edited=&#8220;on|phone&#8220; sticky_enabled=&#8220;0&#8243; module_alignment_last_edited=&#8220;off|tablet&#8220; custom_padding_last_edited=&#8220;on|phone&#8220; custom_padding_phone=&#8220;0px||||false|false&#8220; custom_padding_tablet=&#8220;0px||||false|false&#8220; max_width_tablet=&#8220;600px&#8220; max_width_phone=&#8220;600px&#8220;][\/et_pb_image][\/et_pb_column][\/et_pb_row][\/et_pb_section][et_pb_section fb_built=&#8220;1&#8243; _builder_version=&#8220;4.19.4&#8243; _module_preset=&#8220;default&#8220; custom_margin=&#8220;||||false|false&#8220; custom_padding=&#8220;||70px||false|false&#8220; da_disable_devices=&#8220;off|off|off&#8220; locked=&#8220;off&#8220; global_colors_info=&#8220;{}&#8220; da_is_popup=&#8220;off&#8220; da_exit_intent=&#8220;off&#8220; da_has_close=&#8220;on&#8220; da_alt_close=&#8220;off&#8220; da_dark_close=&#8220;off&#8220; da_not_modal=&#8220;on&#8220; da_is_singular=&#8220;off&#8220; da_with_loader=&#8220;off&#8220; da_has_shadow=&#8220;on&#8220;][et_pb_row _builder_version=&#8220;4.18.0&#8243; _module_preset=&#8220;default&#8220; width=&#8220;92%&#8220; global_colors_info=&#8220;{}&#8220;][et_pb_column type=&#8220;4_4&#8243; _builder_version=&#8220;4.18.0&#8243; _module_preset=&#8220;default&#8220; global_colors_info=&#8220;{}&#8220;][et_pb_text _builder_version=&#8220;4.19.4&#8243; _module_preset=&#8220;default&#8220; header_2_font=&#8220;|800|||||||&#8220; header_2_font_size=&#8220;30px&#8220; header_2_line_height=&#8220;1.4em&#8220; text_orientation=&#8220;center&#8220; custom_margin=&#8220;||18px||false|false&#8220; global_colors_info=&#8220;{}&#8220;]<\/p>\n<h2><span style=\"color: #d54508;\">Jeden<\/span> unserer Speichertanks kann an die individuellen Anforderungen Ihres Heizraums angepasst werden.<\/h2>\n<p>[\/et_pb_text][\/et_pb_column][\/et_pb_row][et_pb_row column_structure=&#8220;1_4,1_4,1_4,1_4&#8243; use_custom_gutter=&#8220;on&#8220; make_equal=&#8220;on&#8220; _builder_version=&#8220;4.19.4&#8243; _module_preset=&#8220;default&#8220; width=&#8220;90%&#8220; locked=&#8220;off&#8220; global_colors_info=&#8220;{}&#8220;][et_pb_column type=&#8220;1_4&#8243; _builder_version=&#8220;4.19.4&#8243; _module_preset=&#8220;default&#8220; background_color=&#8220;#FFFFFF&#8220; custom_padding=&#8220;14px|14px|14px|14px|true|true&#8220; border_radii=&#8220;on|8px|8px|8px|8px&#8220; border_color_all=&#8220;#a3a3a3&#8243; box_shadow_style=&#8220;preset3&#8243; box_shadow_vertical=&#8220;2px&#8220; box_shadow_blur=&#8220;15px&#8220; global_colors_info=&#8220;{}&#8220;][et_pb_blurb title=&#8220; Abmessungen&#8220; use_icon=&#8220;on&#8220; font_icon=&#8220;&#xf545;||fa||900&#8243; image_icon_width=&#8220;80px&#8220; _builder_version=&#8220;4.20.4&#8243; _module_preset=&#8220;default&#8220; header_level=&#8220;h3&#8243; header_font=&#8220;Montserrat|700|||||||&#8220; header_text_color=&#8220;#000000&#8243; header_font_size=&#8220;18px&#8220; header_line_height=&#8220;1.2em&#8220; body_font=&#8220;|300|||||||&#8220; text_orientation=&#8220;center&#8220; global_colors_info=&#8220;{}&#8220;]<\/p>\n<p>Je nach den Bedingungen in Ihrem Heizraum werden wir die H\u00f6he und Breite unseres Ger\u00e4ts entsprechend anpassen.<\/p>\n<p>[\/et_pb_blurb][\/et_pb_column][et_pb_column type=&#8220;1_4&#8243; _builder_version=&#8220;4.19.4&#8243; _module_preset=&#8220;default&#8220; background_color=&#8220;#FFFFFF&#8220; custom_padding=&#8220;14px|14px|14px|14px|true|true&#8220; border_radii=&#8220;on|8px|8px|8px|8px&#8220; border_color_all=&#8220;#a3a3a3&#8243; box_shadow_style=&#8220;preset3&#8243; box_shadow_vertical=&#8220;2px&#8220; box_shadow_blur=&#8220;15px&#8220; global_colors_info=&#8220;{}&#8220;][et_pb_blurb title=&#8220;Das Fassungsverm\u00f6gen&#8220; use_icon=&#8220;on&#8220; font_icon=&#8220;&#xf575;||fa||900&#8243; image_icon_width=&#8220;80px&#8220; _builder_version=&#8220;4.20.4&#8243; _module_preset=&#8220;default&#8220; header_level=&#8220;h3&#8243; header_font=&#8220;Montserrat|700|||||||&#8220; header_text_color=&#8220;#000000&#8243; header_font_size=&#8220;18px&#8220; header_line_height=&#8220;1.2em&#8220; body_font=&#8220;|300|||||||&#8220; text_orientation=&#8220;center&#8220; global_colors_info=&#8220;{}&#8220;]<\/p>\n<p>Um eine ordnungsgem\u00e4\u00dfe Funktion der Ger\u00e4te im Heizsystem zu gew\u00e4hrleisten, muss der Tank ein bestimmtes Fassungsverm\u00f6gen haben.<\/p>\n<p>[\/et_pb_blurb][\/et_pb_column][et_pb_column type=&#8220;1_4&#8243; _builder_version=&#8220;4.19.4&#8243; _module_preset=&#8220;default&#8220; background_color=&#8220;#FFFFFF&#8220; custom_padding=&#8220;14px|14px|14px|14px|true|true&#8220; border_radii=&#8220;on|8px|8px|8px|8px&#8220; border_color_all=&#8220;#a3a3a3&#8243; box_shadow_style=&#8220;preset3&#8243; box_shadow_vertical=&#8220;2px&#8220; box_shadow_blur=&#8220;15px&#8220; global_colors_info=&#8220;{}&#8220;][et_pb_blurb title=&#8220;Die Leistung&#8220; use_icon=&#8220;on&#8220; font_icon=&#8220;&#xf1de;||fa||900&#8243; image_icon_width=&#8220;80px&#8220; _builder_version=&#8220;4.20.4&#8243; _module_preset=&#8220;default&#8220; header_level=&#8220;h3&#8243; header_font=&#8220;Montserrat|700|||||||&#8220; header_text_color=&#8220;#000000&#8243; header_font_size=&#8220;18px&#8220; header_line_height=&#8220;1.2em&#8220; body_font=&#8220;|300|||||||&#8220; text_orientation=&#8220;center&#8220; global_colors_info=&#8220;{}&#8220;]<\/p>\n<p>Je nach Art der W\u00e4rmequellen wird die Leistung des Ger\u00e4ts ausgew\u00e4hlt.<\/p>\n<p>[\/et_pb_blurb][\/et_pb_column][et_pb_column type=&#8220;1_4&#8243; _builder_version=&#8220;4.19.4&#8243; _module_preset=&#8220;default&#8220; background_color=&#8220;#FFFFFF&#8220; custom_padding=&#8220;14px|14px|14px|14px|true|true&#8220; border_radii=&#8220;on|8px|8px|8px|8px&#8220; border_color_all=&#8220;#a3a3a3&#8243; box_shadow_style=&#8220;preset3&#8243; box_shadow_vertical=&#8220;2px&#8220; box_shadow_blur=&#8220;15px&#8220; global_colors_info=&#8220;{}&#8220;][et_pb_blurb title=&#8220;Die Verbindungen&#8220; use_icon=&#8220;on&#8220; font_icon=&#8220;&#xf0ae;||fa||900&#8243; image_icon_width=&#8220;80px&#8220; _builder_version=&#8220;4.20.4&#8243; _module_preset=&#8220;default&#8220; header_level=&#8220;h3&#8243; header_font=&#8220;Montserrat|700|||||||&#8220; header_text_color=&#8220;#000000&#8243; header_font_size=&#8220;18px&#8220; header_line_height=&#8220;1.2em&#8220; body_font=&#8220;|300|||||||&#8220; text_orientation=&#8220;center&#8220; global_colors_info=&#8220;{}&#8220;]<\/p>\n<p>Nach Ma\u00dfgabe k\u00f6nnen wir die Herstellung von zus\u00e4tzlichen, nicht standardm\u00e4\u00dfigen Verbindungsst\u00fccken vorschlagen, um ein perfektes Verbindungssystem zu schaffen.<\/p>\n<p>[\/et_pb_blurb][\/et_pb_column][\/et_pb_row][\/et_pb_section][et_pb_section fb_built=&#8220;1&#8243; _builder_version=&#8220;4.19.4&#8243; _module_preset=&#8220;default&#8220; use_background_color_gradient=&#8220;on&#8220; background_color_gradient_stops=&#8220;#d54508 0%|#d12908 100%&#8220; custom_padding=&#8220;60px||60px||false|false&#8220; da_disable_devices=&#8220;off|off|off&#8220; locked=&#8220;off&#8220; global_colors_info=&#8220;{}&#8220; da_is_popup=&#8220;off&#8220; da_exit_intent=&#8220;off&#8220; da_has_close=&#8220;on&#8220; da_alt_close=&#8220;off&#8220; da_dark_close=&#8220;off&#8220; da_not_modal=&#8220;on&#8220; da_is_singular=&#8220;off&#8220; da_with_loader=&#8220;off&#8220; da_has_shadow=&#8220;on&#8220;][et_pb_row _builder_version=&#8220;4.19.4&#8243; _module_preset=&#8220;default&#8220; global_colors_info=&#8220;{}&#8220;][et_pb_column type=&#8220;4_4&#8243; _builder_version=&#8220;4.19.4&#8243; _module_preset=&#8220;default&#8220; global_colors_info=&#8220;{}&#8220;][et_pb_text _builder_version=&#8220;4.19.4&#8243; _module_preset=&#8220;default&#8220; header_2_font=&#8220;|800||on|||||&#8220; header_2_text_align=&#8220;center&#8220; header_2_text_color=&#8220;#FFFFFF&#8220; header_2_line_height=&#8220;1.6em&#8220; global_colors_info=&#8220;{}&#8220;]<\/p>\n<h2>F\u00fcllen Sie das Formular aus, und wir werden das ideale Ger\u00e4t f\u00fcr Ihre Installation anpassen.<\/h2>\n<p>[\/et_pb_text][dvppl_cf7_styler button_alignment=&#8220;right&#8220; cf7=&#8220;18693&#8243; form_field_padding=&#8220;24px|15px|24px|20px|true|false&#8220; form_background_color=&#8220;#ffffff&#8220; cr_custom_styles=&#8220;on&#8220; cf7_message_color=&#8220;#FFFFFF&#8220; cf7_success_message_color=&#8220;#FFFFFF&#8220; cf7_error_message_color=&#8220;#FFFFFF&#8220; cf7_error_border_color=&#8220;#000000&#8243; _builder_version=&#8220;4.21.0&#8243; _module_preset=&#8220;default&#8220; form_field_font_font=&#8220;Montserrat||||||||&#8220; form_field_font_font_size=&#8220;14px&#8220; labels_font_size=&#8220;12px&#8220; placeholder_font=&#8220;Montserrat||||||||&#8220; placeholder_text_color=&#8220;#333333&#8243; placeholder_font_size=&#8220;14px&#8220; custom_submit_button=&#8220;on&#8220; submit_button_text_color=&#8220;#000000&#8243; submit_button_bg_color=&#8220;#FFFFFF&#8220; submit_button_border_color=&#8220;#FFFFFF&#8220; submit_button_border_radius=&#8220;8px&#8220; submit_button_font=&#8220;Montserrat|600|||||||&#8220; submit_button_custom_padding=&#8220;14px|48px|14px|48px|true|true&#8220; border_radii_field=&#8220;on|8px|8px|8px|8px&#8220; border_style_all_field=&#8220;none&#8220; box_shadow_style_submit_button=&#8220;preset3&#8243; global_colors_info=&#8220;{}&#8220;][\/dvppl_cf7_styler][\/et_pb_column][\/et_pb_row][\/et_pb_section]<\/p>\n","protected":false},"excerpt":{"rendered":"<p>Individuelles AngebotUngew\u00f6hnlicher Heizraum? Kein Platz? Alles ist noch m\u00f6glich. F\u00fcllen Sie das folgende Formular aus, und wir werden das passende Ger\u00e4t ausw\u00e4hlen und gem\u00e4\u00df den geltenden Sicherheitsvorschriften installieren.Jeden unserer Speichertanks kann an die individuellen Anforderungen Ihres Heizraums angepasst werden.Je nach den Bedingungen in Ihrem Heizraum werden wir die H\u00f6he und Breite unseres Ger\u00e4ts entsprechend anpassen.Um [&hellip;]<\/p>\n","protected":false},"author":2,"featured_media":250566,"parent":0,"menu_order":0,"comment_status":"closed","ping_status":"closed","template":"","meta":{"_et_pb_use_builder":"on","_et_pb_old_content":"","_et_gb_content_width":"","footnotes":""},"difl_page_category":[],"class_list":["post-251249","page","type-page","status-publish","has-post-thumbnail","hentry"],"_links":{"self":[{"href":"https:\/\/www.noel.pl\/de\/wp-json\/wp\/v2\/pages\/251249","targetHints":{"allow":["GET"]}}],"collection":[{"href":"https:\/\/www.noel.pl\/de\/wp-json\/wp\/v2\/pages"}],"about":[{"href":"https:\/\/www.noel.pl\/de\/wp-json\/wp\/v2\/types\/page"}],"author":[{"embeddable":true,"href":"https:\/\/www.noel.pl\/de\/wp-json\/wp\/v2\/users\/2"}],"replies":[{"embeddable":true,"href":"https:\/\/www.noel.pl\/de\/wp-json\/wp\/v2\/comments?post=251249"}],"version-history":[{"count":2,"href":"https:\/\/www.noel.pl\/de\/wp-json\/wp\/v2\/pages\/251249\/revisions"}],"predecessor-version":[{"id":251251,"href":"https:\/\/www.noel.pl\/de\/wp-json\/wp\/v2\/pages\/251249\/revisions\/251251"}],"wp:featuredmedia":[{"embeddable":true,"href":"https:\/\/www.noel.pl\/de\/wp-json\/wp\/v2\/media\/250566"}],"wp:attachment":[{"href":"https:\/\/www.noel.pl\/de\/wp-json\/wp\/v2\/media?parent=251249"}],"wp:term":[{"taxonomy":"difl_page_category","embeddable":true,"href":"https:\/\/www.noel.pl\/de\/wp-json\/wp\/v2\/difl_page_category?post=251249"}],"curies":[{"name":"wp","href":"https:\/\/api.w.org\/{rel}","templated":true}]}}