{"id":251243,"date":"2018-07-09T09:04:20","date_gmt":"2018-07-09T07:04:20","guid":{"rendered":"https:\/\/www.noel.pl\/noel-fuer-gewerbliche-gebaeude\/"},"modified":"2023-10-26T09:40:14","modified_gmt":"2023-10-26T07:40:14","slug":"noel-fuer-gewerbliche-gebaeude","status":"publish","type":"page","link":"https:\/\/www.noel.pl\/de\/noel-fuer-gewerbliche-gebaeude\/","title":{"rendered":"NOEL f\u00fcr gewerbliche Geb\u00e4ude"},"content":{"rendered":"<p>[et_pb_section fb_built=&#8220;1&#8243; admin_label=&#8220;Hero&#8220; _builder_version=&#8220;4.19.4&#8243; background_color=&#8220;#F7F7F7&#8243; background_enable_image=&#8220;off&#8220; custom_margin=&#8220;||60px||false|false&#8220; custom_padding=&#8220;0px|0px|0px|0px|false|false&#8220; background_last_edited=&#8220;off|desktop&#8220; background_enable_image_tablet=&#8220;off&#8220; locked=&#8220;off&#8220; global_colors_info=&#8220;{}&#8220; theme_builder_area=&#8220;post_content&#8220; da_is_popup=&#8220;off&#8220; da_exit_intent=&#8220;off&#8220; da_has_close=&#8220;on&#8220; da_alt_close=&#8220;off&#8220; da_dark_close=&#8220;off&#8220; da_not_modal=&#8220;on&#8220; da_is_singular=&#8220;off&#8220; da_with_loader=&#8220;off&#8220; da_has_shadow=&#8220;on&#8220; da_disable_devices=&#8220;off|off|off&#8220;][et_pb_row column_structure=&#8220;1_2,1_2&#8243; use_custom_gutter=&#8220;on&#8220; gutter_width=&#8220;1&#8243; make_equal=&#8220;on&#8220; padding_top_bottom_link_1=&#8220;true&#8220; padding_top_bottom_link_2=&#8220;true&#8220; padding_left_right_link_1=&#8220;true&#8220; padding_left_right_link_2=&#8220;true&#8220; background_color_gradient_type_1=&#8220;circular&#8220; _builder_version=&#8220;4.19.4&#8243; width=&#8220;100%&#8220; max_width=&#8220;100%&#8220; custom_margin=&#8220;||||false|false&#8220; custom_padding=&#8220;0px||0px||false|false&#8220; use_custom_width=&#8220;on&#8220; width_unit=&#8220;off&#8220; custom_width_percent=&#8220;100%&#8220; global_colors_info=&#8220;{}&#8220; theme_builder_area=&#8220;post_content&#8220;][et_pb_column type=&#8220;1_2&#8243; _builder_version=&#8220;4.19.4&#8243; custom_padding=&#8220;120px|44px|120px|44px|false|false&#8220; custom_padding_tablet=&#8220;60px|6%|90px|6%|false|true&#8220; custom_padding_phone=&#8220;|10%||10%||true&#8220; custom_padding_last_edited=&#8220;on|desktop&#8220; global_colors_info=&#8220;{}&#8220; padding_tablet=&#8220;|10%||10%||true&#8220; padding_last_edited=&#8220;on|desktop&#8220; custom_padding__hover=&#8220;|||&#8220; padding_phone=&#8220;|10%||10%||true&#8220; theme_builder_area=&#8220;post_content&#8220;][et_pb_text _builder_version=&#8220;4.19.4&#8243; text_font=&#8220;||||||||&#8220; header_font=&#8220;Montserrat|800|||||||&#8220; header_text_color=&#8220;#333333&#8243; header_font_size=&#8220;47px&#8220; header_line_height=&#8220;1.5em&#8220; background_layout=&#8220;dark&#8220; max_width=&#8220;800px&#8220; custom_margin=&#8220;||0px|&#8220; custom_padding=&#8220;|||16%|false|false&#8220; custom_padding_tablet=&#8220;|||0%|false|false&#8220; custom_padding_phone=&#8220;|||0%|false|false&#8220; custom_padding_last_edited=&#8220;on|desktop&#8220; text_font_size_tablet=&#8220;14px&#8220; text_font_size_last_edited=&#8220;off|desktop&#8220; header_font_size_tablet=&#8220;44px&#8220; header_font_size_phone=&#8220;32px&#8220; header_font_size_last_edited=&#8220;on|phone&#8220; global_colors_info=&#8220;{}&#8220; theme_builder_area=&#8220;post_content&#8220;]<\/p>\n<h1><span style=\"color: #d54508;\">NOEL<\/span> f\u00fcr gewerbliche Geb\u00e4ude<\/h1>\n<p>[\/et_pb_text][et_pb_text _builder_version=&#8220;4.19.4&#8243; text_font=&#8220;||||||||&#8220; text_text_color=&#8220;#333333&#8243; text_font_size=&#8220;16px&#8220; text_line_height=&#8220;1.9em&#8220; header_font=&#8220;||||||||&#8220; background_layout=&#8220;dark&#8220; max_width=&#8220;800px&#8220; custom_margin=&#8220;|||&#8220; custom_padding=&#8220;20px||20px|16%|true|false&#8220; custom_padding_tablet=&#8220;20px||0px|0%|false|false&#8220; custom_padding_phone=&#8220;20px||0px|0%|false|false&#8220; custom_padding_last_edited=&#8220;on|desktop&#8220; text_font_size_tablet=&#8220;18px&#8220; text_font_size_phone=&#8220;&#8220; text_font_size_last_edited=&#8220;on|phone&#8220; global_colors_info=&#8220;{}&#8220; theme_builder_area=&#8220;post_content&#8220;]Wir kommen! Wir beraten! Wir helfen! Wir passen den NOEL-Speicher an die Art der Installation in Ihrem Geb\u00e4ude an. Betreiben Sie eine gro\u00dfe Einrichtung und m\u00fcssen warmes Wasser f\u00fcr Dutzende oder sogar Hunderte von G\u00e4sten bereitstellen? Oder sind Sie Eigent\u00fcmer einer kleinen Pension und haben im Winter Schwierigkeiten, alle Zimmer zu heizen? Oft reicht eine kleine \u00c4nderung aus &#8211; das Hinzuf\u00fcgen eines NOEL-Speichers &#8211; um einen gro\u00dfen Unterschied zu sehen. Erfahren Sie, wie wir Ihnen helfen k\u00f6nnen.[\/et_pb_text][\/et_pb_column][et_pb_column type=&#8220;1_2&#8243; _builder_version=&#8220;4.19.4&#8243; background_color_gradient_start=&#8220;rgba(40,40,40,0.79)&#8220; background_color_gradient_end=&#8220;rgba(40,40,40,0.86)&#8220; background_image=&#8220;https:\/\/www.noel.pl\/wp-content\/uploads\/2023\/05\/hotel-221-1.jpg&#8220; custom_padding_tablet=&#8220;0px|0px|0px|0px|true|true&#8220; custom_padding_phone=&#8220;0px|0px|0px|0px|true|true&#8220; custom_padding_last_edited=&#8220;on|desktop&#8220; background_last_edited=&#8220;on|desktop&#8220; background_enable_image_tablet=&#8220;off&#8220; global_colors_info=&#8220;{}&#8220; padding_tablet=&#8220;10vw|10%|10vw|10%|true|true&#8220; padding_last_edited=&#8220;on|desktop&#8220; custom_padding__hover=&#8220;|||&#8220; padding_phone=&#8220;10vw|10%|10vw|10%|true|true&#8220; theme_builder_area=&#8220;post_content&#8220;][et_pb_image title_text=&#8220;hotel-221&#8243; align=&#8220;center&#8220; force_fullwidth=&#8220;on&#8220; src_tablet=&#8220;https:\/\/www.noel.pl\/wp-content\/uploads\/2023\/05\/hotel-221-1.jpg&#8220; src_phone=&#8220;https:\/\/www.noel.pl\/wp-content\/uploads\/2023\/05\/hotel-221-1.jpg&#8220; src_last_edited=&#8220;on|phone&#8220; disabled_on=&#8220;off|off|on&#8220; _builder_version=&#8220;4.19.4&#8243; _module_preset=&#8220;default&#8220; global_colors_info=&#8220;{}&#8220; theme_builder_area=&#8220;post_content&#8220;][\/et_pb_image][\/et_pb_column][\/et_pb_row][\/et_pb_section][et_pb_section fb_built=&#8220;1&#8243; module_id=&#8220;dla-instalatorow&#8220; _builder_version=&#8220;4.19.4&#8243; _module_preset=&#8220;default&#8220; custom_margin=&#8220;||||false|false&#8220; custom_padding=&#8220;0px||0px||false|false&#8220; locked=&#8220;off&#8220; global_colors_info=&#8220;{}&#8220; theme_builder_area=&#8220;post_content&#8220; da_is_popup=&#8220;off&#8220; da_exit_intent=&#8220;off&#8220; da_has_close=&#8220;on&#8220; da_alt_close=&#8220;off&#8220; da_dark_close=&#8220;off&#8220; da_not_modal=&#8220;on&#8220; da_is_singular=&#8220;off&#8220; da_with_loader=&#8220;off&#8220; da_has_shadow=&#8220;on&#8220; da_disable_devices=&#8220;off|off|off&#8220;][et_pb_row _builder_version=&#8220;4.19.4&#8243; _module_preset=&#8220;default&#8220; width=&#8220;92%&#8220; custom_padding=&#8220;30px||0px||false|false&#8220; global_colors_info=&#8220;{}&#8220; theme_builder_area=&#8220;post_content&#8220;][et_pb_column type=&#8220;4_4&#8243; _builder_version=&#8220;4.18.0&#8243; _module_preset=&#8220;default&#8220; global_colors_info=&#8220;{}&#8220; theme_builder_area=&#8220;post_content&#8220;][et_pb_text _builder_version=&#8220;4.19.4&#8243; _module_preset=&#8220;default&#8220; header_2_font=&#8220;|800|||||||&#8220; header_2_font_size=&#8220;30px&#8220; header_2_line_height=&#8220;1.4em&#8220; custom_margin=&#8220;||18px||false|false&#8220; global_colors_info=&#8220;{}&#8220; theme_builder_area=&#8220;post_content&#8220;]<\/p>\n<h2><span style=\"color: #d54508;\"> NOEL-Speicher<\/span> haben wir bereits an Orten wie folgenden installiert:<\/h2>\n<p>[\/et_pb_text][\/et_pb_column][\/et_pb_row][et_pb_row column_structure=&#8220;1_2,1_2&#8243; _builder_version=&#8220;4.19.4&#8243; _module_preset=&#8220;default&#8220; custom_padding=&#8220;0px||||false|false&#8220; global_colors_info=&#8220;{}&#8220; theme_builder_area=&#8220;post_content&#8220;][et_pb_column type=&#8220;1_2&#8243; _builder_version=&#8220;4.19.4&#8243; _module_preset=&#8220;default&#8220; global_colors_info=&#8220;{}&#8220; theme_builder_area=&#8220;post_content&#8220;][difl_iconlist list_item_gap=&#8220;0px&#8220; _builder_version=&#8220;4.19.4&#8243; _module_preset=&#8220;default&#8220; global_colors_info=&#8220;{}&#8220; theme_builder_area=&#8220;post_content&#8220;][difl_iconlistitem list_item_title=&#8220;Restaurants&#8220; list_item_title_tag=&#8220;p&#8220; list_item_content_max_width=&#8220;100%&#8220; list_item_icon=&#8220;&#x52;||divi||400&#8243; list_item_icon_size=&#8220;22px&#8220; list_item_icon_text_gap=&#8220;4px&#8220; list_item_icon_placement=&#8220;row&#8220; list_item_icon_vertical_placement=&#8220;center&#8220; _builder_version=&#8220;4.19.4&#8243; child_icon_text_font_size=&#8220;16px&#8220; child_icon_text_line_height=&#8220;1.7em&#8220; child_title_text_font=&#8220;|600|||||||&#8220; child_title_text_font_size=&#8220;18px&#8220; child_title_text_line_height=&#8220;0.8em&#8220; content_heading_1_line_height=&#8220;1.7em&#8220; global_colors_info=&#8220;{}&#8220; theme_builder_area=&#8220;post_content&#8220;][\/difl_iconlistitem][difl_iconlistitem list_item_title=&#8220;Hotels&#8220; list_item_title_tag=&#8220;p&#8220; list_item_content_max_width=&#8220;100%&#8220; list_item_icon=&#8220;&#x52;||divi||400&#8243; list_item_icon_size=&#8220;22px&#8220; list_item_icon_text_gap=&#8220;4px&#8220; list_item_icon_placement=&#8220;row&#8220; list_item_icon_vertical_placement=&#8220;center&#8220; _builder_version=&#8220;4.19.4&#8243; child_icon_text_font_size=&#8220;16px&#8220; child_icon_text_line_height=&#8220;1.7em&#8220; child_title_text_font=&#8220;|600|||||||&#8220; child_title_text_font_size=&#8220;18px&#8220; child_title_text_line_height=&#8220;0.8em&#8220; content_heading_1_line_height=&#8220;1.7em&#8220; global_colors_info=&#8220;{}&#8220; theme_builder_area=&#8220;post_content&#8220;][\/difl_iconlistitem][difl_iconlistitem list_item_title=&#8220;Pensionen&#8220; list_item_title_tag=&#8220;p&#8220; list_item_content_max_width=&#8220;100%&#8220; list_item_icon=&#8220;&#x52;||divi||400&#8243; list_item_icon_size=&#8220;22px&#8220; list_item_icon_text_gap=&#8220;4px&#8220; list_item_icon_placement=&#8220;row&#8220; list_item_icon_vertical_placement=&#8220;center&#8220; _builder_version=&#8220;4.19.4&#8243; child_icon_text_font_size=&#8220;16px&#8220; child_icon_text_line_height=&#8220;1.7em&#8220; child_title_text_font=&#8220;|600|||||||&#8220; child_title_text_font_size=&#8220;18px&#8220; child_title_text_line_height=&#8220;0.8em&#8220; content_heading_1_line_height=&#8220;1.7em&#8220; global_colors_info=&#8220;{}&#8220; theme_builder_area=&#8220;post_content&#8220;][\/difl_iconlistitem][difl_iconlistitem list_item_title=&#8220;Agrartourismus&#8220; list_item_title_tag=&#8220;p&#8220; list_item_content_max_width=&#8220;100%&#8220; list_item_icon=&#8220;&#x52;||divi||400&#8243; list_item_icon_size=&#8220;22px&#8220; list_item_icon_text_gap=&#8220;4px&#8220; list_item_icon_placement=&#8220;row&#8220; list_item_icon_vertical_placement=&#8220;center&#8220; _builder_version=&#8220;4.19.4&#8243; child_icon_text_font_size=&#8220;16px&#8220; child_icon_text_line_height=&#8220;1.7em&#8220; child_title_text_font=&#8220;|600|||||||&#8220; child_title_text_font_size=&#8220;18px&#8220; child_title_text_line_height=&#8220;0.8em&#8220; content_heading_1_line_height=&#8220;1.7em&#8220; global_colors_info=&#8220;{}&#8220; theme_builder_area=&#8220;post_content&#8220;][\/difl_iconlistitem][difl_iconlistitem list_item_title=&#8220;Schlachth\u00f6fe&#8220; list_item_title_tag=&#8220;p&#8220; list_item_content_max_width=&#8220;100%&#8220; list_item_icon=&#8220;&#x52;||divi||400&#8243; list_item_icon_size=&#8220;22px&#8220; list_item_icon_text_gap=&#8220;4px&#8220; list_item_icon_placement=&#8220;row&#8220; list_item_icon_vertical_placement=&#8220;center&#8220; _builder_version=&#8220;4.19.4&#8243; child_icon_text_font_size=&#8220;16px&#8220; child_icon_text_line_height=&#8220;1.7em&#8220; child_title_text_font=&#8220;|600|||||||&#8220; child_title_text_font_size=&#8220;18px&#8220; child_title_text_line_height=&#8220;0.8em&#8220; content_heading_1_line_height=&#8220;1.7em&#8220; global_colors_info=&#8220;{}&#8220; theme_builder_area=&#8220;post_content&#8220;][\/difl_iconlistitem][\/difl_iconlist][\/et_pb_column][et_pb_column type=&#8220;1_2&#8243; _builder_version=&#8220;4.19.4&#8243; _module_preset=&#8220;default&#8220; global_colors_info=&#8220;{}&#8220; theme_builder_area=&#8220;post_content&#8220;][difl_iconlist list_item_gap=&#8220;0px&#8220; _builder_version=&#8220;4.19.4&#8243; _module_preset=&#8220;default&#8220; global_colors_info=&#8220;{}&#8220; theme_builder_area=&#8220;post_content&#8220;][difl_iconlistitem list_item_title=&#8220;Krankenh\u00e4user&#8220; list_item_title_tag=&#8220;p&#8220; list_item_content_max_width=&#8220;100%&#8220; list_item_icon=&#8220;&#x52;||divi||400&#8243; list_item_icon_size=&#8220;22px&#8220; list_item_icon_text_gap=&#8220;4px&#8220; list_item_icon_placement=&#8220;row&#8220; list_item_icon_vertical_placement=&#8220;center&#8220; _builder_version=&#8220;4.19.4&#8243; child_icon_text_font_size=&#8220;16px&#8220; child_icon_text_line_height=&#8220;1.7em&#8220; child_title_text_font=&#8220;|600|||||||&#8220; child_title_text_font_size=&#8220;18px&#8220; child_title_text_line_height=&#8220;0.8em&#8220; content_heading_1_line_height=&#8220;1.7em&#8220; global_colors_info=&#8220;{}&#8220; theme_builder_area=&#8220;post_content&#8220;][\/difl_iconlistitem][difl_iconlistitem list_item_title=&#8220;Autowaschanlagen&#8220; list_item_title_tag=&#8220;p&#8220; list_item_content_max_width=&#8220;100%&#8220; list_item_icon=&#8220;&#x52;||divi||400&#8243; list_item_icon_size=&#8220;22px&#8220; list_item_icon_text_gap=&#8220;4px&#8220; list_item_icon_placement=&#8220;row&#8220; list_item_icon_vertical_placement=&#8220;center&#8220; _builder_version=&#8220;4.19.4&#8243; child_icon_text_font_size=&#8220;16px&#8220; child_icon_text_line_height=&#8220;1.7em&#8220; child_title_text_font=&#8220;|600|||||||&#8220; child_title_text_font_size=&#8220;18px&#8220; child_title_text_line_height=&#8220;0.8em&#8220; content_heading_1_line_height=&#8220;1.7em&#8220; global_colors_info=&#8220;{}&#8220; theme_builder_area=&#8220;post_content&#8220;][\/difl_iconlistitem][difl_iconlistitem list_item_title=&#8220;Fitnessstudios&#8220; list_item_title_tag=&#8220;p&#8220; list_item_content_max_width=&#8220;100%&#8220; list_item_icon=&#8220;&#x52;||divi||400&#8243; list_item_icon_size=&#8220;22px&#8220; list_item_icon_text_gap=&#8220;4px&#8220; list_item_icon_placement=&#8220;row&#8220; list_item_icon_vertical_placement=&#8220;center&#8220; _builder_version=&#8220;4.19.4&#8243; child_icon_text_font_size=&#8220;16px&#8220; child_icon_text_line_height=&#8220;1.7em&#8220; child_title_text_font=&#8220;|600|||||||&#8220; child_title_text_font_size=&#8220;18px&#8220; child_title_text_line_height=&#8220;0.8em&#8220; content_heading_1_line_height=&#8220;1.7em&#8220; global_colors_info=&#8220;{}&#8220; theme_builder_area=&#8220;post_content&#8220;][\/difl_iconlistitem][difl_iconlistitem list_item_title=&#8220;Wohnblocks&#8220; list_item_title_tag=&#8220;p&#8220; list_item_content_max_width=&#8220;100%&#8220; list_item_icon=&#8220;&#x52;||divi||400&#8243; list_item_icon_size=&#8220;22px&#8220; list_item_icon_text_gap=&#8220;4px&#8220; list_item_icon_placement=&#8220;row&#8220; list_item_icon_vertical_placement=&#8220;center&#8220; _builder_version=&#8220;4.19.4&#8243; child_icon_text_font_size=&#8220;16px&#8220; child_icon_text_line_height=&#8220;1.7em&#8220; child_title_text_font=&#8220;|600|||||||&#8220; child_title_text_font_size=&#8220;18px&#8220; child_title_text_line_height=&#8220;0.8em&#8220; content_heading_1_line_height=&#8220;1.7em&#8220; global_colors_info=&#8220;{}&#8220; theme_builder_area=&#8220;post_content&#8220;][\/difl_iconlistitem][difl_iconlistitem list_item_title=&#8220;Wohnungseigent\u00fcmergemeinschaften&#8220; list_item_title_tag=&#8220;p&#8220; list_item_content_max_width=&#8220;100%&#8220; list_item_icon=&#8220;&#x52;||divi||400&#8243; list_item_icon_size=&#8220;22px&#8220; list_item_icon_text_gap=&#8220;4px&#8220; list_item_icon_placement=&#8220;row&#8220; list_item_icon_vertical_placement=&#8220;center&#8220; _builder_version=&#8220;4.19.4&#8243; child_icon_text_font_size=&#8220;16px&#8220; child_icon_text_line_height=&#8220;1.7em&#8220; child_title_text_font=&#8220;|600|||||||&#8220; child_title_text_font_size=&#8220;18px&#8220; child_title_text_line_height=&#8220;0.8em&#8220; content_heading_1_line_height=&#8220;1.7em&#8220; global_colors_info=&#8220;{}&#8220; theme_builder_area=&#8220;post_content&#8220;][\/difl_iconlistitem][\/difl_iconlist][\/et_pb_column][\/et_pb_row][\/et_pb_section][et_pb_section fb_built=&#8220;1&#8243; _builder_version=&#8220;4.18.0&#8243; _module_preset=&#8220;default&#8220; global_colors_info=&#8220;{}&#8220; theme_builder_area=&#8220;post_content&#8220; da_is_popup=&#8220;off&#8220; da_exit_intent=&#8220;off&#8220; da_has_close=&#8220;on&#8220; da_alt_close=&#8220;off&#8220; da_dark_close=&#8220;off&#8220; da_not_modal=&#8220;on&#8220; da_is_singular=&#8220;off&#8220; da_with_loader=&#8220;off&#8220; da_has_shadow=&#8220;on&#8220; da_disable_devices=&#8220;off|off|off&#8220;][et_pb_row _builder_version=&#8220;4.18.0&#8243; _module_preset=&#8220;default&#8220; width=&#8220;92%&#8220; global_colors_info=&#8220;{}&#8220; theme_builder_area=&#8220;post_content&#8220;][et_pb_column type=&#8220;4_4&#8243; _builder_version=&#8220;4.18.0&#8243; _module_preset=&#8220;default&#8220; global_colors_info=&#8220;{}&#8220; theme_builder_area=&#8220;post_content&#8220;][et_pb_text _builder_version=&#8220;4.19.4&#8243; _module_preset=&#8220;default&#8220; header_2_font=&#8220;|800|||||||&#8220; header_2_font_size=&#8220;30px&#8220; header_2_line_height=&#8220;1.4em&#8220; custom_margin=&#8220;||18px||false|false&#8220; global_colors_info=&#8220;{}&#8220; theme_builder_area=&#8220;post_content&#8220;]<\/p>\n<h2><span style=\"color: #d54508;\">Welches Problem<\/span> l\u00f6st der NOEL-Speicher?<\/h2>\n<p>[\/et_pb_text][et_pb_text _builder_version=&#8220;4.19.4&#8243; _module_preset=&#8220;default&#8220; header_3_font=&#8220;|700|||||||&#8220; global_colors_info=&#8220;{}&#8220; theme_builder_area=&#8220;post_content&#8220;]<\/p>\n<h3>Nachfrage nach kontinuierlich hei\u00dfem Wasser<\/h3>\n<p>Im Gegensatz zu Wohnh\u00e4usern besteht in Einrichtungen wie Restaurants oder Schlachth\u00f6fen ein erh\u00f6hter Bedarf an warmem (und sogar hei\u00dfem) Wasser in sehr gro\u00dfen Mengen und fast rund um die Uhr. Die Bew\u00e4ltigung vieler G\u00e4ste, das Abwaschen von Hunderten von Geschirrteilen und das Reinigen von verschmutzten, fettigen Oberfl\u00e4chen erfordern einen st\u00e4ndigen Zugang zu warmem Wasser. Unterbrechungen in der Wasserversorgung bedeuten Verz\u00f6gerungen. Au\u00dferdem m\u00fcssen die Installationen den Anforderungen der Gesundheitsbeh\u00f6rden entsprechen, was einen konstanten Warmwasserfluss erfordert.<br \/>\nIn solchen Einrichtungen ist ein gut dimensionierter Warmwasserspeicher unerl\u00e4sslich. Der NOEL-Speicher arbeitet auf Basis der Durchfluss-Warmwasserbereitungstechnologie, die einen kontinuierlichen Zugang zu warmem Wasser gew\u00e4hrleistet. Im Vergleich zu herk\u00f6mmlichen Speichern wird Noel nicht zur H\u00e4lfte von einer einzigen W\u00e4rmequelle beheizt, wodurch er kein kaltes Wasser speichert, dessen Erw\u00e4rmung zus\u00e4tzliche Zeit in Anspruch nehmen w\u00fcrde. Warmes Wasser erscheint sofort im Wasserhahn, unabh\u00e4ngig von der ben\u00f6tigten Menge und der Anzahl der gleichzeitig verwendeten Zapfstellen.<\/p>\n<p>Die hohen Anforderungen der Kunden sind f\u00fcr uns selbstverst\u00e4ndlich, und wir suchen immer nach M\u00f6glichkeiten, sie zu erf\u00fcllen. Dies gilt auch f\u00fcr spezielle Einrichtungen &#8211; nicht nur f\u00fcr Wohnh\u00e4user.[\/et_pb_text][et_pb_text _builder_version=&#8220;4.19.4&#8243; _module_preset=&#8220;default&#8220; header_3_font=&#8220;|700|||||||&#8220; global_colors_info=&#8220;{}&#8220; theme_builder_area=&#8220;post_content&#8220;]<\/p>\n<h3>Verbindung mehrerer W\u00e4rmequellen<\/h3>\n<p>Gr\u00f6\u00dfere Einrichtungen wie Krankenh\u00e4user nutzen oft mehrere W\u00e4rmequellen, um die Heiz- und Warmwasserkosten zu senken. Wenn sie sich f\u00fcr einen herk\u00f6mmlichen Speicher entscheiden, k\u00f6nnen sie nur zwei Heizger\u00e4te integrieren, was oft nicht ausreicht. Das Ergebnis ist, dass das warme Wasser nach kurzer Zeit ausgeht, da der Speicher zur H\u00e4lfte von einer einzigen W\u00e4rmequelle beheizt wird. Wenn Sie die regelm\u00e4\u00dfige Wartung von Kathoden und Anoden vergessen, wird der Speicher im Laufe der Jahre verkalkt, und seine Effizienz wird allm\u00e4hlich abnehmen.<\/p>\n<p>In einer solchen Situation ist es ratsam, \u00fcber den Wechsel zu einem Pufferspeicher mit einer Kupferrohrschlange zur Warmwasserbereitung nachzudenken. Sie k\u00f6nnen viele Heizger\u00e4te an das Ger\u00e4t anschlie\u00dfen und sie gleichzeitig oder abwechselnd verwenden, je nachdem, was f\u00fcr Sie bequemer und wirtschaftlicher ist. Es gibt auch keine Einschr\u00e4nkungen bei der Integration erneuerbarer W\u00e4rmequellen.<\/p>\n<p>[\/et_pb_text][et_pb_text _builder_version=&#8220;4.19.4&#8243; _module_preset=&#8220;default&#8220; header_3_font=&#8220;|700|||||||&#8220; global_colors_info=&#8220;{}&#8220; theme_builder_area=&#8220;post_content&#8220;]<\/p>\n<h3>Garantie f\u00fcr bakterienfreies Wasser<\/h3>\n<p>In Einrichtungen, in denen besonderes Augenmerk auf Sicherheit gelegt wird, darf das Auftreten von gesundheitsgef\u00e4hrdenden Bakterien im Wasser nicht toleriert werden. Dies gilt sowohl f\u00fcr Orte, die mit Lebensmittelverarbeitung zu tun haben und strengen Anforderungen des Gesundheitsamtes unterliegen, als auch f\u00fcr Krankenh\u00e4user und Kinderg\u00e4rten, die strenge hygienisch-sanit\u00e4re Anforderungen erf\u00fcllen m\u00fcssen.<\/p>\n<p>In solchen Einrichtungen kann die Verwendung herk\u00f6mmlicher Warmwasserspeicher dazu f\u00fchren, dass sich Bakterien im Wassersystem ansammeln. Besonders gef\u00e4hrlich sind die Legionellenbakterien, die nach dem Eintritt in den K\u00f6rper die sogenannte Legion\u00e4rskrankheit verursachen k\u00f6nnen und letztendlich sogar t\u00f6dlich sein kann. Ein ideales Umfeld f\u00fcr das Wachstum von Legionellen ist kaltes Wasser (gespeichert durch Warmwasserspeicher).<\/p>\n<p>Die Vermehrung von Bakterien tritt jedoch nicht im Noel-Speicher auf. Die Durchfluss-Warmwasserbereitungstechnologie verhindert dies, da das Wasser im Speicher nicht steht und Bakterien keinen Platz zur Vermehrung haben. Dar\u00fcber hinaus hat das Kupfer, das zur Herstellung der Noel-Rohrschlange verwendet wird, eine antibakterielle Wirkung, was eine absolut saubere Wasserqualit\u00e4t in den Leitungen garantiert. Zus\u00e4tzlich gew\u00e4hrleistet die einwandfreie Funktion des Speichers eine 10-j\u00e4hrige Garantie.<\/p>\n<p>[\/et_pb_text][\/et_pb_column][\/et_pb_row][\/et_pb_section]<\/p>\n","protected":false},"excerpt":{"rendered":"<p>NOEL f\u00fcr gewerbliche Geb\u00e4udeWir kommen! Wir beraten! Wir helfen! Wir passen den NOEL-Speicher an die Art der Installation in Ihrem Geb\u00e4ude an. Betreiben Sie eine gro\u00dfe Einrichtung und m\u00fcssen warmes Wasser f\u00fcr Dutzende oder sogar Hunderte von G\u00e4sten bereitstellen? Oder sind Sie Eigent\u00fcmer einer kleinen Pension und haben im Winter Schwierigkeiten, alle Zimmer zu heizen? [&hellip;]<\/p>\n","protected":false},"author":2,"featured_media":250565,"parent":0,"menu_order":0,"comment_status":"closed","ping_status":"closed","template":"","meta":{"_et_pb_use_builder":"on","_et_pb_old_content":"","_et_gb_content_width":"","footnotes":""},"difl_page_category":[],"class_list":["post-251243","page","type-page","status-publish","has-post-thumbnail","hentry"],"_links":{"self":[{"href":"https:\/\/www.noel.pl\/de\/wp-json\/wp\/v2\/pages\/251243","targetHints":{"allow":["GET"]}}],"collection":[{"href":"https:\/\/www.noel.pl\/de\/wp-json\/wp\/v2\/pages"}],"about":[{"href":"https:\/\/www.noel.pl\/de\/wp-json\/wp\/v2\/types\/page"}],"author":[{"embeddable":true,"href":"https:\/\/www.noel.pl\/de\/wp-json\/wp\/v2\/users\/2"}],"replies":[{"embeddable":true,"href":"https:\/\/www.noel.pl\/de\/wp-json\/wp\/v2\/comments?post=251243"}],"version-history":[{"count":2,"href":"https:\/\/www.noel.pl\/de\/wp-json\/wp\/v2\/pages\/251243\/revisions"}],"predecessor-version":[{"id":251245,"href":"https:\/\/www.noel.pl\/de\/wp-json\/wp\/v2\/pages\/251243\/revisions\/251245"}],"wp:featuredmedia":[{"embeddable":true,"href":"https:\/\/www.noel.pl\/de\/wp-json\/wp\/v2\/media\/250565"}],"wp:attachment":[{"href":"https:\/\/www.noel.pl\/de\/wp-json\/wp\/v2\/media?parent=251243"}],"wp:term":[{"taxonomy":"difl_page_category","embeddable":true,"href":"https:\/\/www.noel.pl\/de\/wp-json\/wp\/v2\/difl_page_category?post=251243"}],"curies":[{"name":"wp","href":"https:\/\/api.w.org\/{rel}","templated":true}]}}