{"id":251234,"date":"2023-05-10T12:29:31","date_gmt":"2023-05-10T10:29:31","guid":{"rendered":"https:\/\/www.noel.pl\/intelligenter-waermespeicher\/"},"modified":"2023-10-31T06:48:40","modified_gmt":"2023-10-31T05:48:40","slug":"intelligenter-waermespeicher","status":"publish","type":"page","link":"https:\/\/www.noel.pl\/de\/intelligenter-waermespeicher\/","title":{"rendered":"Intelligenter W\u00e4rmespeicher"},"content":{"rendered":"<p>[et_pb_section fb_built=&#8220;1&#8243; admin_label=&#8220;Hero&#8220; _builder_version=&#8220;4.19.4&#8243; background_color=&#8220;#F7F7F7&#8243; background_image=&#8220;https:\/\/www.noel.pl\/wp-content\/uploads\/2023\/05\/glowny_banner_8-1400&#215;600-1-1.jpg&#8220; custom_margin=&#8220;||60px||false|false&#8220; custom_padding=&#8220;0px|0px|0px|0px|false|false&#8220; background_last_edited=&#8220;on|tablet&#8220; background_enable_image_tablet=&#8220;off&#8220; da_disable_devices=&#8220;off|off|off&#8220; global_colors_info=&#8220;{}&#8220; da_is_popup=&#8220;off&#8220; da_exit_intent=&#8220;off&#8220; da_has_close=&#8220;on&#8220; da_alt_close=&#8220;off&#8220; da_dark_close=&#8220;off&#8220; da_not_modal=&#8220;on&#8220; da_is_singular=&#8220;off&#8220; da_with_loader=&#8220;off&#8220; da_has_shadow=&#8220;on&#8220;][et_pb_row column_structure=&#8220;3_5,2_5&#8243; use_custom_gutter=&#8220;on&#8220; make_equal=&#8220;on&#8220; padding_top_bottom_link_1=&#8220;true&#8220; padding_top_bottom_link_2=&#8220;true&#8220; padding_left_right_link_1=&#8220;true&#8220; padding_left_right_link_2=&#8220;true&#8220; background_color_gradient_type_1=&#8220;circular&#8220; _builder_version=&#8220;4.21.0&#8243; width=&#8220;100%&#8220; min_height=&#8220;670px&#8220; custom_padding=&#8220;0px||0px||false|false&#8220; hover_enabled=&#8220;0&#8243; use_custom_width=&#8220;on&#8220; width_unit=&#8220;off&#8220; custom_width_percent=&#8220;100%&#8220; global_colors_info=&#8220;{}&#8220; sticky_enabled=&#8220;0&#8243;][et_pb_column type=&#8220;3_5&#8243; _builder_version=&#8220;4.21.0&#8243; custom_padding=&#8220;120px|44px|120px|44px|false|false&#8220; custom_padding_tablet=&#8220;|10%||10%||true&#8220; custom_padding_phone=&#8220;34px|10%|0px|10%|false|true&#8220; custom_padding_last_edited=&#8220;on|desktop&#8220; hover_enabled=&#8220;0&#8243; global_colors_info=&#8220;{}&#8220; padding_tablet=&#8220;|10%||10%||true&#8220; padding_last_edited=&#8220;on|desktop&#8220; custom_padding__hover=&#8220;|||&#8220; padding_phone=&#8220;|10%||10%||true&#8220; sticky_enabled=&#8220;0&#8243;][et_pb_text _builder_version=&#8220;4.21.0&#8243; text_font=&#8220;||||||||&#8220; header_font=&#8220;Montserrat|800|||||||&#8220; header_text_color=&#8220;#333333&#8243; header_font_size=&#8220;47px&#8220; header_line_height=&#8220;1.5em&#8220; background_layout=&#8220;dark&#8220; max_width=&#8220;800px&#8220; custom_margin=&#8220;||0px||false|false&#8220; custom_padding=&#8220;|||0px|false|false&#8220; hover_enabled=&#8220;0&#8243; text_font_size_tablet=&#8220;14px&#8220; text_font_size_last_edited=&#8220;off|desktop&#8220; header_font_size_tablet=&#8220;44px&#8220; header_font_size_phone=&#8220;32px&#8220; header_font_size_last_edited=&#8220;on|phone&#8220; global_colors_info=&#8220;{}&#8220; custom_margin_last_edited=&#8220;on|phone&#8220; sticky_enabled=&#8220;0&#8243; custom_margin_tablet=&#8220;||0px||false|false&#8220; custom_margin_phone=&#8220;||0px||false|false&#8220;]<\/p>\n<h1><span style=\"color: #d54508;\">IMC<\/span> &#8211; Intelligenter W\u00e4rmespeicher<\/h1>\n<p>[\/et_pb_text][et_pb_text _builder_version=&#8220;4.20.4&#8243; text_font=&#8220;||||||||&#8220; text_text_color=&#8220;#333333&#8243; text_font_size=&#8220;16px&#8220; text_line_height=&#8220;1.9em&#8220; header_font=&#8220;||||||||&#8220; background_layout=&#8220;dark&#8220; max_width=&#8220;800px&#8220; custom_margin=&#8220;|||&#8220; custom_padding=&#8220;20px||20px||true&#8220; text_font_size_tablet=&#8220;18px&#8220; text_font_size_phone=&#8220;&#8220; text_font_size_last_edited=&#8220;on|phone&#8220; global_colors_info=&#8220;{}&#8220;]<\/p>\n<p>Mit dem IMC von Noel k\u00f6nnen Sie problemlos \u00fcbersch\u00fcssige Energie speichern, die aufgrund von \u00dcberlastungen im \u00dcbertragungsnetz nicht genutzt werden kann. Mit der beigef\u00fcgten Software zur intelligenten W\u00e4rmeregulierung kann das System gem\u00e4\u00df den Benutzereinstellungen bestimmen, wo und wann die W\u00e4rme verteilt werden soll, und selbst entscheiden, wie viel elektrische Energie es in einer bestimmten Stunde ben\u00f6tigt und wie viel es ins Netz einspeisen kann.<\/p>\n<p>[\/et_pb_text][\/et_pb_column][et_pb_column type=&#8220;2_5&#8243; _builder_version=&#8220;4.18.0&#8243; background_color_gradient_start=&#8220;rgba(40,40,40,0.79)&#8220; background_color_gradient_end=&#8220;rgba(40,40,40,0.86)&#8220; custom_padding=&#8220;10vw|6vw|10vw|6vw&#8220; custom_padding_tablet=&#8220;0px|0px|0px|0px|true|true&#8220; custom_padding_phone=&#8220;0px|0px|0px|0px|true|true&#8220; custom_padding_last_edited=&#8220;on|desktop&#8220; global_colors_info=&#8220;{}&#8220; padding_tablet=&#8220;10vw|10%|10vw|10%|true|true&#8220; padding_last_edited=&#8220;on|desktop&#8220; custom_padding__hover=&#8220;|||&#8220; padding_phone=&#8220;10vw|10%|10vw|10%|true|true&#8220;][et_pb_image title_text=&#8220;glowny_banner_8-900&#215;600 copy&#8220; force_fullwidth=&#8220;on&#8220; src_tablet=&#8220;https:\/\/www.noel.pl\/wp-content\/uploads\/2023\/05\/glowny_banner_8-900&#215;600-copy-2.jpg&#8220; src_phone=&#8220;https:\/\/www.noel.pl\/wp-content\/uploads\/2023\/05\/glowny_banner_8-900&#215;600-copy-1-1.jpg&#8220; src_last_edited=&#8220;on|phone&#8220; disabled_on=&#8220;off|off|on&#8220; _builder_version=&#8220;4.19.4&#8243; _module_preset=&#8220;default&#8220; custom_margin=&#8220;||-30px||false|false&#8220; custom_padding=&#8220;||||false|false&#8220; global_colors_info=&#8220;{}&#8220;][\/et_pb_image][\/et_pb_column][\/et_pb_row][\/et_pb_section][et_pb_section fb_built=&#8220;1&#8243; admin_label=&#8220;Hero&#8220; _builder_version=&#8220;4.19.4&#8243; animation_direction=&#8220;top&#8220; background_enable_image_tablet=&#8220;off&#8220; da_disable_devices=&#8220;off|off|off&#8220; global_colors_info=&#8220;{}&#8220; da_is_popup=&#8220;off&#8220; da_exit_intent=&#8220;off&#8220; da_has_close=&#8220;on&#8220; da_alt_close=&#8220;off&#8220; da_dark_close=&#8220;off&#8220; da_not_modal=&#8220;on&#8220; da_is_singular=&#8220;off&#8220; da_with_loader=&#8220;off&#8220; da_has_shadow=&#8220;on&#8220;][et_pb_row _builder_version=&#8220;4.19.4&#8243; _module_preset=&#8220;default&#8220; global_colors_info=&#8220;{}&#8220;][et_pb_column type=&#8220;4_4&#8243; _builder_version=&#8220;4.19.4&#8243; _module_preset=&#8220;default&#8220; global_colors_info=&#8220;{}&#8220;][et_pb_text _builder_version=&#8220;4.19.4&#8243; text_font=&#8220;||||||||&#8220; header_font=&#8220;Montserrat|800|||||||&#8220; header_text_align=&#8220;left&#8220; header_text_color=&#8220;#333333&#8243; header_font_size=&#8220;47px&#8220; header_line_height=&#8220;1.6em&#8220; header_2_font=&#8220;Montserrat|800|||||||&#8220; header_2_text_color=&#8220;#333333&#8243; header_2_font_size=&#8220;32px&#8220; header_2_line_height=&#8220;1.6em&#8220; background_layout=&#8220;dark&#8220; custom_margin=&#8220;||0px|&#8220; text_font_size_tablet=&#8220;14px&#8220; text_font_size_last_edited=&#8220;off|desktop&#8220; header_font_size_tablet=&#8220;44px&#8220; header_font_size_phone=&#8220;32px&#8220; header_font_size_last_edited=&#8220;on|phone&#8220; global_colors_info=&#8220;{}&#8220;]<\/p>\n<h2>IMC <span style=\"color: #d54508;\">Das Herz<\/span> des modernen Heizraums<\/h2>\n<p>[\/et_pb_text][\/et_pb_column][\/et_pb_row][et_pb_row column_structure=&#8220;1_4,3_4&#8243; _builder_version=&#8220;4.21.0&#8243; _module_preset=&#8220;default&#8220; width=&#8220;90%&#8220; hover_enabled=&#8220;0&#8243; global_colors_info=&#8220;{}&#8220; sticky_enabled=&#8220;0&#8243;][et_pb_column type=&#8220;1_4&#8243; _builder_version=&#8220;4.19.4&#8243; _module_preset=&#8220;default&#8220; global_colors_info=&#8220;{}&#8220;][et_pb_image src=&#8220;https:\/\/www.noel.pl\/wp-content\/uploads\/2023\/05\/piec_noel-1.png&#8220; title_text=&#8220;piec_noel&#8220; align=&#8220;center&#8220; _builder_version=&#8220;4.21.0&#8243; _module_preset=&#8220;default&#8220; max_height_tablet=&#8220;404px&#8220; max_height_phone=&#8220;466px&#8220; max_height_last_edited=&#8220;on|tablet&#8220; custom_padding=&#8220;20px||||false|false&#8220; custom_padding_tablet=&#8220;0px||0px||true|false&#8220; custom_padding_phone=&#8220;0px||0px||true|false&#8220; custom_padding_last_edited=&#8220;on|tablet&#8220; hover_enabled=&#8220;0&#8243; global_colors_info=&#8220;{}&#8220; sticky_enabled=&#8220;0&#8243;][\/et_pb_image][\/et_pb_column][et_pb_column type=&#8220;3_4&#8243; _builder_version=&#8220;4.19.4&#8243; _module_preset=&#8220;default&#8220; global_colors_info=&#8220;{}&#8220;][et_pb_blurb title=&#8220;Kompatibel Verbindet jede W\u00e4rmequelle&#8220; image=&#8220;https:\/\/www.noel.pl\/wp-content\/uploads\/2023\/05\/imc-kwa-1-1.jpg&#8220; icon_placement=&#8220;left&#8220; image_icon_width=&#8220;78px&#8220; content_max_width=&#8220;800px&#8220; _builder_version=&#8220;4.21.0&#8243; _module_preset=&#8220;default&#8220; header_font=&#8220;Montserrat|800|||||||&#8220; header_font_size=&#8220;20px&#8220; header_line_height=&#8220;1.4em&#8220; max_width=&#8220;800px&#8220; custom_padding=&#8220;30px||||false|false&#8220; animation=&#8220;off&#8220; hover_enabled=&#8220;0&#8243; border_radii_image=&#8220;on|8px|8px|8px|8px&#8220; box_shadow_style_image=&#8220;preset3&#8243; global_colors_info=&#8220;{}&#8220; icon_placement_last_edited=&#8220;on|phone&#8220; icon_placement_phone=&#8220;top&#8220; image_icon_width_last_edited=&#8220;on|phone&#8220; image_icon_width_phone=&#8220;124px&#8220; sticky_enabled=&#8220;0&#8243; icon_placement_tablet=&#8220;left&#8220; image_icon_width_tablet=&#8220;78px&#8220;]<\/p>\n<p>Der Energiespeicher eignet sich ideal f\u00fcr Projekte mit mehreren W\u00e4rmeerzeugungsquellen und fungiert als Kupplungselement. Dank des W\u00e4rmespeichers k\u00f6nnen Sie mehrere Heizger\u00e4te in die Installation integrieren, die zuvor nicht zusammenarbeiten konnten.<\/p>\n<p>[\/et_pb_blurb][et_pb_blurb title=&#8220;Intelligente W\u00e4rmeverteilung&#8220; image=&#8220;https:\/\/www.noel.pl\/wp-content\/uploads\/2023\/05\/imc-kwa-3-1.jpg&#8220; icon_placement=&#8220;left&#8220; image_icon_width=&#8220;78px&#8220; content_max_width=&#8220;800px&#8220; _builder_version=&#8220;4.19.4&#8243; _module_preset=&#8220;default&#8220; header_font=&#8220;Montserrat|800|||||||&#8220; header_font_size=&#8220;20px&#8220; header_line_height=&#8220;1.4em&#8220; max_width=&#8220;800px&#8220; animation=&#8220;off&#8220; border_radii_image=&#8220;on|8px|8px|8px|8px&#8220; box_shadow_style_image=&#8220;preset3&#8243; global_colors_info=&#8220;{}&#8220; icon_placement_phone=&#8220;top&#8220; icon_placement_last_edited=&#8220;on|phone&#8220; image_icon_width_phone=&#8220;124px&#8220; image_icon_width_last_edited=&#8220;on|phone&#8220; custom_padding=&#8220;30px||||false|false&#8220; icon_placement_tablet=&#8220;left&#8220; image_icon_width_tablet=&#8220;78px&#8220;]<\/p>\n<p>Die Verwaltung der Heizung und die Verteilung der W\u00e4rme war noch nie so einfach. Mit dem NOEL-Energiespeicher-Controller k\u00f6nnen Sie die W\u00e4rme in jedem Raum individuell automatisieren oder die Temperatur bequem \u00fcber Ihr Smartphone fernsteuern.<\/p>\n<p>[\/et_pb_blurb][et_pb_blurb title=&#8220;Wirtschaftlich 30 % niedrigere Rechnungen&#8220; image=&#8220;https:\/\/www.noel.pl\/wp-content\/uploads\/2023\/05\/imc-kwa-2-1.jpg&#8220; icon_placement=&#8220;left&#8220; image_icon_width=&#8220;78px&#8220; content_max_width=&#8220;800px&#8220; _builder_version=&#8220;4.19.4&#8243; _module_preset=&#8220;default&#8220; header_font=&#8220;Montserrat|800|||||||&#8220; header_font_size=&#8220;20px&#8220; header_line_height=&#8220;1.4em&#8220; max_width=&#8220;800px&#8220; animation=&#8220;off&#8220; border_radii_image=&#8220;on|8px|8px|8px|8px&#8220; box_shadow_style_image=&#8220;preset3&#8243; global_colors_info=&#8220;{}&#8220; icon_placement_phone=&#8220;top&#8220; icon_placement_last_edited=&#8220;on|phone&#8220; image_icon_width_phone=&#8220;124px&#8220; image_icon_width_last_edited=&#8220;on|phone&#8220; custom_padding=&#8220;30px||||false|false&#8220; icon_placement_tablet=&#8220;left&#8220; image_icon_width_tablet=&#8220;78px&#8220;]<\/p>\n<p>Hergestellt mit dem Fokus auf effizientes Sparen. Wir haben eine Reihe von L\u00f6sungen wie einen hochisolierenden Tankdeckel und einen W\u00e4rmetauscher mit h\u00f6chster Leistung verwendet, um die beste Effizienz f\u00fcr die W\u00e4rmequelle zu gew\u00e4hrleisten.<\/p>\n<p>[\/et_pb_blurb][et_pb_blurb title=&#8220;Effizienz Immer verf\u00fcgbares warmes Wasser&#8220; image=&#8220;https:\/\/www.noel.pl\/wp-content\/uploads\/2023\/05\/imc-kwa-4-1.jpg&#8220; icon_placement=&#8220;left&#8220; image_icon_width=&#8220;78px&#8220; content_max_width=&#8220;800px&#8220; _builder_version=&#8220;4.19.4&#8243; _module_preset=&#8220;default&#8220; header_font=&#8220;Montserrat|800|||||||&#8220; header_font_size=&#8220;20px&#8220; header_line_height=&#8220;1.4em&#8220; max_width=&#8220;800px&#8220; animation=&#8220;off&#8220; border_radii_image=&#8220;on|8px|8px|8px|8px&#8220; box_shadow_style_image=&#8220;preset3&#8243; global_colors_info=&#8220;{}&#8220; icon_placement_phone=&#8220;top&#8220; icon_placement_last_edited=&#8220;on|phone&#8220; image_icon_width_phone=&#8220;124px&#8220; image_icon_width_last_edited=&#8220;on|phone&#8220; custom_padding=&#8220;30px||||false|false&#8220; icon_placement_tablet=&#8220;left&#8220; image_icon_width_tablet=&#8220;78px&#8220;]<\/p>\n<p>Bietet eine hohe Effizienz f\u00fcr das aktuelle Nutzwasser durch einen hohen W\u00e4rmeaustauschwert. Bei einem Wert von 50\u00b0C erm\u00f6glicht es die Bereitstellung von Warmwasser auf 45\u00b0C. Dank der Durchflusserw\u00e4rmung wird frisches, legionellenfreies Wasser gew\u00e4hrleistet.<\/p>\n<p>[\/et_pb_blurb][\/et_pb_column][\/et_pb_row][\/et_pb_section][et_pb_section fb_built=&#8220;1&#8243; admin_label=&#8220;Hero&#8220; _builder_version=&#8220;4.19.4&#8243; background_color=&#8220;#F7F7F7&#8243; animation_direction=&#8220;top&#8220; background_enable_image_tablet=&#8220;off&#8220; da_disable_devices=&#8220;off|off|off&#8220; global_colors_info=&#8220;{}&#8220; da_is_popup=&#8220;off&#8220; da_exit_intent=&#8220;off&#8220; da_has_close=&#8220;on&#8220; da_alt_close=&#8220;off&#8220; da_dark_close=&#8220;off&#8220; da_not_modal=&#8220;on&#8220; da_is_singular=&#8220;off&#8220; da_with_loader=&#8220;off&#8220; da_has_shadow=&#8220;on&#8220;][et_pb_row _builder_version=&#8220;4.21.0&#8243; _module_preset=&#8220;default&#8220; hover_enabled=&#8220;0&#8243; global_colors_info=&#8220;{}&#8220; width=&#8220;90%&#8220; sticky_enabled=&#8220;0&#8243;][et_pb_column type=&#8220;4_4&#8243; _builder_version=&#8220;4.19.4&#8243; _module_preset=&#8220;default&#8220; global_colors_info=&#8220;{}&#8220;][et_pb_text _builder_version=&#8220;4.20.4&#8243; text_font=&#8220;||||||||&#8220; header_font=&#8220;Montserrat|800|||||||&#8220; header_text_align=&#8220;left&#8220; header_text_color=&#8220;#333333&#8243; header_font_size=&#8220;47px&#8220; header_line_height=&#8220;1.6em&#8220; header_2_font=&#8220;Montserrat|800|||||||&#8220; header_2_text_color=&#8220;#333333&#8243; header_2_font_size=&#8220;32px&#8220; header_2_line_height=&#8220;1.6em&#8220; background_layout=&#8220;dark&#8220; custom_margin=&#8220;||0px|&#8220; text_font_size_tablet=&#8220;14px&#8220; text_font_size_last_edited=&#8220;off|desktop&#8220; header_font_size_tablet=&#8220;44px&#8220; header_font_size_phone=&#8220;32px&#8220; header_font_size_last_edited=&#8220;on|phone&#8220; global_colors_info=&#8220;{}&#8220;]<\/p>\n<h2><span style=\"color: #d54508;\">Speicherung thermischer Energie<\/span> &#8211; der Schl\u00fcssel zur Steigerung der Nutzung erneuerbarer Energiequellen<\/h2>\n<p>[\/et_pb_text][\/et_pb_column][\/et_pb_row][et_pb_row column_structure=&#8220;2_3,1_3&#8243; _builder_version=&#8220;4.21.0&#8243; _module_preset=&#8220;default&#8220; width=&#8220;90%&#8220; hover_enabled=&#8220;0&#8243; global_colors_info=&#8220;{}&#8220; sticky_enabled=&#8220;0&#8243;][et_pb_column type=&#8220;2_3&#8243; _builder_version=&#8220;4.19.4&#8243; _module_preset=&#8220;default&#8220; global_colors_info=&#8220;{}&#8220;][et_pb_text _builder_version=&#8220;4.20.4&#8243; _module_preset=&#8220;default&#8220; global_colors_info=&#8220;{}&#8220;]<\/p>\n<p><span>Die Energiespeicherung ist entscheidend f\u00fcr die Energiewende. Erneuerbare Energiequellen wie Sonnen- und Windenergie sind stark von den Wetterbedingungen abh\u00e4ngig, was bedeutet, dass sie nicht immer verf\u00fcgbar sind, wenn sie ben\u00f6tigt werden. Daher wird die Speicherung von Energie immer wichtiger, da sie es erm\u00f6glicht, elektrische Energie in Form von W\u00e4rme zu speichern und zu einem sp\u00e4teren Zeitpunkt zu nutzen. NOEL bietet eine breite Palette von L\u00f6sungen zur Speicherung thermischer Energie f\u00fcr verschiedene Anwendungen an.<\/span><\/p>\n<p><span>Unser intelligenter W\u00e4rmespeicher kann mit einer oder mehreren W\u00e4rmequellen wie Solarkollektoren, W\u00e4rmepumpen oder Heizkesseln verbunden werden. Dadurch k\u00f6nnen Sie verschiedene W\u00e4rmequellen nutzen und haben immer Zugang zu warmem Wasser und Heizung f\u00fcr Ihr Zuhause.<\/span><\/p>\n<p>[\/et_pb_text][\/et_pb_column][et_pb_column type=&#8220;1_3&#8243; _builder_version=&#8220;4.19.4&#8243; _module_preset=&#8220;default&#8220; global_colors_info=&#8220;{}&#8220;][et_pb_image src=&#8220;https:\/\/www.noel.pl\/wp-content\/uploads\/2023\/05\/dach-bufor-rgb-1.jpg&#8220; title_text=&#8220;dach-bufor-rgb&#8220; _builder_version=&#8220;4.21.0&#8243; _module_preset=&#8220;default&#8220; hover_enabled=&#8220;0&#8243; border_radii=&#8220;on|8px|8px|8px|8px&#8220; global_colors_info=&#8220;{}&#8220; sticky_enabled=&#8220;0&#8243; border_radii_last_edited=&#8220;on|phone&#8220; border_radii_phone=&#8220;on|0px|0px|0px|0px&#8220; border_radii_tablet=&#8220;on|8px|8px|8px|8px&#8220;][\/et_pb_image][\/et_pb_column][\/et_pb_row][\/et_pb_section][et_pb_section fb_built=&#8220;1&#8243; admin_label=&#8220;Hero&#8220; _builder_version=&#8220;4.19.4&#8243; animation_direction=&#8220;top&#8220; background_enable_image_tablet=&#8220;off&#8220; da_disable_devices=&#8220;off|off|off&#8220; global_colors_info=&#8220;{}&#8220; da_is_popup=&#8220;off&#8220; da_exit_intent=&#8220;off&#8220; da_has_close=&#8220;on&#8220; da_alt_close=&#8220;off&#8220; da_dark_close=&#8220;off&#8220; da_not_modal=&#8220;on&#8220; da_is_singular=&#8220;off&#8220; da_with_loader=&#8220;off&#8220; da_has_shadow=&#8220;on&#8220;][et_pb_row _builder_version=&#8220;4.19.4&#8243; _module_preset=&#8220;default&#8220; global_colors_info=&#8220;{}&#8220;][et_pb_column type=&#8220;4_4&#8243; _builder_version=&#8220;4.19.4&#8243; _module_preset=&#8220;default&#8220; global_colors_info=&#8220;{}&#8220;][et_pb_text _builder_version=&#8220;4.20.4&#8243; text_font=&#8220;||||||||&#8220; header_font=&#8220;Montserrat|800|||||||&#8220; header_text_align=&#8220;left&#8220; header_text_color=&#8220;#333333&#8243; header_font_size=&#8220;47px&#8220; header_line_height=&#8220;1.6em&#8220; header_2_font=&#8220;Montserrat|800|||||||&#8220; header_2_text_color=&#8220;#333333&#8243; header_2_font_size=&#8220;32px&#8220; header_2_line_height=&#8220;1.6em&#8220; background_layout=&#8220;dark&#8220; custom_margin=&#8220;||0px|&#8220; text_font_size_tablet=&#8220;14px&#8220; text_font_size_last_edited=&#8220;off|desktop&#8220; header_font_size_tablet=&#8220;44px&#8220; header_font_size_phone=&#8220;32px&#8220; header_font_size_last_edited=&#8220;on|phone&#8220; global_colors_info=&#8220;{}&#8220;]<\/p>\n<h2><span style=\"color: #d54508;\">IMC<\/span> f\u00fcr jede Heizanlage angepasst<\/h2>\n<p>[\/et_pb_text][\/et_pb_column][\/et_pb_row][et_pb_row column_structure=&#8220;1_4,3_4&#8243; _builder_version=&#8220;4.21.0&#8243; _module_preset=&#8220;default&#8220; width=&#8220;90%&#8220; hover_enabled=&#8220;0&#8243; global_colors_info=&#8220;{}&#8220; sticky_enabled=&#8220;0&#8243;][et_pb_column type=&#8220;1_4&#8243; _builder_version=&#8220;4.19.4&#8243; _module_preset=&#8220;default&#8220; global_colors_info=&#8220;{}&#8220;][et_pb_image src=&#8220;https:\/\/www.noel.pl\/wp-content\/uploads\/2023\/05\/NOEL_MAT_SPRZED_6-1.png&#8220; alt=&#8220;NOEL_MAT_SPRZED_6&#8243; title_text=&#8220;NOEL_MAT_SPRZED_6&#8243; _builder_version=&#8220;4.20.4&#8243; _module_preset=&#8220;default&#8220; global_colors_info=&#8220;{}&#8220;][\/et_pb_image][\/et_pb_column][et_pb_column type=&#8220;3_4&#8243; _builder_version=&#8220;4.19.4&#8243; _module_preset=&#8220;default&#8220; global_colors_info=&#8220;{}&#8220;][et_pb_text _builder_version=&#8220;4.21.0&#8243; _module_preset=&#8220;default&#8220; text_font_size=&#8220;20px&#8220; text_line_height=&#8220;1.9em&#8220; hover_enabled=&#8220;0&#8243; global_colors_info=&#8220;{}&#8220; sticky_enabled=&#8220;0&#8243;]<\/p>\n<p>F\u00fcr den <strong>Intelligenten W\u00e4rmespeicher<\/strong> spielt es keine Rolle, welche W\u00e4rmequellen oder W\u00e4rmeabnehmer Sie derzeit installiert haben. Dieses Heizsystem wird an die Bed\u00fcrfnisse jeder Heizanlage angepasst, und erfahrene Installateure von NOEL werden alles so verbinden, dass die Benutzer den Komfort von W\u00e4rme und warmem Nutzwasser genie\u00dfen k\u00f6nnen.<\/p>\n<p>[\/et_pb_text][\/et_pb_column][\/et_pb_row][\/et_pb_section]<\/p>\n","protected":false},"excerpt":{"rendered":"<p>IMC &#8211; Intelligenter W\u00e4rmespeicherMit dem IMC von Noel k\u00f6nnen Sie problemlos \u00fcbersch\u00fcssige Energie speichern, die aufgrund von \u00dcberlastungen im \u00dcbertragungsnetz nicht genutzt werden kann. Mit der beigef\u00fcgten Software zur intelligenten W\u00e4rmeregulierung kann das System gem\u00e4\u00df den Benutzereinstellungen bestimmen, wo und wann die W\u00e4rme verteilt werden soll, und selbst entscheiden, wie viel elektrische Energie es in [&hellip;]<\/p>\n","protected":false},"author":2,"featured_media":0,"parent":0,"menu_order":0,"comment_status":"closed","ping_status":"closed","template":"","meta":{"_et_pb_use_builder":"on","_et_pb_old_content":"","_et_gb_content_width":"","footnotes":""},"difl_page_category":[],"class_list":["post-251234","page","type-page","status-publish","hentry"],"_links":{"self":[{"href":"https:\/\/www.noel.pl\/de\/wp-json\/wp\/v2\/pages\/251234","targetHints":{"allow":["GET"]}}],"collection":[{"href":"https:\/\/www.noel.pl\/de\/wp-json\/wp\/v2\/pages"}],"about":[{"href":"https:\/\/www.noel.pl\/de\/wp-json\/wp\/v2\/types\/page"}],"author":[{"embeddable":true,"href":"https:\/\/www.noel.pl\/de\/wp-json\/wp\/v2\/users\/2"}],"replies":[{"embeddable":true,"href":"https:\/\/www.noel.pl\/de\/wp-json\/wp\/v2\/comments?post=251234"}],"version-history":[{"count":17,"href":"https:\/\/www.noel.pl\/de\/wp-json\/wp\/v2\/pages\/251234\/revisions"}],"predecessor-version":[{"id":251680,"href":"https:\/\/www.noel.pl\/de\/wp-json\/wp\/v2\/pages\/251234\/revisions\/251680"}],"wp:attachment":[{"href":"https:\/\/www.noel.pl\/de\/wp-json\/wp\/v2\/media?parent=251234"}],"wp:term":[{"taxonomy":"difl_page_category","embeddable":true,"href":"https:\/\/www.noel.pl\/de\/wp-json\/wp\/v2\/difl_page_category?post=251234"}],"curies":[{"name":"wp","href":"https:\/\/api.w.org\/{rel}","templated":true}]}}