{"id":251196,"date":"2023-05-10T11:34:10","date_gmt":"2023-05-10T09:34:10","guid":{"rendered":"https:\/\/www.noel.pl\/waermespeicher-und-photovoltaik\/"},"modified":"2023-10-25T11:06:56","modified_gmt":"2023-10-25T09:06:56","slug":"waermespeicher-und-photovoltaik","status":"publish","type":"page","link":"https:\/\/www.noel.pl\/de\/waermespeicher-und-photovoltaik\/","title":{"rendered":"W\u00e4rmespeicher und Photovoltaik"},"content":{"rendered":"<p>[et_pb_section fb_built=&#8220;1&#8243; admin_label=&#8220;Hero&#8220; _builder_version=&#8220;4.21.0&#8243; background_color=&#8220;#f4f4f4&#8243; custom_margin=&#8220;||60px||false|false&#8220; custom_padding=&#8220;0px|0px|0px|0px|false|false&#8220; background_enable_image_tablet=&#8220;off&#8220; da_disable_devices=&#8220;off|off|off&#8220; locked=&#8220;off&#8220; global_colors_info=&#8220;{}&#8220; da_is_popup=&#8220;off&#8220; da_exit_intent=&#8220;off&#8220; da_has_close=&#8220;on&#8220; da_alt_close=&#8220;off&#8220; da_dark_close=&#8220;off&#8220; da_not_modal=&#8220;on&#8220; da_is_singular=&#8220;off&#8220; da_with_loader=&#8220;off&#8220; da_has_shadow=&#8220;on&#8220;][et_pb_row column_structure=&#8220;1_2,1_2&#8243; use_custom_gutter=&#8220;on&#8220; gutter_width=&#8220;1&#8243; make_equal=&#8220;on&#8220; padding_top_bottom_link_1=&#8220;true&#8220; padding_top_bottom_link_2=&#8220;true&#8220; padding_left_right_link_1=&#8220;true&#8220; padding_left_right_link_2=&#8220;true&#8220; background_color_gradient_type_1=&#8220;circular&#8220; _builder_version=&#8220;4.21.0&#8243; width=&#8220;94%&#8220; custom_margin=&#8220;||||false|false&#8220; use_custom_width=&#8220;on&#8220; width_unit=&#8220;off&#8220; custom_width_percent=&#8220;100%&#8220; global_colors_info=&#8220;{}&#8220;][et_pb_column type=&#8220;1_2&#8243; _builder_version=&#8220;4.19.4&#8243; custom_padding=&#8220;120px|44px|120px|44px|false|false&#8220; custom_padding_tablet=&#8220;60px|6%|90px|6%|false|true&#8220; custom_padding_phone=&#8220;|10%||10%||true&#8220; custom_padding_last_edited=&#8220;on|desktop&#8220; global_colors_info=&#8220;{}&#8220; padding_tablet=&#8220;|10%||10%||true&#8220; padding_last_edited=&#8220;on|desktop&#8220; custom_padding__hover=&#8220;|||&#8220; padding_phone=&#8220;|10%||10%||true&#8220;][et_pb_text _builder_version=&#8220;4.21.0&#8243; text_font=&#8220;||||||||&#8220; header_font=&#8220;Montserrat|800|||||||&#8220; header_text_color=&#8220;#333333&#8243; header_font_size=&#8220;47px&#8220; header_line_height=&#8220;1.5em&#8220; background_layout=&#8220;dark&#8220; max_width=&#8220;800px&#8220; custom_padding_tablet=&#8220;|||0%|false|false&#8220; custom_padding_phone=&#8220;|||0%|false|false&#8220; custom_padding_last_edited=&#8220;off|desktop&#8220; text_font_size_tablet=&#8220;14px&#8220; text_font_size_last_edited=&#8220;off|desktop&#8220; header_font_size_tablet=&#8220;44px&#8220; header_font_size_phone=&#8220;32px&#8220; header_font_size_last_edited=&#8220;on|phone&#8220; global_colors_info=&#8220;{}&#8220;]<\/p>\n<h1><span style=\"color: #d54508;\">W\u00e4rmespeicher<\/span> und Photovoltaik<\/h1>\n<p>[\/et_pb_text][et_pb_text _builder_version=&#8220;4.20.4&#8243; text_font=&#8220;||||||||&#8220; text_text_color=&#8220;#333333&#8243; text_font_size=&#8220;16px&#8220; text_line_height=&#8220;1.9em&#8220; header_font=&#8220;||||||||&#8220; background_layout=&#8220;dark&#8220; max_width=&#8220;800px&#8220; custom_margin=&#8220;|||&#8220; custom_padding=&#8220;20px||20px||true|false&#8220; custom_padding_tablet=&#8220;20px||0px|0%|false|false&#8220; custom_padding_phone=&#8220;20px||0px|0%|false|false&#8220; custom_padding_last_edited=&#8220;off|desktop&#8220; text_font_size_tablet=&#8220;18px&#8220; text_font_size_phone=&#8220;&#8220; text_font_size_last_edited=&#8220;on|phone&#8220; global_colors_info=&#8220;{}&#8220;]<\/p>\n<p><span>W\u00e4rmespeicher und Photovoltaik sind die ideale Kombination, die es erm\u00f6glicht, Solarenergie effizient f\u00fcr die Beheizung von H\u00e4usern und die Bereitstellung von Warmwasser zu nutzen. Der W\u00e4rmespeicher, ein Energiespeicher, erm\u00f6glicht die Speicherung der durch Photovoltaikpaneele erzeugten W\u00e4rmeenergie, indem er elektrische Energie in thermische Energie umwandelt.<\/span><\/p>\n<p>[\/et_pb_text][et_pb_button button_text=&#8220;Warmwasser kostenlos&#8220; _builder_version=&#8220;4.21.0&#8243; _module_preset=&#8220;default&#8220; button_url=&#8220;@ET-DC@eyJkeW5hbWljIjp0cnVlLCJjb250ZW50IjoicG9zdF9saW5rX3VybF9wYWdlIiwic2V0dGluZ3MiOnsicG9zdF9pZCI6IjI1MDAzNiJ9fQ==@&#8220; _dynamic_attributes=&#8220;button_url&#8220; custom_button=&#8220;on&#8220; button_text_color=&#8220;#FFFFFF&#8220; button_bg_color=&#8220;#D54508&#8243; button_bg_enable_color=&#8220;on&#8220; button_border_color=&#8220;#D54508&#8243; button_use_icon=&#8220;off&#8220; box_shadow_style=&#8220;preset3&#8243; box_shadow_blur__hover_enabled=&#8220;on|hover&#8220; hover_enabled=&#8220;0&#8243; sticky_enabled=&#8220;0&#8243; box_shadow_blur__hover=&#8220;26px&#8220; box_shadow_vertical__hover_enabled=&#8220;on|desktop&#8220; box_shadow_vertical__hover=&#8220;18px&#8220; custom_margin__hover_enabled=&#8220;off|hover&#8220; button_font=&#8220;|||on|||||&#8220;][\/et_pb_button][\/et_pb_column][et_pb_column type=&#8220;1_2&#8243; _builder_version=&#8220;4.21.0&#8243; custom_padding_tablet=&#8220;0px|0px|0px|0px|true|true&#8220; custom_padding_phone=&#8220;0px|0px|0px|0px|true|true&#8220; custom_padding_last_edited=&#8220;on|desktop&#8220; background_enable_image_tablet=&#8220;off&#8220; global_colors_info=&#8220;{}&#8220; padding_tablet=&#8220;10vw|10%|10vw|10%|true|true&#8220; padding_last_edited=&#8220;on|desktop&#8220; custom_padding__hover=&#8220;|||&#8220; padding_phone=&#8220;10vw|10%|10vw|10%|true|true&#8220;][et_pb_image src=&#8220;https:\/\/www.noel.pl\/wp-content\/uploads\/2023\/05\/bufor-noel-panele-pv-2.png&#8220; alt=&#8220;bufor-noel-panele-pv-2&#8243; title_text=&#8220;bufor-noel-panele-pv-2&#8243; disabled_on=&#8220;off|off|off&#8220; _builder_version=&#8220;4.21.0&#8243; _module_preset=&#8220;default&#8220; custom_padding=&#8220;5vw||||false|false&#8220; global_colors_info=&#8220;{}&#8220;][\/et_pb_image][\/et_pb_column][\/et_pb_row][\/et_pb_section][et_pb_section fb_built=&#8220;1&#8243; _builder_version=&#8220;4.19.4&#8243; _module_preset=&#8220;default&#8220; custom_margin=&#8220;||||false|false&#8220; custom_padding=&#8220;0px||0px||false|false&#8220; da_disable_devices=&#8220;off|off|off&#8220; locked=&#8220;off&#8220; global_colors_info=&#8220;{}&#8220; da_is_popup=&#8220;off&#8220; da_exit_intent=&#8220;off&#8220; da_has_close=&#8220;on&#8220; da_alt_close=&#8220;off&#8220; da_dark_close=&#8220;off&#8220; da_not_modal=&#8220;on&#8220; da_is_singular=&#8220;off&#8220; da_with_loader=&#8220;off&#8220; da_has_shadow=&#8220;on&#8220;][et_pb_row _builder_version=&#8220;4.19.4&#8243; _module_preset=&#8220;default&#8220; width=&#8220;92%&#8220; custom_margin=&#8220;58px||||false|false&#8220; global_colors_info=&#8220;{}&#8220;][et_pb_column type=&#8220;4_4&#8243; _builder_version=&#8220;4.18.0&#8243; _module_preset=&#8220;default&#8220; global_colors_info=&#8220;{}&#8220;][et_pb_text _builder_version=&#8220;4.20.4&#8243; _module_preset=&#8220;default&#8220; header_2_font=&#8220;|800|||||||&#8220; header_2_font_size=&#8220;30px&#8220; header_2_line_height=&#8220;1.4em&#8220; custom_margin=&#8220;||18px||false|false&#8220; global_colors_info=&#8220;{}&#8220;]<\/p>\n<h2><span style=\"color: #d54508;\">W\u00e4rmespeicher <\/span>&#8211; Warum ist er in einer Photovoltaik-Anlage so wichtig?<\/h2>\n<p>[\/et_pb_text][et_pb_text _builder_version=&#8220;4.20.4&#8243; _module_preset=&#8220;default&#8220; global_colors_info=&#8220;{}&#8220;]<\/p>\n<p>Der NOEL-W\u00e4rmepufferspeicher ist die ideale L\u00f6sung f\u00fcr Besitzer von Photovoltaikanlagen, die die von ihren Solarpaneelen erzeugte Energie voll ausnutzen m\u00f6chten. Dank des W\u00e4rmepufferspeichers kann die Energie, die w\u00e4hrend der Spitzenproduktion entsteht, insbesondere w\u00e4hrend der l\u00e4ngeren und sonnigeren Tage im Fr\u00fchling und Sommer, gespeichert werden.<\/p>\n<p>In Gebieten mit vielen Photovoltaikanlagen kann es aufgrund zu hoher Netzspannungen zu Abschaltungen der Anlagen kommen. Die Wechselrichter erh\u00f6hen die Spannung, um Energie ins Netz einzuspeisen, aber wenn mehrere Anlagen gleichzeitig Energie einspeisen, kann die Spannung den Schwellenwert von 253 V \u00fcberschreiten, was zum Neustart der Wechselrichter und einer verringerten Effizienz der Photovoltaikanlagen f\u00fchrt.<\/p>\n<p>Um Abschaltungen zu vermeiden, lohnt es sich, den \u00dcberschuss an Energie zur Beheizung des W\u00e4rmepufferspeichers zu nutzen, der als Energiespeicher fungiert. Das auf diese Weise erw\u00e4rmte Wasser kann zur Warmwasserbereitung und zur Unterst\u00fctzung der Raumheizung im Haus verwendet werden, insbesondere in den Fr\u00fchlingsmonaten, wenn die Energieproduktion bereits hoch ist, die Tage aber immer noch k\u00fchl sind.<\/p>\n<p>Die Verwendung eines W\u00e4rmepufferspeichers in Verbindung mit einer Photovoltaikanlage bietet viele Vorteile, wie eine h\u00f6here Rendite der Photovoltaikanlage, die Vermeidung von Problemen im Zusammenhang mit Abschaltungen der Anlagen und die Beschleunigung der Kapitalrendite.<\/p>\n<p>[\/et_pb_text][et_pb_image src=&#8220;https:\/\/www.noel.pl\/wp-content\/uploads\/2023\/05\/schemat-pompaPVpodlogowkazba-1-1.jpg&#8220; alt=&#8220;Schema zur Verbindung einer W\u00e4rmepumpe mit Solarpanelen und einem MPPT-Modul&#8220; title_text=&#8220;schemat-pompa+PV+podlogowka+zba&#8211;&#8220; align=&#8220;center&#8220; _builder_version=&#8220;4.20.4&#8243; _module_preset=&#8220;default&#8220; max_width=&#8220;800px&#8220; global_colors_info=&#8220;{}&#8220;][\/et_pb_image][\/et_pb_column][\/et_pb_row][\/et_pb_section][et_pb_section fb_built=&#8220;1&#8243; _builder_version=&#8220;4.19.4&#8243; _module_preset=&#8220;default&#8220; custom_margin=&#8220;||||false|false&#8220; custom_padding=&#8220;0px||0px||false|false&#8220; da_disable_devices=&#8220;off|off|off&#8220; locked=&#8220;off&#8220; global_colors_info=&#8220;{}&#8220; da_is_popup=&#8220;off&#8220; da_exit_intent=&#8220;off&#8220; da_has_close=&#8220;on&#8220; da_alt_close=&#8220;off&#8220; da_dark_close=&#8220;off&#8220; da_not_modal=&#8220;on&#8220; da_is_singular=&#8220;off&#8220; da_with_loader=&#8220;off&#8220; da_has_shadow=&#8220;on&#8220;][et_pb_row _builder_version=&#8220;4.19.4&#8243; _module_preset=&#8220;default&#8220; width=&#8220;92%&#8220; custom_margin=&#8220;58px||||false|false&#8220; global_colors_info=&#8220;{}&#8220;][et_pb_column type=&#8220;4_4&#8243; _builder_version=&#8220;4.18.0&#8243; _module_preset=&#8220;default&#8220; global_colors_info=&#8220;{}&#8220;][et_pb_text _builder_version=&#8220;4.20.4&#8243; _module_preset=&#8220;default&#8220; header_2_font=&#8220;|800|||||||&#8220; header_2_font_size=&#8220;30px&#8220; header_2_line_height=&#8220;1.4em&#8220; custom_margin=&#8220;||18px||false|false&#8220; global_colors_info=&#8220;{}&#8220;]<\/p>\n<h2><span style=\"color: #d54508;\">In-Grid <\/span>&#8211; Erw\u00e4rmung des Pufferspeichers mit Solarenergie bei \u00dcberschuss an elektrischer Energie.<\/h2>\n<p>[\/et_pb_text][et_pb_text _builder_version=&#8220;4.20.4&#8243; _module_preset=&#8220;default&#8220; global_colors_info=&#8220;{}&#8220;]<\/p>\n<p>Wenn Sie Besitzer einer Photovoltaikanlage sind und nach M\u00f6glichkeiten suchen, Ihre Stromkosten zu senken, kann der Intelligente W\u00e4rmespeicher Ihr bester Verb\u00fcndeter sein. Dies ist besonders wichtig f\u00fcr Eigenverbraucher, die sich nach dem 1. April 2022, als \u00c4nderungen in der Abrechnung eingef\u00fchrt wurden, dem Kreis der Besitzer einer eigenen Solaranlage anschlie\u00dfen m\u00f6chten. Seitdem wird die tags\u00fcber erzeugte Energie nicht mehr kostenlos vom Energieversorger gespeichert.<\/p>\n<p>Daher ist der Speicher f\u00fcr thermische Energie die ideale L\u00f6sung f\u00fcr diejenigen, die den Energiefluss zwischen dem Netz und der Photovoltaikanlage reduzieren m\u00f6chten. Auf diese Weise wird ein Teil der erzeugten Energie f\u00fcr den aktuellen Bedarf und die Erw\u00e4rmung des W\u00e4rmespeichers verwendet, w\u00e4hrend nur der \u00dcberschuss an das Netz abgegeben wird. Auf diese Weise nutzen Sie Ihre selbst erzeugte Energie zur Bereitstellung von Warmwasser und zur Beheizung an Fr\u00fchlingstagen.<\/p>\n<p>Gespeicherte Energie wird dann verwendet, wenn die Energieerzeugung niedriger ist als der Bedarf, z. B. abends oder in weniger effizienten Produktionsperioden. Wenn der Bedarf jedoch die Produktion \u00fcbersteigt, wird Energie aus dem Netz bezogen. Auf diese Weise wird das Stromnetz nur im absolut notwendigen Ma\u00dfe genutzt, was ein hervorragendes Beispiel f\u00fcr den Eigenverbrauch von Energie darstellt.<\/p>\n<p>[\/et_pb_text][et_pb_text ul_type=&#8220;square&#8220; ul_position=&#8220;inside&#8220; _builder_version=&#8220;4.20.4&#8243; _module_preset=&#8220;default&#8220; header_3_font=&#8220;|600|||||||&#8220; header_3_font_size=&#8220;16px&#8220; header_3_line_height=&#8220;1.6em&#8220; global_colors_info=&#8220;{}&#8220;]<\/p>\n<h3>Vorteile des Aufheizens des W\u00e4rmespeichers nach dem In-Grid-Prinzip<\/h3>\n<ul>\n<li><strong>Steigerung des Gewinns aus Photovoltaikanlagen<\/strong> &#8211; Im Gegensatz zur Situation, in der der \u00dcberschuss an Energie in das Netz eingespeist wird, erm\u00f6glicht die Verwendung eines W\u00e4rmespeichers die Verwendung von Energie vor Ort. Dadurch wird die Rendite der Investition beschleunigt.<\/li>\n<li><strong>Schutz der Wechselrichter vor h\u00e4ufigen Neustarts<\/strong> &#8211; Ein weiterer Vorteil besteht darin, das Problem der Abschaltung der Anlage aufgrund von zu hohen Netzspannungen zu begrenzen. Das Abschalten der Wechselrichter aufgrund dieses Problems wirkt sich negativ auf deren Lebensdauer aus und kann die Produktionsergebnisse erheblich beeintr\u00e4chtigen.<\/li>\n<li><strong>Stabile Energieproduktion<\/strong> &#8211; Durch die Verwendung eines W\u00e4rmespeichers k\u00f6nnen \u00dcbersch\u00fcsse an Energie gespeichert und zur Erw\u00e4rmung von Brauchwasser oder zur Unterst\u00fctzung des Heizsystems in Zeiten mit geringerer Energieproduktion genutzt werden. Dadurch werden h\u00e4ufige Abschaltungen der Anlage vermieden, was zu einer stabilen Energieproduktion beitr\u00e4gt.<\/li>\n<\/ul>\n<p>[\/et_pb_text][\/et_pb_column][\/et_pb_row][\/et_pb_section][et_pb_section fb_built=&#8220;1&#8243; _builder_version=&#8220;4.19.4&#8243; _module_preset=&#8220;default&#8220; custom_margin=&#8220;||||false|false&#8220; custom_padding=&#8220;0px||0px||false|false&#8220; da_disable_devices=&#8220;off|off|off&#8220; locked=&#8220;off&#8220; global_colors_info=&#8220;{}&#8220; da_is_popup=&#8220;off&#8220; da_exit_intent=&#8220;off&#8220; da_has_close=&#8220;on&#8220; da_alt_close=&#8220;off&#8220; da_dark_close=&#8220;off&#8220; da_not_modal=&#8220;on&#8220; da_is_singular=&#8220;off&#8220; da_with_loader=&#8220;off&#8220; da_has_shadow=&#8220;on&#8220;][et_pb_row _builder_version=&#8220;4.19.4&#8243; _module_preset=&#8220;default&#8220; width=&#8220;92%&#8220; custom_margin=&#8220;58px||||false|false&#8220; global_colors_info=&#8220;{}&#8220;][et_pb_column type=&#8220;4_4&#8243; _builder_version=&#8220;4.18.0&#8243; _module_preset=&#8220;default&#8220; global_colors_info=&#8220;{}&#8220;][et_pb_text _builder_version=&#8220;4.20.4&#8243; _module_preset=&#8220;default&#8220; header_2_font=&#8220;|800|||||||&#8220; header_2_font_size=&#8220;30px&#8220; header_2_line_height=&#8220;1.4em&#8220; custom_margin=&#8220;||18px||false|false&#8220; global_colors_info=&#8220;{}&#8220;]<\/p>\n<h2><span style=\"color: #d54508;\">Off-Grid <\/span>&#8211; Erw\u00e4rmen des W\u00e4rmespeichers mit Photovoltaikmodulen unter Verwendung der MPPT-Funktion &#8211; als eigenst\u00e4ndige Heizquelle.<\/h2>\n<p>[\/et_pb_text][et_pb_text _builder_version=&#8220;4.20.4&#8243; _module_preset=&#8220;default&#8220; global_colors_info=&#8220;{}&#8220;]<\/p>\n<p>M\u00f6chten Sie Solarenergie nutzen, um Warmwasser zu erzeugen, ohne Ihre Photovoltaikanlage an das Stromnetz anschlie\u00dfen zu m\u00fcssen? In diesem Fall haben wir die perfekte L\u00f6sung f\u00fcr Sie &#8211; die Kombination von Photovoltaikmodulen mit leistungsstarken elektrischen Heizst\u00e4ben, die im Pufferspeicher mit einem Kupferrohr f\u00fcr Trinkwassererw\u00e4rmung (C.W.U.) installiert sind. NOEL bietet einsatzbereite L\u00f6sungen dieser Art an, bei denen die gesamte Installation einen entsprechend dimensionierten MPPT-Regler (Maximum Power Point Tracking) f\u00fcr die Heizst\u00e4be verwendet.<\/p>\n<p>Der MPPT-Regler funktioniert, indem er die Ausgangsspannung anpasst, damit das Solarpanel mit maximaler Effizienz arbeitet. Dadurch passt der Regler seine Parameter automatisch an, wenn sich die Wetterbedingungen \u00e4ndern (z. B. wenn Wolken die Sonne verdecken), um immer die maximale Menge an Energie aus den Photovoltaikmodulen zu gewinnen und sie zur Erw\u00e4rmung des Pufferspeichers zu nutzen. Diese Verbindung erm\u00f6glicht es Ihnen, Sonnenenergie unabh\u00e4ngig und eigenst\u00e4ndig zur Erzeugung von Warmwasser zu nutzen.<\/p>\n<p>[\/et_pb_text][et_pb_text ul_type=&#8220;square&#8220; ul_position=&#8220;inside&#8220; _builder_version=&#8220;4.20.4&#8243; _module_preset=&#8220;default&#8220; header_3_font=&#8220;|600|||||||&#8220; header_3_font_size=&#8220;16px&#8220; header_3_line_height=&#8220;1.6em&#8220; global_colors_info=&#8220;{}&#8220;]<\/p>\n<h3>Vorteile der Off-Grid-Verbindung von Photovoltaik mit NOEL-Pufferspeichern:<\/h3>\n<ul>\n<li><strong>Ersparnis<\/strong> &#8211; kostenlose Warmwasserversorgung von April bis September<\/li>\n<li><strong>Unabh\u00e4ngigkeit<\/strong> &#8211; vollst\u00e4ndige Unabh\u00e4ngigkeit von der \u00f6ffentlichen Strominfrastruktur und den Strompreisen<\/li>\n<li><strong>Kein Wartungsaufwand erforderlich<\/strong> &#8211; Die Installation erfordert keine j\u00e4hrlichen Wartungen und ist sehr langlebig, so dass Sie sie viele Jahre lang nutzen k\u00f6nnen<\/li>\n<\/ul>\n<p>[\/et_pb_text][\/et_pb_column][\/et_pb_row][\/et_pb_section]<\/p>\n","protected":false},"excerpt":{"rendered":"<p>W\u00e4rmespeicher und PhotovoltaikW\u00e4rmespeicher und Photovoltaik sind die ideale Kombination, die es erm\u00f6glicht, Solarenergie effizient f\u00fcr die Beheizung von H\u00e4usern und die Bereitstellung von Warmwasser zu nutzen. Der W\u00e4rmespeicher, ein Energiespeicher, erm\u00f6glicht die Speicherung der durch Photovoltaikpaneele erzeugten W\u00e4rmeenergie, indem er elektrische Energie in thermische Energie umwandelt.W\u00e4rmespeicher &#8211; Warum ist er in einer Photovoltaik-Anlage so wichtig?Der [&hellip;]<\/p>\n","protected":false},"author":2,"featured_media":0,"parent":0,"menu_order":0,"comment_status":"closed","ping_status":"closed","template":"","meta":{"_et_pb_use_builder":"on","_et_pb_old_content":"","_et_gb_content_width":"","footnotes":""},"difl_page_category":[],"class_list":["post-251196","page","type-page","status-publish","hentry"],"_links":{"self":[{"href":"https:\/\/www.noel.pl\/de\/wp-json\/wp\/v2\/pages\/251196","targetHints":{"allow":["GET"]}}],"collection":[{"href":"https:\/\/www.noel.pl\/de\/wp-json\/wp\/v2\/pages"}],"about":[{"href":"https:\/\/www.noel.pl\/de\/wp-json\/wp\/v2\/types\/page"}],"author":[{"embeddable":true,"href":"https:\/\/www.noel.pl\/de\/wp-json\/wp\/v2\/users\/2"}],"replies":[{"embeddable":true,"href":"https:\/\/www.noel.pl\/de\/wp-json\/wp\/v2\/comments?post=251196"}],"version-history":[{"count":2,"href":"https:\/\/www.noel.pl\/de\/wp-json\/wp\/v2\/pages\/251196\/revisions"}],"predecessor-version":[{"id":251198,"href":"https:\/\/www.noel.pl\/de\/wp-json\/wp\/v2\/pages\/251196\/revisions\/251198"}],"wp:attachment":[{"href":"https:\/\/www.noel.pl\/de\/wp-json\/wp\/v2\/media?parent=251196"}],"wp:term":[{"taxonomy":"difl_page_category","embeddable":true,"href":"https:\/\/www.noel.pl\/de\/wp-json\/wp\/v2\/difl_page_category?post=251196"}],"curies":[{"name":"wp","href":"https:\/\/api.w.org\/{rel}","templated":true}]}}