{"id":250903,"date":"2022-11-24T12:59:18","date_gmt":"2022-11-24T11:59:18","guid":{"rendered":"https:\/\/www.noel.pl\/datenschutzrichtlinien-in-formularen\/"},"modified":"2023-10-23T12:42:52","modified_gmt":"2023-10-23T10:42:52","slug":"datenschutzrichtlinien-in-formularen","status":"publish","type":"page","link":"https:\/\/www.noel.pl\/de\/datenschutzrichtlinien-in-formularen\/","title":{"rendered":"Datenschutzrichtlinien in Formularen"},"content":{"rendered":"<p>[et_pb_section fb_built=&#8220;1&#8243; _builder_version=&#8220;4.16&#8243; global_colors_info=&#8220;{}&#8220; da_is_popup=&#8220;off&#8220; da_exit_intent=&#8220;off&#8220; da_has_close=&#8220;on&#8220; da_alt_close=&#8220;off&#8220; da_dark_close=&#8220;off&#8220; da_not_modal=&#8220;on&#8220; da_is_singular=&#8220;off&#8220; da_with_loader=&#8220;off&#8220; da_has_shadow=&#8220;on&#8220; da_disable_devices=&#8220;off|off|off&#8220;][et_pb_row _builder_version=&#8220;4.16&#8243; background_size=&#8220;initial&#8220; background_position=&#8220;top_left&#8220; background_repeat=&#8220;repeat&#8220; global_colors_info=&#8220;{}&#8220;][et_pb_column type=&#8220;4_4&#8243; _builder_version=&#8220;4.16&#8243; custom_padding=&#8220;|||&#8220; global_colors_info=&#8220;{}&#8220; custom_padding__hover=&#8220;|||&#8220;][et_pb_text _builder_version=&#8220;4.16&#8243; background_size=&#8220;initial&#8220; background_position=&#8220;top_left&#8220; background_repeat=&#8220;repeat&#8220; global_colors_info=&#8220;{}&#8220;]<!-- divi:heading {\"level\":1} --><\/p>\n<h1 class=\"wp-block-heading\">Datenschutzrichtlinien in Kontaktformularen<\/h1>\n<p><!-- \/divi:heading --><br \/>\n<!-- divi:paragraph --><\/p>\n<p>Indem Sie die Datenschutzrichtlinien in den Kontaktformularen akzeptieren, erteilen Sie freiwillig Ihre Zustimmung zur Verarbeitung Ihrer personenbezogenen Daten, die in diesem Kontaktformular enthalten sind, durch das Unternehmen Noel Jacek Krzeszowiak, um Kontakt aufzunehmen und auf die von mir \u00fcber das elektronische Kontaktformular gesendete Nachricht zu antworten. Sie sind sich bewusst, dass Ihre personenbezogenen Daten gem\u00e4\u00df Artikel 6 Absatz 1 Buchstabe a der Verordnung (EU) 2016\/679 des Europ\u00e4ischen Parlaments und des Rates vom 27. April 2016 zum Schutz nat\u00fcrlicher Personen bei der Verarbeitung personenbezogener Daten und zum freien Datenverkehr sowie zur Aufhebung der Richtlinie 95\/46\/EG (Allgemeine Datenschutzverordnung) von der Zeit der Stellung der Frage bis zur Erledigung der Angelegenheit verarbeitet werden. Die Angabe Ihrer personenbezogenen Daten ist freiwillig, jedoch wird das Fehlen dieser Daten dem Administrator die Beantwortung der Korrespondenz unm\u00f6glich machen. Sie erkl\u00e4ren gleichzeitig, dass Sie Folgendes zur Kenntnis nehmen:<\/p>\n<p><!-- \/divi:paragraph --><br \/>\n<!-- divi:paragraph --><\/p>\n<p>1) Der Administrator der so erfassten personenbezogenen Daten ist das Unternehmen Noel Jacek Krzeszowiak. Kontaktinformationen: E-Mail: biuro@noel.pl, Telefon 71 666242;<\/p>\n<p><!-- \/divi:paragraph --><br \/>\n<!-- divi:paragraph --><\/p>\n<p>2) Meine Daten werden zur Durchf\u00fchrung der Ma\u00dfnahmen zur Aufnahme des Kontakts und zur Beantwortung meiner Frage verarbeitet;<\/p>\n<p><!-- \/divi:paragraph --><br \/>\n<!-- divi:paragraph --><\/p>\n<p>3) Meine Daten werden auf der Grundlage meiner Einwilligung zur Verarbeitung verarbeitet;<\/p>\n<p><!-- \/divi:paragraph --><br \/>\n<!-- divi:paragraph --><\/p>\n<p>4) Meine Daten werden verarbeitet, bis meine Frage beantwortet ist;<\/p>\n<p><!-- \/divi:paragraph --><br \/>\n<!-- divi:paragraph --><\/p>\n<p>5) Ich habe das Recht, meine Einwilligung zu widerrufen, Zugang zu meinen personenbezogenen Daten zu erhalten und deren Berichtigung, L\u00f6schung oder Einschr\u00e4nkung der Verarbeitung sowie die \u00dcbertragung meiner personenbezogenen Daten zu verlangen. Um von diesen Rechten Gebrauch zu machen, wenden Sie sich bitte an den Administrator. Die oben angegebenen Kontaktdaten finden Sie oben.<\/p>\n<p><!-- \/divi:paragraph -->[\/et_pb_text][\/et_pb_column][\/et_pb_row][et_pb_row _builder_version=&#8220;4.21.0&#8243; _module_preset=&#8220;default&#8220;][et_pb_column _builder_version=&#8220;4.21.0&#8243; _module_preset=&#8220;default&#8220; type=&#8220;4_4&#8243;][\/et_pb_column][\/et_pb_row][\/et_pb_section]<\/p>\n","protected":false},"excerpt":{"rendered":"<p>Datenschutzrichtlinien in Kontaktformularen Indem Sie die Datenschutzrichtlinien in den Kontaktformularen akzeptieren, erteilen Sie freiwillig Ihre Zustimmung zur Verarbeitung Ihrer personenbezogenen Daten, die in diesem Kontaktformular enthalten sind, durch das Unternehmen Noel Jacek Krzeszowiak, um Kontakt aufzunehmen und auf die von mir \u00fcber das elektronische Kontaktformular gesendete Nachricht zu antworten. Sie sind sich bewusst, dass Ihre [&hellip;]<\/p>\n","protected":false},"author":2,"featured_media":0,"parent":0,"menu_order":0,"comment_status":"closed","ping_status":"closed","template":"","meta":{"_et_pb_use_builder":"on","_et_pb_old_content":"","_et_gb_content_width":"","footnotes":""},"difl_page_category":[],"class_list":["post-250903","page","type-page","status-publish","hentry"],"_links":{"self":[{"href":"https:\/\/www.noel.pl\/de\/wp-json\/wp\/v2\/pages\/250903","targetHints":{"allow":["GET"]}}],"collection":[{"href":"https:\/\/www.noel.pl\/de\/wp-json\/wp\/v2\/pages"}],"about":[{"href":"https:\/\/www.noel.pl\/de\/wp-json\/wp\/v2\/types\/page"}],"author":[{"embeddable":true,"href":"https:\/\/www.noel.pl\/de\/wp-json\/wp\/v2\/users\/2"}],"replies":[{"embeddable":true,"href":"https:\/\/www.noel.pl\/de\/wp-json\/wp\/v2\/comments?post=250903"}],"version-history":[{"count":2,"href":"https:\/\/www.noel.pl\/de\/wp-json\/wp\/v2\/pages\/250903\/revisions"}],"predecessor-version":[{"id":250905,"href":"https:\/\/www.noel.pl\/de\/wp-json\/wp\/v2\/pages\/250903\/revisions\/250905"}],"wp:attachment":[{"href":"https:\/\/www.noel.pl\/de\/wp-json\/wp\/v2\/media?parent=250903"}],"wp:term":[{"taxonomy":"difl_page_category","embeddable":true,"href":"https:\/\/www.noel.pl\/de\/wp-json\/wp\/v2\/difl_page_category?post=250903"}],"curies":[{"name":"wp","href":"https:\/\/api.w.org\/{rel}","templated":true}]}}